{"id":97,"date":"2015-01-11T18:02:03","date_gmt":"2015-01-11T10:02:03","guid":{"rendered":"http:\/\/siliconcarbide.net\/?page_id=97"},"modified":"2017-10-12T08:15:26","modified_gmt":"2017-10-12T00:15:26","slug":"kali%cc%87te-kontrol","status":"publish","type":"page","link":"https:\/\/siliconcarbide.net\/tr\/quality-control\/","title":{"rendered":"Kalite Kontrol"},"content":{"rendered":"<p>\n\t\u00dcretim s\u0131ras\u0131nda s\u00fcrekli kalite kontrol\u00fc, iyi kalitenin ve m\u00fc\u015fterilerimizin memnuniyetinin garantisidir. M\u00fc\u015fterilerimizin spesifikasyonlar\u0131n\u0131 ve \u00e7izimlerini kar\u015f\u0131lamak kalite kontrol\u00fcm\u00fcz\u00fcn temelidir. \u00dcr\u00fcnleri incelemek i\u00e7in bir\u00e7ok yol ve ekipman kullan\u0131yoruz. Ayr\u0131ca \u00fcretim i\u00e7in her ad\u0131m\u0131 kontrol ediyoruz ve verileri izlenebilirlik amac\u0131yla saklayaca\u011f\u0131z.\n<\/p>\n<p>\n\t<!--more-->\n<\/p>\n<p>\n\tErken tasar\u0131m a\u015famas\u0131ndan itibaren uygun malzeme se\u00e7iminde<br \/>\n\ten uygun maliyetli \u00fcretim rotas\u0131n\u0131n se\u00e7ilmesinde<br \/>\n\tM\u00fc\u015fteri hizmetlerimiz ve \u00fcr\u00fcnlerimiz i\u00e7in y\u00fcksek kalite standartlar\u0131 sa\u011flamada<br \/>\n\ts\u00fcre\u00e7lerimizin tam izlenebilirli\u011finin garanti alt\u0131na al\u0131nmas\u0131nda<br \/>\n\tve kalite sistemimizi s\u00fcrekli olarak daha y\u00fcksek verimlili\u011fe ta\u015f\u0131mak bir kurald\u0131r\n<\/p>\n<p>\n\t\u00e7e\u015fitli a\u015f\u0131r\u0131 a\u015f\u0131nd\u0131r\u0131c\u0131 a\u015f\u0131nma, korozyon, y\u00fcksek s\u0131cakl\u0131k ve termal \u015fok uygulama gereksinimlerini kar\u015f\u0131lamak i\u00e7in m\u00fckemmel performans sunmak \u00fczere kendi silisyum karb\u00fcr seramiklerimizi tasarl\u0131yor, geli\u015ftiriyor ve \u00fcretiyoruz. Silisyum karb\u00fcr seramiklerimiz a\u015fa\u011f\u0131daki avantajlar\u0131 sunar:<br \/>\n\t\u0130statistiksel olarak tasarlanm\u0131\u015f y\u00f6ntemlerle malzeme form\u00fclasyonu.<br \/>\n\tTutarl\u0131, y\u00fcksek kaliteli hammaddelerin \u00f6zel kullan\u0131m\u0131.<br \/>\n\t\u015eirket i\u00e7i kal\u0131p yap\u0131m\u0131, dahili olarak geli\u015ftirilmi\u015f, h\u0131zl\u0131 prototipleme, CNC freze ekipman\u0131 dahil olmak \u00fczere \u00e7oklu malzemeler.<br \/>\n\tTutarl\u0131 y\u00fcksek kalite ve esneklik i\u00e7in kurum i\u00e7i \u00e7al\u0131\u015fma tak\u0131mlar\u0131.<br \/>\n\tT\u00fcm \u00fcretim operasyonu boyunca s\u00fcre\u00e7 kontrolleri ve izleme detaylar\u0131.<br \/>\n\tPi\u015firme tutarl\u0131l\u0131\u011f\u0131n\u0131 ve bekletme s\u00fcresini ve di\u011ferlerini optimize eden f\u0131r\u0131n kontrolleri; tamamlanan her d\u00f6ng\u00fc i\u00e7in izlenen sonu\u00e7lar\u0131n do\u011frulanmas\u0131.\n<\/p>\n<p>\n\tL\u00fctfen reaksiyona ba\u011fl\u0131 silisyum karb\u00fcr seramik i\u00e7in g\u00f6stergeleri bulun\n<\/p>\n<p>\n\t<a href=\"http:\/\/siliconcarbide.net\/wp-content\/uploads\/2015\/01\/Reaction-Bonded-silicon-carbide-ceramic-indicator.pdf\">Reaksiyon Ba\u011flant\u0131l\u0131 silisyum karb\u00fcr seramik g\u00f6sterge<\/a>(PDF dosyas\u0131)\n<\/p>\n<p>\n\tL\u00fctfen Sinterlenmi\u015f Silisyum Karb\u00fcr Seramik i\u00e7in g\u00f6stergeleri bulun\n<\/p>\n<p>\n\t<a href=\"http:\/\/siliconcarbide.net\/wp-content\/uploads\/2015\/01\/Sintered-Silicon-Carbide-Ceramic-indicator.pdf\">Sinterlenmi\u015f Silisyum Karb\u00fcr Seramik g\u00f6sterge<\/a>(PDF dosyas\u0131)\n<\/p>\n<p>\n\t<a href=\"http:\/\/siliconcarbide.net\/wp-content\/uploads\/2015\/01\/reaction-bonded-silicon-carbide.jpg\"><img decoding=\"async\" alt=\"reaksiyon ba\u011fl\u0131 silisyum karb\u00fcr\" class=\"alignnone size-full wp-image-271 lazyload\" height=\"824\" data-src=\"http:\/\/siliconcarbide.net\/wp-content\/uploads\/2015\/01\/reaction-bonded-silicon-carbide.jpg\" width=\"628\" src=\"data:image\/gif;base64,R0lGODlhAQABAAAAACH5BAEKAAEALAAAAAABAAEAAAICTAEAOw==\" style=\"--smush-placeholder-width: 628px; --smush-placeholder-aspect-ratio: 628\/824;\" \/><\/a>\n<\/p>\n<p>\n\t<a href=\"http:\/\/siliconcarbide.net\/wp-content\/uploads\/2015\/01\/silicon-carbide-ceramic-function.jpg\"><img decoding=\"async\" alt=\"silisyum karb\u00fcr seramik i\u015flevi\" class=\"alignnone size-full wp-image-220 lazyload\" height=\"602\" data-src=\"http:\/\/siliconcarbide.net\/wp-content\/uploads\/2015\/01\/silicon-carbide-ceramic-function.jpg\" width=\"617\" src=\"data:image\/gif;base64,R0lGODlhAQABAAAAACH5BAEKAAEALAAAAAABAAEAAAICTAEAOw==\" style=\"--smush-placeholder-width: 617px; --smush-placeholder-aspect-ratio: 617\/602;\" \/><\/a><\/p>","protected":false},"excerpt":{"rendered":"<p>The constant quality control during manufacturing is the guarantee for the good quality and for the satisfaction of our customer. Meeting the specifications and drawings of our customers are the basis of our quality control. We use many ways and equipment to inspect for products. Also we control every step for producing.We will store&nbsp; data [&hellip;]<\/p>\n","protected":false},"author":1,"featured_media":0,"parent":0,"menu_order":0,"comment_status":"closed","ping_status":"open","template":"","meta":{"ngg_post_thumbnail":0,"footnotes":""},"class_list":["post-97","page","type-page","status-publish","hentry"],"aioseo_notices":[],"_links":{"self":[{"href":"https:\/\/siliconcarbide.net\/tr\/wp-json\/wp\/v2\/pages\/97","targetHints":{"allow":["GET"]}}],"collection":[{"href":"https:\/\/siliconcarbide.net\/tr\/wp-json\/wp\/v2\/pages"}],"about":[{"href":"https:\/\/siliconcarbide.net\/tr\/wp-json\/wp\/v2\/types\/page"}],"author":[{"embeddable":true,"href":"https:\/\/siliconcarbide.net\/tr\/wp-json\/wp\/v2\/users\/1"}],"replies":[{"embeddable":true,"href":"https:\/\/siliconcarbide.net\/tr\/wp-json\/wp\/v2\/comments?post=97"}],"version-history":[{"count":0,"href":"https:\/\/siliconcarbide.net\/tr\/wp-json\/wp\/v2\/pages\/97\/revisions"}],"wp:attachment":[{"href":"https:\/\/siliconcarbide.net\/tr\/wp-json\/wp\/v2\/media?parent=97"}],"curies":[{"name":"wp","href":"https:\/\/api.w.org\/{rel}","templated":true}]}}