{"id":9,"date":"2013-08-25T11:29:05","date_gmt":"2013-08-25T03:29:05","guid":{"rendered":"http:\/\/siliconcarbide.net\/?page_id=9"},"modified":"2022-01-23T13:32:48","modified_gmt":"2022-01-23T05:32:48","slug":"hakkinda","status":"publish","type":"page","link":"https:\/\/siliconcarbide.net\/tr\/about\/","title":{"rendered":"Hakk\u0131nda"},"content":{"rendered":"<p>\u00c7in'de \u015eangay'day\u0131z, sinterlenmi\u015f silisyum karb\u00fcr seramik, reaksiyona ba\u011fl\u0131 silisyum karb\u00fcr seramik gibi silisyum karb\u00fcr seramik tasar\u0131m\u0131 ve tedarikinde uzman\u0131z. daha sonra zor problemlerden ka\u00e7\u0131nmak i\u00e7in projenizi bizimle erken g\u00f6r\u00fc\u015fmenizi \u00f6neririz. her malzemenin faydalar\u0131n\u0131 belirtece\u011fiz ve uygun olan \u00e7e\u015fitli i\u015fleme tekniklerini tart\u0131\u015faca\u011f\u0131z. silisyum karb\u00fcr, silika kumu ve karbonun f\u0131r\u0131n tekni\u011finde y\u00fcksek s\u0131cakl\u0131klara \u0131s\u0131t\u0131lmas\u0131yla \u00fcretilen insan yap\u0131m\u0131 bir malzemedir. Silisyum karb\u00fcr son derece sert bir malzemedir (Mohs sertli\u011fi 9), kimyasal olarak inerttir ve erimez. y\u00fcksek termal iletkenli\u011fe, d\u00fc\u015f\u00fck termal genle\u015fme katsay\u0131s\u0131na sahiptir, termal \u015foka ve a\u015f\u0131nmaya dayan\u0131kl\u0131d\u0131r ve y\u00fcksek s\u0131cakl\u0131klarda mukavemete sahiptir. Silisyum karb\u00fcr\u00fcn \u00e7e\u015fitli \u00f6zellikleri onu bir\u00e7ok farkl\u0131 uygulamada etkili bir malzeme haline getirir. bize ihtiyac\u0131n\u0131z\u0131 s\u00f6yleyin, biz degsin ve sizin i\u00e7in en iyi \u00fcr\u00fcn\u00fc tedarik. Herhangi bir yorumunuz bizim i\u00e7in en b\u00fcy\u00fck destektir. \u0130yile\u015ftirme asla bitmeyecek \u0130htiya\u00e7 dahil sorgunuza ho\u015f geldiniz! \u00dcretim s\u0131ras\u0131nda s\u00fcrekli kalite kontrol\u00fc, iyi kalitenin ve m\u00fc\u015fterimizin memnuniyetinin garantisidir. M\u00fc\u015fterilerimizin spesifikasyonlar\u0131n\u0131 ve \u00e7izimlerini kar\u015f\u0131lamak kalite kontrol\u00fcm\u00fcz\u00fcn temelidir. \u00dcr\u00fcnleri incelemek i\u00e7in bir\u00e7ok yol ve ekipman kullan\u0131yoruz. Ayr\u0131ca \u00fcretim i\u00e7in her ad\u0131m\u0131 kontrol ediyoruz. izlenebilirlik amac\u0131yla kalite verilerini saklayaca\u011f\u0131z. Gereksinimler ve yorumlar dahil olmak \u00fczere sorgunuzu almaya ho\u015f geldiniz!<\/p>\n<p><a href=\"http:\/\/siliconcarbide.net\/wp-content\/uploads\/2013\/08\/sisic-ceramic.jpg\"><img decoding=\"async\" class=\"size-full wp-image-280 aligncenter lazyload\" data-src=\"http:\/\/siliconcarbide.net\/wp-content\/uploads\/2013\/08\/sisic-ceramic.jpg\" alt=\"sisic seramik\" width=\"853\" height=\"640\" data-srcset=\"https:\/\/siliconcarbide.net\/wp-content\/uploads\/2013\/08\/sisic-ceramic.jpg 853w, https:\/\/siliconcarbide.net\/wp-content\/uploads\/2013\/08\/sisic-ceramic-300x225.jpg 300w, https:\/\/siliconcarbide.net\/wp-content\/uploads\/2013\/08\/sisic-ceramic-768x576.jpg 768w\" data-sizes=\"(max-width: 853px) 100vw, 853px\" src=\"data:image\/gif;base64,R0lGODlhAQABAAAAACH5BAEKAAEALAAAAAABAAEAAAICTAEAOw==\" style=\"--smush-placeholder-width: 853px; --smush-placeholder-aspect-ratio: 853\/640;\" \/><\/a><\/p>","protected":false},"excerpt":{"rendered":"<p>We are in shanghai in china,specializing in designing and supplying Silicon Carbide Ceramic,such as sintered silicon carbide ceramic,reaction bonded silicon carbide ceramic.We encourage you to discuss your project with us early to avoid difficult problems later.We will specify benefits of each material and discuss various processing techniques which is suitable.Silicon carbide is a man-made material [&hellip;]<\/p>\n","protected":false},"author":1,"featured_media":0,"parent":0,"menu_order":0,"comment_status":"closed","ping_status":"closed","template":"","meta":{"ngg_post_thumbnail":0,"footnotes":""},"class_list":["post-9","page","type-page","status-publish","hentry"],"aioseo_notices":[],"_links":{"self":[{"href":"https:\/\/siliconcarbide.net\/tr\/wp-json\/wp\/v2\/pages\/9","targetHints":{"allow":["GET"]}}],"collection":[{"href":"https:\/\/siliconcarbide.net\/tr\/wp-json\/wp\/v2\/pages"}],"about":[{"href":"https:\/\/siliconcarbide.net\/tr\/wp-json\/wp\/v2\/types\/page"}],"author":[{"embeddable":true,"href":"https:\/\/siliconcarbide.net\/tr\/wp-json\/wp\/v2\/users\/1"}],"replies":[{"embeddable":true,"href":"https:\/\/siliconcarbide.net\/tr\/wp-json\/wp\/v2\/comments?post=9"}],"version-history":[{"count":4,"href":"https:\/\/siliconcarbide.net\/tr\/wp-json\/wp\/v2\/pages\/9\/revisions"}],"predecessor-version":[{"id":484,"href":"https:\/\/siliconcarbide.net\/tr\/wp-json\/wp\/v2\/pages\/9\/revisions\/484"}],"wp:attachment":[{"href":"https:\/\/siliconcarbide.net\/tr\/wp-json\/wp\/v2\/media?parent=9"}],"curies":[{"name":"wp","href":"https:\/\/api.w.org\/{rel}","templated":true}]}}