{"id":79,"date":"2014-11-30T20:29:59","date_gmt":"2014-11-30T12:29:59","guid":{"rendered":"http:\/\/siliconcarbide.net\/?page_id=79"},"modified":"2018-03-28T21:32:54","modified_gmt":"2018-03-28T13:32:54","slug":"sisic-sogutma-hava-borulari","status":"publish","type":"page","link":"https:\/\/siliconcarbide.net\/tr\/sisic-cooling-air-pipes\/","title":{"rendered":"SISIC So\u011futma Hava Borular\u0131"},"content":{"rendered":"<p>\n\t<a href=\"http:\/\/siliconcarbide.net\/tr\/sisic-sogutma-hava-borulari\/\">Reaksiyon ba\u011fl\u0131 silisyum karb\u00fcr<\/a>silikonize silisyum karb\u00fcr veya SiSiC olarak da bilinen, g\u00f6zenekli karbon veya grafit ile erimi\u015f silisyum aras\u0131ndaki kimyasal reaksiyonla \u00fcretilen bir sic t\u00fcr\u00fcd\u00fcr.\n<\/p>\n<p>\n\tSISIC So\u011futma Havas\u0131 borular\u0131, merdaneli ocak f\u0131r\u0131nlar\u0131n\u0131n so\u011futma alan\u0131 i\u00e7in kullan\u0131l\u0131r Bu t\u00fcr silisyum karb\u00fcr boru, h\u0131zl\u0131 so\u011futmada m\u00fckemmel performans g\u00f6sterir ve bu t\u00fcr sic t\u00fcp i\u00e7in uzun s\u00fcreli uygulamalarda bile deformasyon olmaz. Bu t\u00fcr silisyum karb\u00fcr borunun \u00e7al\u0131\u015fma \u00f6mr\u00fc paslanmaz \u00e7elik borular\u0131n 10 kat\u0131ndan fazlad\u0131r.\n<\/p>\n<p>\n\t<a href=\"http:\/\/siliconcarbide.net\/wp-content\/uploads\/2014\/11\/SISIC-Cooling-Air-pipes.jpg\"><img decoding=\"async\" alt=\"SISIC So\u011futma Hava Borular\u0131\" class=\"alignnone size-full wp-image-80 lazyload\" height=\"350\" data-src=\"http:\/\/siliconcarbide.net\/wp-content\/uploads\/2014\/11\/SISIC-Cooling-Air-pipes.jpg\" width=\"500\" data-srcset=\"https:\/\/siliconcarbide.net\/wp-content\/uploads\/2014\/11\/SISIC-Cooling-Air-pipes.jpg 500w, https:\/\/siliconcarbide.net\/wp-content\/uploads\/2014\/11\/SISIC-Cooling-Air-pipes-300x210.jpg 300w\" data-sizes=\"(max-width: 500px) 100vw, 500px\" src=\"data:image\/gif;base64,R0lGODlhAQABAAAAACH5BAEKAAEALAAAAAABAAEAAAICTAEAOw==\" style=\"--smush-placeholder-width: 500px; --smush-placeholder-aspect-ratio: 500\/350;\" \/><\/a>\n<\/p>\n<p>\n\t&nbsp;<\/p>","protected":false},"excerpt":{"rendered":"<p>Reaction bonded silicon carbide, also known as siliconized silicon carbide or SiSiC, is a type of sic that is manufactured by a chemical reaction between porous carbon or graphite with molten silicon. SISIC Cooling Air pipes&nbsp;are used for the cooling area of roller hearth kilns.This kind silicon carbide pipe display excellent performance in rapid cooling.And [&hellip;]<\/p>\n","protected":false},"author":1,"featured_media":0,"parent":0,"menu_order":0,"comment_status":"closed","ping_status":"open","template":"","meta":{"ngg_post_thumbnail":0,"footnotes":""},"class_list":["post-79","page","type-page","status-publish","hentry"],"aioseo_notices":[],"_links":{"self":[{"href":"https:\/\/siliconcarbide.net\/tr\/wp-json\/wp\/v2\/pages\/79","targetHints":{"allow":["GET"]}}],"collection":[{"href":"https:\/\/siliconcarbide.net\/tr\/wp-json\/wp\/v2\/pages"}],"about":[{"href":"https:\/\/siliconcarbide.net\/tr\/wp-json\/wp\/v2\/types\/page"}],"author":[{"embeddable":true,"href":"https:\/\/siliconcarbide.net\/tr\/wp-json\/wp\/v2\/users\/1"}],"replies":[{"embeddable":true,"href":"https:\/\/siliconcarbide.net\/tr\/wp-json\/wp\/v2\/comments?post=79"}],"version-history":[{"count":0,"href":"https:\/\/siliconcarbide.net\/tr\/wp-json\/wp\/v2\/pages\/79\/revisions"}],"wp:attachment":[{"href":"https:\/\/siliconcarbide.net\/tr\/wp-json\/wp\/v2\/media?parent=79"}],"curies":[{"name":"wp","href":"https:\/\/api.w.org\/{rel}","templated":true}]}}