{"id":75,"date":"2014-01-09T20:39:18","date_gmt":"2014-01-09T12:39:18","guid":{"rendered":"http:\/\/siliconcarbide.net\/?page_id=75"},"modified":"2021-06-15T15:43:37","modified_gmt":"2021-06-15T07:43:37","slug":"sic-capraz-kirisler","status":"publish","type":"page","link":"https:\/\/siliconcarbide.net\/tr\/sic-cross-beams\/","title":{"rendered":"SIC \u00c7apraz Kiri\u015fler"},"content":{"rendered":"<p>silisyum karb\u00fcr kiri\u015fler 1380 C'de \u00e7al\u0131\u015f\u0131r, \u00e7apraz kiri\u015fin teknik parametreleri de\u011fi\u015fmeden kal\u0131r.sisic kiri\u015f y\u00fcksek mukavemet, y\u00fcksek sertlik, y\u00fcksek s\u0131cakl\u0131k direnci, a\u015f\u0131nma direnci, korozyon direnci, oksidasyon direnci, \u0131s\u0131 direnci, iyi termal \u015fok direnci, iyi termal iletkenlik ve y\u00fcksek termal verimlili\u011fe sahiptir.reaksiyon ba\u011fl\u0131 silisyum karb\u00fcrden yap\u0131lan sic kiri\u015fler, t\u00fcnel f\u0131r\u0131nlar\u0131n, mekik f\u0131r\u0131nlar\u0131n ve di\u011fer bir\u00e7ok end\u00fcstriyel f\u0131r\u0131n\u0131n y\u00fckleme yap\u0131s\u0131 sistemleri i\u00e7in kullan\u0131l\u0131r. silisyum karb\u00fcr kiri\u015fler daha y\u00fcksek mukavemete sahiptir ve \u00e7ok y\u00fcksek s\u0131cakl\u0131kta bile deformasyon olmaz.<!--more-->Ayr\u0131ca bu t\u00fcr silisyum karb\u00fcr raflar uzun \u00e7al\u0131\u015fma \u00f6mr\u00fc g\u00f6sterir. Reaksiyona ba\u011fl\u0131 silisyum karb\u00fcr seramik kiri\u015fler, vitrifiye ve elektrikli porselen uygulamalar\u0131 i\u00e7in en uygun f\u0131r\u0131n mobilyalar\u0131d\u0131r. <a href=\"http:\/\/siliconcarbide.net\/tr\/reaksiyon-bagli-silisyum-karbur\/sic-capraz-kirisler\/\">SiSiC \u0131\u015f\u0131n<\/a> m\u00fckemmel \u0131s\u0131 iletkenli\u011fine sahiptir, bu nedenle enerji tasarrufu i\u00e7in kullan\u0131labilir. \u0130htiyac\u0131n\u0131za g\u00f6re sisik \u0131\u015f\u0131n yapabiliriz.<\/p>\n<p><a href=\"http:\/\/siliconcarbide.net\/wp-content\/uploads\/2014\/01\/silicon-carbide-ceramic-Cross-Beams.jpg\"><img decoding=\"async\" class=\"alignnone size-full wp-image-74 lazyload\" data-src=\"http:\/\/siliconcarbide.net\/wp-content\/uploads\/2014\/01\/silicon-carbide-ceramic-Cross-Beams.jpg\" alt=\"silisyum karb\u00fcr seramik \u00c7apraz Kiri\u015fler\" width=\"350\" height=\"209\" data-srcset=\"https:\/\/siliconcarbide.net\/wp-content\/uploads\/2014\/01\/silicon-carbide-ceramic-Cross-Beams.jpg 350w, https:\/\/siliconcarbide.net\/wp-content\/uploads\/2014\/01\/silicon-carbide-ceramic-Cross-Beams-300x179.jpg 300w\" data-sizes=\"(max-width: 350px) 100vw, 350px\" src=\"data:image\/gif;base64,R0lGODlhAQABAAAAACH5BAEKAAEALAAAAAABAAEAAAICTAEAOw==\" style=\"--smush-placeholder-width: 350px; --smush-placeholder-aspect-ratio: 350\/209;\" \/><\/a><\/p>","protected":false},"excerpt":{"rendered":"<p>sisic beam has high bearing capacity at high temperature, long-term use without bending deformation.silicon carbide beams works at 1380 C,technical parameters of the cross beam remain unchanged.sisic beam has high strength, high hardness, high temperature resistance, wear resistance, corrosion resistance, oxidation resistance, heat resistance, good thermal shock resistance, good thermal conductivity and high thermal efficiency.sic [&hellip;]<\/p>\n","protected":false},"author":1,"featured_media":0,"parent":0,"menu_order":0,"comment_status":"closed","ping_status":"open","template":"","meta":{"ngg_post_thumbnail":0,"footnotes":""},"class_list":["post-75","page","type-page","status-publish","hentry"],"aioseo_notices":[],"_links":{"self":[{"href":"https:\/\/siliconcarbide.net\/tr\/wp-json\/wp\/v2\/pages\/75","targetHints":{"allow":["GET"]}}],"collection":[{"href":"https:\/\/siliconcarbide.net\/tr\/wp-json\/wp\/v2\/pages"}],"about":[{"href":"https:\/\/siliconcarbide.net\/tr\/wp-json\/wp\/v2\/types\/page"}],"author":[{"embeddable":true,"href":"https:\/\/siliconcarbide.net\/tr\/wp-json\/wp\/v2\/users\/1"}],"replies":[{"embeddable":true,"href":"https:\/\/siliconcarbide.net\/tr\/wp-json\/wp\/v2\/comments?post=75"}],"version-history":[{"count":0,"href":"https:\/\/siliconcarbide.net\/tr\/wp-json\/wp\/v2\/pages\/75\/revisions"}],"wp:attachment":[{"href":"https:\/\/siliconcarbide.net\/tr\/wp-json\/wp\/v2\/media?parent=75"}],"curies":[{"name":"wp","href":"https:\/\/api.w.org\/{rel}","templated":true}]}}