{"id":21,"date":"2013-10-01T16:12:18","date_gmt":"2013-10-01T08:12:18","guid":{"rendered":"http:\/\/siliconcarbide.net\/?page_id=21"},"modified":"2025-11-27T23:25:44","modified_gmt":"2025-11-27T15:25:44","slug":"iletisim","status":"publish","type":"page","link":"https:\/\/siliconcarbide.net\/tr\/contact\/","title":{"rendered":"\u0130leti\u015fim"},"content":{"rendered":"<div class=\"company-header__name-wrapper vertical-middle\">\n<h1 class=\"company-header__name vertical-middle-inner\">Shanghai Ceratek Silicon Carbide Technology Co, Limited<\/h1>\n<\/div>\n<h3>Adres (\u015eanghay Ofisi)<br \/>\nJiaHui Plaza,Lane 2601,XieTu Yolu,XuHui B\u00f6lgesi,\u015eangay,\u00c7in<\/h3>\n<h3>E-posta adresi:<\/h3>\n<h3><a href=\"mailto:info@siliconcarbide.net\"><strong>info@siliconcarbide.net<\/strong><\/a><\/h3>\n<h3>Telefon numaras\u0131:+86 13472677819<\/h3>\n<h3>\u00c7inli personelimiz yak\u0131nda size cevap verecektir, te\u015fekk\u00fcrler.<\/h3>","protected":false},"excerpt":{"rendered":"<p>Shanghai Ceratek Silicon Carbide Technology Co, Limited Adres (shanghai ofisi) JiaHui Plaza, Lane 2601, XieTu Road, XuHui Area, Shanghai, \u00c7in E-posta adresi: info@siliconcarbide.net Telefon numaras\u0131: +86 13472677819 \u00c7inli personelimiz yak\u0131nda size cevap verecektir, te\u015fekk\u00fcrler.<\/p>","protected":false},"author":1,"featured_media":0,"parent":0,"menu_order":0,"comment_status":"closed","ping_status":"closed","template":"","meta":{"ngg_post_thumbnail":0,"footnotes":""},"class_list":["post-21","page","type-page","status-publish","hentry"],"aioseo_notices":[],"_links":{"self":[{"href":"https:\/\/siliconcarbide.net\/tr\/wp-json\/wp\/v2\/pages\/21","targetHints":{"allow":["GET"]}}],"collection":[{"href":"https:\/\/siliconcarbide.net\/tr\/wp-json\/wp\/v2\/pages"}],"about":[{"href":"https:\/\/siliconcarbide.net\/tr\/wp-json\/wp\/v2\/types\/page"}],"author":[{"embeddable":true,"href":"https:\/\/siliconcarbide.net\/tr\/wp-json\/wp\/v2\/users\/1"}],"replies":[{"embeddable":true,"href":"https:\/\/siliconcarbide.net\/tr\/wp-json\/wp\/v2\/comments?post=21"}],"version-history":[{"count":3,"href":"https:\/\/siliconcarbide.net\/tr\/wp-json\/wp\/v2\/pages\/21\/revisions"}],"predecessor-version":[{"id":665,"href":"https:\/\/siliconcarbide.net\/tr\/wp-json\/wp\/v2\/pages\/21\/revisions\/665"}],"wp:attachment":[{"href":"https:\/\/siliconcarbide.net\/tr\/wp-json\/wp\/v2\/media?parent=21"}],"curies":[{"name":"wp","href":"https:\/\/api.w.org\/{rel}","templated":true}]}}