{"id":115,"date":"2015-07-11T16:14:30","date_gmt":"2015-07-11T08:14:30","guid":{"rendered":"http:\/\/siliconcarbide.net\/?page_id=115"},"modified":"2016-11-29T23:55:08","modified_gmt":"2016-11-29T15:55:08","slug":"galeri","status":"publish","type":"page","link":"https:\/\/siliconcarbide.net\/tr\/gallery\/","title":{"rendered":"Galeri"},"content":{"rendered":"<p>\n\tL\u00fctfen reaksiyona ba\u011fl\u0131 silisyum karb\u00fcr seramik foto\u011fraflar\u0131n\u0131 bulun, y\u00fczeydeki silikon tozunu g\u00f6rebilirsiniz. silikon tozunu \u00e7\u0131karaca\u011f\u0131z.\n<\/p>\n<p>\n\t<strong>ngg_shortcode_0_placeholder<\/strong>\n<\/p>\n<p>\n\t&nbsp;\n<\/p>\n<p>\n\tL\u00fctfen SSiC olarak da adland\u0131r\u0131lan sinterlenmi\u015f silisyum karb\u00fcr serami\u011fin foto\u011fraflar\u0131n\u0131 bulun, i\u015flevi reaksiyona ba\u011fl\u0131 sic'den daha iyidir, ancak ssic i\u00e7in fiyat daha y\u00fcksektir.\n<\/p>\n<p>\n\t<strong>ngg_shortcode_1_placeholder<\/strong>\n<\/p>\n<p>\n\t&nbsp;\n<\/p>\n<p>\n\t&nbsp;<\/p>","protected":false},"excerpt":{"rendered":"<p>L\u00fctfen reaksiyona ba\u011fl\u0131 silisyum karb\u00fcr seramik foto\u011fraflar\u0131n\u0131 bulun, y\u00fczeydeki silikon tozunu g\u00f6rebilirsiniz. silikon tozunu \u00e7\u0131karaca\u011f\u0131z.   L\u00fctfen SSiC olarak da adland\u0131r\u0131lan sinterlenmi\u015f silisyum karb\u00fcr serami\u011fin foto\u011fraflar\u0131n\u0131 bulun, i\u015flevi reaksiyona ba\u011fl\u0131 sic'den daha iyidir, ancak ssic i\u00e7in fiyat daha y\u00fcksektir. &nbsp; &nbsp;<\/p>","protected":false},"author":1,"featured_media":0,"parent":0,"menu_order":0,"comment_status":"closed","ping_status":"open","template":"page-full.php","meta":{"ngg_post_thumbnail":0,"footnotes":""},"class_list":["post-115","page","type-page","status-publish","hentry"],"aioseo_notices":[],"_links":{"self":[{"href":"https:\/\/siliconcarbide.net\/tr\/wp-json\/wp\/v2\/pages\/115","targetHints":{"allow":["GET"]}}],"collection":[{"href":"https:\/\/siliconcarbide.net\/tr\/wp-json\/wp\/v2\/pages"}],"about":[{"href":"https:\/\/siliconcarbide.net\/tr\/wp-json\/wp\/v2\/types\/page"}],"author":[{"embeddable":true,"href":"https:\/\/siliconcarbide.net\/tr\/wp-json\/wp\/v2\/users\/1"}],"replies":[{"embeddable":true,"href":"https:\/\/siliconcarbide.net\/tr\/wp-json\/wp\/v2\/comments?post=115"}],"version-history":[{"count":0,"href":"https:\/\/siliconcarbide.net\/tr\/wp-json\/wp\/v2\/pages\/115\/revisions"}],"wp:attachment":[{"href":"https:\/\/siliconcarbide.net\/tr\/wp-json\/wp\/v2\/media?parent=115"}],"curies":[{"name":"wp","href":"https:\/\/api.w.org\/{rel}","templated":true}]}}