{"id":97,"date":"2015-01-11T18:02:03","date_gmt":"2015-01-11T10:02:03","guid":{"rendered":"http:\/\/siliconcarbide.net\/?page_id=97"},"modified":"2017-10-12T08:15:26","modified_gmt":"2017-10-12T00:15:26","slug":"kvalitetskontroll","status":"publish","type":"page","link":"https:\/\/siliconcarbide.net\/sv\/quality-control\/","title":{"rendered":"Kvalitetskontroll"},"content":{"rendered":"<p>\n\tDen st\u00e4ndiga kvalitetskontrollen under tillverkningen \u00e4r en garanti f\u00f6r god kvalitet och f\u00f6r att v\u00e5ra kunder blir n\u00f6jda. Att uppfylla v\u00e5ra kunders specifikationer och ritningar \u00e4r grunden f\u00f6r v\u00e5r kvalitetskontroll. Vi anv\u00e4nder m\u00e5nga s\u00e4tt och utrustning f\u00f6r att inspektera f\u00f6r produkter. Vi kontrollerar ocks\u00e5 varje steg f\u00f6r att producera.vi kommer att lagra data f\u00f6r sp\u00e5rbarhets\u00e4ndam\u00e5l.\n<\/p>\n<p>\n\t<!--more-->\n<\/p>\n<p>\n\tatt v\u00e4lja l\u00e4mpligt material redan i det tidiga designstadiet<br \/>\n\tvid val av den mest kostnadseffektiva tillverkningsv\u00e4gen<br \/>\n\tgenom att tillhandah\u00e5lla h\u00f6ga kvalitetsstandarder f\u00f6r v\u00e5r kundservice och v\u00e5ra produkter<br \/>\n\tgenom att garantera full sp\u00e5rbarhet i v\u00e5ra processer<br \/>\n\toch att kontinuerligt driva v\u00e5rt kvalitetssystem till h\u00f6gre effektivitet \u00e4r en regel\n<\/p>\n<p>\n\tVi designar, utvecklar och tillverkar v\u00e5r egen kiselkarbidkeramik f\u00f6r att leverera utm\u00e4rkta prestanda som uppfyller en m\u00e4ngd olika krav p\u00e5 applikationer med extremt abrasivt slitage, korrosion, h\u00f6ga temperaturer och termisk chock. V\u00e5r kiselkarbidkeramik erbjuder f\u00f6ljande f\u00f6rdelar:<br \/>\n\tMaterialformulering genom statistiskt utformade metoder.<br \/>\n\tExklusiv anv\u00e4ndning av konsekventa r\u00e5varor av h\u00f6g kvalitet.<br \/>\n\tEgen formtillverkning, internt utvecklad, multimaterial inklusive snabb prototypframtagning, CNC-fr\u00e4sutrustning.<br \/>\n\tEgna arbetsverktyg f\u00f6r j\u00e4mn och h\u00f6g kvalitet och flexibilitet.<br \/>\n\tProcesstyrning och \u00f6vervakning av detaljer under hela tillverkningsprocessen.<br \/>\n\tUgnsstyrning som optimerar br\u00e4nningens j\u00e4mnhet och h\u00e5lltid m.m.; verifiering av resultaten \u00f6vervakas f\u00f6r varje avslutad cykel.\n<\/p>\n<p>\n\tV\u00e4nligen hitta indikatorerna f\u00f6r reaktionsbunden kiselkarbidkeramik\n<\/p>\n<p>\n\t<a href=\"http:\/\/siliconcarbide.net\/wp-content\/uploads\/2015\/01\/Reaction-Bonded-silicon-carbide-ceramic-indicator.pdf\">Reaktionsbunden kiselkarbidkeramisk indikator<\/a>(PDF-fil)\n<\/p>\n<p>\n\tV\u00e4nligen hitta indikatorerna f\u00f6r Sintrad kiselkarbidkeramik\n<\/p>\n<p>\n\t<a href=\"http:\/\/siliconcarbide.net\/wp-content\/uploads\/2015\/01\/Sintered-Silicon-Carbide-Ceramic-indicator.pdf\">Sintrad kiselkarbidkeramisk indikator<\/a>(PDF-fil)\n<\/p>\n<p>\n\t<a href=\"http:\/\/siliconcarbide.net\/wp-content\/uploads\/2015\/01\/reaction-bonded-silicon-carbide.jpg\"><img decoding=\"async\" alt=\"reaktionsbunden kiselkarbid\" class=\"alignnone size-full wp-image-271 lazyload\" height=\"824\" data-src=\"http:\/\/siliconcarbide.net\/wp-content\/uploads\/2015\/01\/reaction-bonded-silicon-carbide.jpg\" width=\"628\" src=\"data:image\/gif;base64,R0lGODlhAQABAAAAACH5BAEKAAEALAAAAAABAAEAAAICTAEAOw==\" style=\"--smush-placeholder-width: 628px; --smush-placeholder-aspect-ratio: 628\/824;\" \/><\/a>\n<\/p>\n<p>\n\t<a href=\"http:\/\/siliconcarbide.net\/wp-content\/uploads\/2015\/01\/silicon-carbide-ceramic-function.jpg\"><img decoding=\"async\" alt=\"kiselkarbid keramisk funktion\" class=\"alignnone size-full wp-image-220 lazyload\" height=\"602\" data-src=\"http:\/\/siliconcarbide.net\/wp-content\/uploads\/2015\/01\/silicon-carbide-ceramic-function.jpg\" width=\"617\" src=\"data:image\/gif;base64,R0lGODlhAQABAAAAACH5BAEKAAEALAAAAAABAAEAAAICTAEAOw==\" style=\"--smush-placeholder-width: 617px; --smush-placeholder-aspect-ratio: 617\/602;\" \/><\/a><\/p>","protected":false},"excerpt":{"rendered":"<p>The constant quality control during manufacturing is the guarantee for the good quality and for the satisfaction of our customer. Meeting the specifications and drawings of our customers are the basis of our quality control. We use many ways and equipment to inspect for products. Also we control every step for producing.We will store&nbsp; data [&hellip;]<\/p>\n","protected":false},"author":1,"featured_media":0,"parent":0,"menu_order":0,"comment_status":"closed","ping_status":"open","template":"","meta":{"ngg_post_thumbnail":0,"footnotes":""},"class_list":["post-97","page","type-page","status-publish","hentry"],"aioseo_notices":[],"_links":{"self":[{"href":"https:\/\/siliconcarbide.net\/sv\/wp-json\/wp\/v2\/pages\/97","targetHints":{"allow":["GET"]}}],"collection":[{"href":"https:\/\/siliconcarbide.net\/sv\/wp-json\/wp\/v2\/pages"}],"about":[{"href":"https:\/\/siliconcarbide.net\/sv\/wp-json\/wp\/v2\/types\/page"}],"author":[{"embeddable":true,"href":"https:\/\/siliconcarbide.net\/sv\/wp-json\/wp\/v2\/users\/1"}],"replies":[{"embeddable":true,"href":"https:\/\/siliconcarbide.net\/sv\/wp-json\/wp\/v2\/comments?post=97"}],"version-history":[{"count":0,"href":"https:\/\/siliconcarbide.net\/sv\/wp-json\/wp\/v2\/pages\/97\/revisions"}],"wp:attachment":[{"href":"https:\/\/siliconcarbide.net\/sv\/wp-json\/wp\/v2\/media?parent=97"}],"curies":[{"name":"wp","href":"https:\/\/api.w.org\/{rel}","templated":true}]}}