{"id":9,"date":"2013-08-25T11:29:05","date_gmt":"2013-08-25T03:29:05","guid":{"rendered":"http:\/\/siliconcarbide.net\/?page_id=9"},"modified":"2022-01-23T13:32:48","modified_gmt":"2022-01-23T05:32:48","slug":"om","status":"publish","type":"page","link":"https:\/\/siliconcarbide.net\/sv\/about\/","title":{"rendered":"Om"},"content":{"rendered":"<p>Vi \u00e4r i Shanghai i Kina, specialiserade p\u00e5 att designa och leverera kiselkarbidkeramik, s\u00e5som sintrad kiselkarbidkeramik, reaktionsbunden kiselkarbidkeramik.Vi uppmuntrar dig att diskutera ditt projekt med oss tidigt f\u00f6r att undvika sv\u00e5ra problem senare.Vi kommer att ange f\u00f6rdelarna med varje material och diskutera olika bearbetningstekniker som \u00e4r l\u00e4mpliga.Kiselkarbid \u00e4r ett konstgjort material som tillverkas genom att v\u00e4rma kiselsand och kol till h\u00f6ga temperaturer i ugnstekniken. Kiselkarbid \u00e4r ett extremt h\u00e5rt material (Mohs h\u00e5rdhet 9), \u00e4r kemiskt inert och sm\u00e4lter inte.Kiselkarbid har en h\u00f6g v\u00e4rmeledningsf\u00f6rm\u00e5ga, en l\u00e5g termisk expansionskoefficient, \u00e4r motst\u00e5ndskraftig mot termisk chock och n\u00f6tning och har styrka vid h\u00f6ga temperaturer. Kiselkarbidens varierade egenskaper g\u00f6r det till ett effektivt material i m\u00e5nga olika applikationer. Du ber\u00e4ttar f\u00f6r oss ditt krav, vi degsin och levererar den b\u00e4sta produkten f\u00f6r dig. Dina eventuella kommentarer \u00e4r det mest st\u00f6d f\u00f6r oss. F\u00f6rb\u00e4ttringen kommer aldrig att sluta.V\u00e4lkommen till din f\u00f6rfr\u00e5gan inklusive krav!Den st\u00e4ndiga kvalitetskontrollen under tillverkningen \u00e4r garantin f\u00f6r god kvalitet och f\u00f6r v\u00e5r kunds tillfredsst\u00e4llelse. Att uppfylla specifikationerna och ritningarna f\u00f6r v\u00e5ra kunder \u00e4r grunden f\u00f6r v\u00e5r kvalitetskontroll. Vi anv\u00e4nder m\u00e5nga s\u00e4tt och utrustning f\u00f6r att inspektera f\u00f6r produkter. Vi kontrollerar ocks\u00e5 varje steg f\u00f6r att producera. Vi kommer att lagra kvalitetsdata f\u00f6r sp\u00e5rbarhets\u00e4ndam\u00e5l. V\u00e4lkommen att ta emot din f\u00f6rfr\u00e5gan inklusive krav och kommentarer!<\/p>\n<p><a href=\"http:\/\/siliconcarbide.net\/wp-content\/uploads\/2013\/08\/sisic-ceramic.jpg\"><img decoding=\"async\" class=\"size-full wp-image-280 aligncenter lazyload\" data-src=\"http:\/\/siliconcarbide.net\/wp-content\/uploads\/2013\/08\/sisic-ceramic.jpg\" alt=\"sisic keramik\" width=\"853\" height=\"640\" data-srcset=\"https:\/\/siliconcarbide.net\/wp-content\/uploads\/2013\/08\/sisic-ceramic.jpg 853w, https:\/\/siliconcarbide.net\/wp-content\/uploads\/2013\/08\/sisic-ceramic-300x225.jpg 300w, https:\/\/siliconcarbide.net\/wp-content\/uploads\/2013\/08\/sisic-ceramic-768x576.jpg 768w\" data-sizes=\"(max-width: 853px) 100vw, 853px\" src=\"data:image\/gif;base64,R0lGODlhAQABAAAAACH5BAEKAAEALAAAAAABAAEAAAICTAEAOw==\" style=\"--smush-placeholder-width: 853px; --smush-placeholder-aspect-ratio: 853\/640;\" \/><\/a><\/p>","protected":false},"excerpt":{"rendered":"<p>We are in shanghai in china,specializing in designing and supplying Silicon Carbide Ceramic,such as sintered silicon carbide ceramic,reaction bonded silicon carbide ceramic.We encourage you to discuss your project with us early to avoid difficult problems later.We will specify benefits of each material and discuss various processing techniques which is suitable.Silicon carbide is a man-made material [&hellip;]<\/p>\n","protected":false},"author":1,"featured_media":0,"parent":0,"menu_order":0,"comment_status":"closed","ping_status":"closed","template":"","meta":{"ngg_post_thumbnail":0,"footnotes":""},"class_list":["post-9","page","type-page","status-publish","hentry"],"aioseo_notices":[],"_links":{"self":[{"href":"https:\/\/siliconcarbide.net\/sv\/wp-json\/wp\/v2\/pages\/9","targetHints":{"allow":["GET"]}}],"collection":[{"href":"https:\/\/siliconcarbide.net\/sv\/wp-json\/wp\/v2\/pages"}],"about":[{"href":"https:\/\/siliconcarbide.net\/sv\/wp-json\/wp\/v2\/types\/page"}],"author":[{"embeddable":true,"href":"https:\/\/siliconcarbide.net\/sv\/wp-json\/wp\/v2\/users\/1"}],"replies":[{"embeddable":true,"href":"https:\/\/siliconcarbide.net\/sv\/wp-json\/wp\/v2\/comments?post=9"}],"version-history":[{"count":4,"href":"https:\/\/siliconcarbide.net\/sv\/wp-json\/wp\/v2\/pages\/9\/revisions"}],"predecessor-version":[{"id":484,"href":"https:\/\/siliconcarbide.net\/sv\/wp-json\/wp\/v2\/pages\/9\/revisions\/484"}],"wp:attachment":[{"href":"https:\/\/siliconcarbide.net\/sv\/wp-json\/wp\/v2\/media?parent=9"}],"curies":[{"name":"wp","href":"https:\/\/api.w.org\/{rel}","templated":true}]}}