{"id":75,"date":"2014-01-09T20:39:18","date_gmt":"2014-01-09T12:39:18","guid":{"rendered":"http:\/\/siliconcarbide.net\/?page_id=75"},"modified":"2021-06-15T15:43:37","modified_gmt":"2021-06-15T07:43:37","slug":"sic-tvarbalkar","status":"publish","type":"page","link":"https:\/\/siliconcarbide.net\/sv\/sic-cross-beams\/","title":{"rendered":"SIC tv\u00e4rbalkar"},"content":{"rendered":"<p>sisic-balken har h\u00f6g b\u00e4rf\u00f6rm\u00e5ga vid h\u00f6g temperatur, l\u00e5ngvarig anv\u00e4ndning utan b\u00f6jdeformation.kiselkarbidbalkar fungerar vid 1380 C, tekniska parametrar f\u00f6r tv\u00e4rbalken f\u00f6rblir of\u00f6r\u00e4ndrade.sisic-balken har h\u00f6g h\u00e5llfasthet, h\u00f6g h\u00e5rdhet, h\u00f6g temperaturbest\u00e4ndighet, slitstyrka, korrosionsbest\u00e4ndighet, oxidationsbest\u00e4ndighet, v\u00e4rmebest\u00e4ndighet, god termisk chockmotst\u00e5nd, god v\u00e4rmeledningsf\u00f6rm\u00e5ga och h\u00f6g termisk effektivitet.sic-balkar tillverkade av reaktionsbunden kiselkarbid anv\u00e4nds f\u00f6r lastkonstruktionssystem f\u00f6r tunnelugnar, skyttelugnar och m\u00e5nga andra industriella ugnar. kiselkarbidbalkar har h\u00f6gre h\u00e5llfasthet och det finns inga deformationer \u00e4ven vid mycket h\u00f6g temperatur.<!--more-->Och \u00e4ven denna typ av kiselkarbidhyllor visar l\u00e5ng livsl\u00e4ngd. Reaktionsbundna kiselkarbidkeramikbalkar \u00e4r de l\u00e4mpligaste ugnsm\u00f6blerna f\u00f6r sanitetskl\u00e4der och elektriska porslinstill\u00e4mpningar. <a href=\"http:\/\/siliconcarbide.net\/sv\/reaktionsbunden-kiselkarbid\/sic-tvarbalkar\/\">SiSiC-str\u00e5le<\/a> har utm\u00e4rkt v\u00e4rmeledningsf\u00f6rm\u00e5ga, s\u00e5 det \u00e4r tillg\u00e4ngligt f\u00f6r att spara energi.vi kan g\u00f6ra sisic str\u00e5le enligt ditt krav.<\/p>\n<p><a href=\"http:\/\/siliconcarbide.net\/wp-content\/uploads\/2014\/01\/silicon-carbide-ceramic-Cross-Beams.jpg\"><img decoding=\"async\" class=\"alignnone size-full wp-image-74 lazyload\" data-src=\"http:\/\/siliconcarbide.net\/wp-content\/uploads\/2014\/01\/silicon-carbide-ceramic-Cross-Beams.jpg\" alt=\"tv\u00e4rbalkar av kiselkarbidkeramik\" width=\"350\" height=\"209\" data-srcset=\"https:\/\/siliconcarbide.net\/wp-content\/uploads\/2014\/01\/silicon-carbide-ceramic-Cross-Beams.jpg 350w, https:\/\/siliconcarbide.net\/wp-content\/uploads\/2014\/01\/silicon-carbide-ceramic-Cross-Beams-300x179.jpg 300w\" data-sizes=\"(max-width: 350px) 100vw, 350px\" src=\"data:image\/gif;base64,R0lGODlhAQABAAAAACH5BAEKAAEALAAAAAABAAEAAAICTAEAOw==\" style=\"--smush-placeholder-width: 350px; --smush-placeholder-aspect-ratio: 350\/209;\" \/><\/a><\/p>","protected":false},"excerpt":{"rendered":"<p>sisic beam has high bearing capacity at high temperature, long-term use without bending deformation.silicon carbide beams works at 1380 C,technical parameters of the cross beam remain unchanged.sisic beam has high strength, high hardness, high temperature resistance, wear resistance, corrosion resistance, oxidation resistance, heat resistance, good thermal shock resistance, good thermal conductivity and high thermal efficiency.sic [&hellip;]<\/p>\n","protected":false},"author":1,"featured_media":0,"parent":0,"menu_order":0,"comment_status":"closed","ping_status":"open","template":"","meta":{"ngg_post_thumbnail":0,"footnotes":""},"class_list":["post-75","page","type-page","status-publish","hentry"],"aioseo_notices":[],"_links":{"self":[{"href":"https:\/\/siliconcarbide.net\/sv\/wp-json\/wp\/v2\/pages\/75","targetHints":{"allow":["GET"]}}],"collection":[{"href":"https:\/\/siliconcarbide.net\/sv\/wp-json\/wp\/v2\/pages"}],"about":[{"href":"https:\/\/siliconcarbide.net\/sv\/wp-json\/wp\/v2\/types\/page"}],"author":[{"embeddable":true,"href":"https:\/\/siliconcarbide.net\/sv\/wp-json\/wp\/v2\/users\/1"}],"replies":[{"embeddable":true,"href":"https:\/\/siliconcarbide.net\/sv\/wp-json\/wp\/v2\/comments?post=75"}],"version-history":[{"count":0,"href":"https:\/\/siliconcarbide.net\/sv\/wp-json\/wp\/v2\/pages\/75\/revisions"}],"wp:attachment":[{"href":"https:\/\/siliconcarbide.net\/sv\/wp-json\/wp\/v2\/media?parent=75"}],"curies":[{"name":"wp","href":"https:\/\/api.w.org\/{rel}","templated":true}]}}