{"id":115,"date":"2015-07-11T16:14:30","date_gmt":"2015-07-11T08:14:30","guid":{"rendered":"http:\/\/siliconcarbide.net\/?page_id=115"},"modified":"2016-11-29T23:55:08","modified_gmt":"2016-11-29T15:55:08","slug":"galleri","status":"publish","type":"page","link":"https:\/\/siliconcarbide.net\/sv\/gallery\/","title":{"rendered":"Galleri"},"content":{"rendered":"<p>\n\tV\u00e4nligen hitta bilder av reaktionsbunden kiselkarbidkeramik, du kan se kiselpulvret p\u00e5 ytan. Vi tar bort kiselpulvret.\n<\/p>\n<p>\n\t<strong>ngg_shortcode_0_placeholder<\/strong>\n<\/p>\n<p>\n\t&nbsp;\n<\/p>\n<p>\n\tV\u00e4nligen hitta bilder av sintrad kiselkarbidkeramik, \u00e4ven kallad SSiC. Funktionen \u00e4r b\u00e4ttre \u00e4n reaktionsbunden sic. Men priset f\u00f6r ssic \u00e4r h\u00f6gre.\n<\/p>\n<p>\n\t<strong>ngg_shortcode_1_placeholder<\/strong>\n<\/p>\n<p>\n\t&nbsp;\n<\/p>\n<p>\n\t&nbsp;<\/p>","protected":false},"excerpt":{"rendered":"<p>Please find photos of reaction bonded silicon carbide ceramic,you can see the silicon powder on the surface.We will remove the silicon powder. &nbsp; Please find photos of sintered silicon carbide ceramic,also called SSiC.The function is better than reaction bonded sic.But price for ssic is higher. &nbsp; &nbsp;<\/p>","protected":false},"author":1,"featured_media":0,"parent":0,"menu_order":0,"comment_status":"closed","ping_status":"open","template":"page-full.php","meta":{"ngg_post_thumbnail":0,"footnotes":""},"class_list":["post-115","page","type-page","status-publish","hentry"],"aioseo_notices":[],"_links":{"self":[{"href":"https:\/\/siliconcarbide.net\/sv\/wp-json\/wp\/v2\/pages\/115","targetHints":{"allow":["GET"]}}],"collection":[{"href":"https:\/\/siliconcarbide.net\/sv\/wp-json\/wp\/v2\/pages"}],"about":[{"href":"https:\/\/siliconcarbide.net\/sv\/wp-json\/wp\/v2\/types\/page"}],"author":[{"embeddable":true,"href":"https:\/\/siliconcarbide.net\/sv\/wp-json\/wp\/v2\/users\/1"}],"replies":[{"embeddable":true,"href":"https:\/\/siliconcarbide.net\/sv\/wp-json\/wp\/v2\/comments?post=115"}],"version-history":[{"count":0,"href":"https:\/\/siliconcarbide.net\/sv\/wp-json\/wp\/v2\/pages\/115\/revisions"}],"wp:attachment":[{"href":"https:\/\/siliconcarbide.net\/sv\/wp-json\/wp\/v2\/media?parent=115"}],"curies":[{"name":"wp","href":"https:\/\/api.w.org\/{rel}","templated":true}]}}