{"id":97,"date":"2015-01-11T18:02:03","date_gmt":"2015-01-11T10:02:03","guid":{"rendered":"http:\/\/siliconcarbide.net\/?page_id=97"},"modified":"2017-10-12T08:15:26","modified_gmt":"2017-10-12T00:15:26","slug":"kontrolli-i-cilesise","status":"publish","type":"page","link":"https:\/\/siliconcarbide.net\/sq\/quality-control\/","title":{"rendered":"Kontrolli i Cil\u00ebsis\u00eb"},"content":{"rendered":"<p>\n\tKontrolli i vazhduesh\u00ebm i cil\u00ebsis\u00eb gjat\u00eb prodhimit \u00ebsht\u00eb garancia p\u00ebr cil\u00ebsin\u00eb e mir\u00eb dhe p\u00ebr k\u00ebnaq\u00ebsin\u00eb e klientit ton\u00eb. P\u00ebrmbushja e specifikimeve dhe vizatimeve t\u00eb klient\u00ebve tan\u00eb \u00ebsht\u00eb baza e kontrollit ton\u00eb t\u00eb cil\u00ebsis\u00eb. Ne p\u00ebrdorim shum\u00eb m\u00ebnyra dhe pajisje p\u00ebr t\u00eb inspektuar produktet. Gjithashtu, ne kontrollojm\u00eb \u00e7do hap t\u00eb prodhimit. Ne do t\u00eb ruajm\u00eb t\u00eb dh\u00ebnat p\u00ebr q\u00ebllime t\u00eb gjurmueshm\u00ebris\u00eb.\n<\/p>\n<p>\n\t<!--more-->\n<\/p>\n<p>\n\tn\u00eb zgjedhjen e materialit t\u00eb p\u00ebrshtatsh\u00ebm q\u00eb n\u00eb faz\u00ebn e hershme t\u00eb projektimit<br \/>\n\tn\u00eb zgjedhjen e rrug\u00ebs m\u00eb me kosto efektive t\u00eb prodhimit<br \/>\n\tn\u00eb ofrimin e standardeve t\u00eb larta t\u00eb cil\u00ebsis\u00eb p\u00ebr sh\u00ebrbimin ndaj klientit dhe produktet tona<br \/>\n\tn\u00eb garantimin e gjurmueshm\u00ebris\u00eb s\u00eb plot\u00eb t\u00eb proceseve tona<br \/>\n\tdhe nxitja e vazhdueshme e sistemit ton\u00eb t\u00eb cil\u00ebsis\u00eb drejt efikasitetit m\u00eb t\u00eb lart\u00eb \u00ebsht\u00eb nj\u00eb rregull\n<\/p>\n<p>\n\tNe projektojm\u00eb, zhvillojm\u00eb dhe prodhojm\u00eb vet\u00eb qeramikat tona prej karbidi silikoni p\u00ebr t\u00eb ofruar performanc\u00eb t\u00eb shk\u00eblqyer dhe p\u00ebr t\u00eb p\u00ebrmbushur k\u00ebrkesat e ndryshme t\u00eb aplikacioneve ekstreme p\u00ebr konsum nga g\u00ebrryerja, korrozion, temperatura t\u00eb larta dhe shok termik. Qeramika jon\u00eb prej karbidi silikoni ofron avantazhet e m\u00ebposhtme:<br \/>\n\tFormulimi i materialeve me metoda t\u00eb dizajnuara statistikisht.<br \/>\n\tP\u00ebrdorimi ekskluziv i l\u00ebnd\u00ebve t\u00eb para t\u00eb q\u00ebndrueshme dhe me cil\u00ebsi t\u00eb lart\u00eb.<br \/>\n\tProdhim i formave brenda kompanis\u00eb, t\u00eb zhvilluara n\u00eb m\u00ebnyr\u00eb t\u00eb brendshme, me materiale t\u00eb shumta, duke p\u00ebrfshir\u00eb prototipim t\u00eb shpejt\u00eb, pajisje CNC p\u00ebr rrug\u00ebtim.<br \/>\n\tMjetet e pun\u00ebs s\u00eb brendshme p\u00ebr cil\u00ebsi t\u00eb lart\u00eb t\u00eb q\u00ebndrueshme dhe fleksibilitet.<br \/>\n\tKontrollet e procesit dhe detajet e monitorimit gjat\u00eb gjith\u00eb operacionit t\u00eb prodhimit.<br \/>\n\tKontrollet e furr\u00ebs q\u00eb optimizojn\u00eb q\u00ebndrueshm\u00ebrin\u00eb e djegies, koh\u00ebn e mbajtjes dhe parametra t\u00eb tjer\u00eb; verifikimi i rezultateve monitorohet p\u00ebr \u00e7do cik\u00ebl t\u00eb p\u00ebrfunduar.\n<\/p>\n<p>\n\tJu lutemi gjeni treguesit p\u00ebr qeramik\u00ebn e karbhidit t\u00eb silikonit t\u00eb lidhur me reaksion.\n<\/p>\n<p>\n\t<a href=\"http:\/\/siliconcarbide.net\/wp-content\/uploads\/2015\/01\/Reaction-Bonded-silicon-carbide-ceramic-indicator.pdf\">Indikator qeramik prej karbidi silikoni t\u00eb lidhur me reaksion<\/a>(Skedar PDF)\n<\/p>\n<p>\n\tJu lutemi gjeni treguesit p\u00ebr qeramik\u00ebn sinteruese t\u00eb karbidi silikoni.\n<\/p>\n<p>\n\t<a href=\"http:\/\/siliconcarbide.net\/wp-content\/uploads\/2015\/01\/Sintered-Silicon-Carbide-Ceramic-indicator.pdf\">Indikator prej karbidi silikoni t\u00eb sinteruar<\/a>(Skedar PDF)\n<\/p>\n<p>\n\t<a href=\"http:\/\/siliconcarbide.net\/wp-content\/uploads\/2015\/01\/reaction-bonded-silicon-carbide.jpg\"><img decoding=\"async\" alt=\"karbidi i silicit i lidhur me reaksion\" class=\"alignnone size-full wp-image-271 lazyload\" height=\"824\" data-src=\"http:\/\/siliconcarbide.net\/wp-content\/uploads\/2015\/01\/reaction-bonded-silicon-carbide.jpg\" width=\"628\" src=\"data:image\/gif;base64,R0lGODlhAQABAAAAACH5BAEKAAEALAAAAAABAAEAAAICTAEAOw==\" style=\"--smush-placeholder-width: 628px; --smush-placeholder-aspect-ratio: 628\/824;\" \/><\/a>\n<\/p>\n<p>\n\t<a href=\"http:\/\/siliconcarbide.net\/wp-content\/uploads\/2015\/01\/silicon-carbide-ceramic-function.jpg\"><img decoding=\"async\" alt=\"Funksioni i qeramik\u00ebs s\u00eb karbidit t\u00eb silikonit\" class=\"alignnone size-full wp-image-220 lazyload\" height=\"602\" data-src=\"http:\/\/siliconcarbide.net\/wp-content\/uploads\/2015\/01\/silicon-carbide-ceramic-function.jpg\" width=\"617\" src=\"data:image\/gif;base64,R0lGODlhAQABAAAAACH5BAEKAAEALAAAAAABAAEAAAICTAEAOw==\" style=\"--smush-placeholder-width: 617px; --smush-placeholder-aspect-ratio: 617\/602;\" \/><\/a><\/p>","protected":false},"excerpt":{"rendered":"<p>The constant quality control during manufacturing is the guarantee for the good quality and for the satisfaction of our customer. Meeting the specifications and drawings of our customers are the basis of our quality control. We use many ways and equipment to inspect for products. Also we control every step for producing.We will store&nbsp; data [&hellip;]<\/p>\n","protected":false},"author":1,"featured_media":0,"parent":0,"menu_order":0,"comment_status":"closed","ping_status":"open","template":"","meta":{"ngg_post_thumbnail":0,"footnotes":""},"class_list":["post-97","page","type-page","status-publish","hentry"],"aioseo_notices":[],"_links":{"self":[{"href":"https:\/\/siliconcarbide.net\/sq\/wp-json\/wp\/v2\/pages\/97","targetHints":{"allow":["GET"]}}],"collection":[{"href":"https:\/\/siliconcarbide.net\/sq\/wp-json\/wp\/v2\/pages"}],"about":[{"href":"https:\/\/siliconcarbide.net\/sq\/wp-json\/wp\/v2\/types\/page"}],"author":[{"embeddable":true,"href":"https:\/\/siliconcarbide.net\/sq\/wp-json\/wp\/v2\/users\/1"}],"replies":[{"embeddable":true,"href":"https:\/\/siliconcarbide.net\/sq\/wp-json\/wp\/v2\/comments?post=97"}],"version-history":[{"count":0,"href":"https:\/\/siliconcarbide.net\/sq\/wp-json\/wp\/v2\/pages\/97\/revisions"}],"wp:attachment":[{"href":"https:\/\/siliconcarbide.net\/sq\/wp-json\/wp\/v2\/media?parent=97"}],"curies":[{"name":"wp","href":"https:\/\/api.w.org\/{rel}","templated":true}]}}