{"id":9,"date":"2013-08-25T11:29:05","date_gmt":"2013-08-25T03:29:05","guid":{"rendered":"http:\/\/siliconcarbide.net\/?page_id=9"},"modified":"2022-01-23T13:32:48","modified_gmt":"2022-01-23T05:32:48","slug":"rreth","status":"publish","type":"page","link":"https:\/\/siliconcarbide.net\/sq\/about\/","title":{"rendered":"Rreth"},"content":{"rendered":"<p>Ne jemi n\u00eb Shanghai, Kin\u00eb, t\u00eb specializuar n\u00eb projektimin dhe furnizimin e qeramik\u00ebs s\u00eb karbidi silikoni, si qeramika e karbidi silikoni e sinteruar dhe qeramika e karbidi silikoni e lidhur me reaksion. Ju inkurajojm\u00eb t\u00eb diskutoni projektin tuaj me ne her\u00ebt p\u00ebr t\u00eb shmangur problemet e v\u00ebshtira m\u00eb von\u00eb. Ne do t\u00eb p\u00ebrshkruajm\u00eb p\u00ebrfitimet e \u00e7do materiali dhe do t\u00eb diskutojm\u00eb teknikat e ndryshme t\u00eb p\u00ebrpunimit q\u00eb jan\u00eb t\u00eb p\u00ebrshtatshme. Karbidi silikoni \u00ebsht\u00eb nj\u00eb material i prodhuar nga njeriu, i krijuar p\u00ebrmes ngrohjes s\u00eb r\u00ebr\u00ebs silik\u00eb dhe karbonit n\u00eb temperatura t\u00eb larta n\u00eb furr\u00eb. Karburidi i silicit \u00ebsht\u00eb nj\u00eb material jasht\u00ebzakonisht i fort\u00eb (fort\u00ebsia Mohs 9), kimikisht inert dhe nuk shkrin. Karburidi i silicit ka nj\u00eb konduktivitet t\u00eb lart\u00eb termik, nj\u00eb koeficient t\u00eb ul\u00ebt t\u00eb zgjerimit termik, \u00ebsht\u00eb rezistent ndaj goditjeve termike dhe g\u00ebrvishtjeve, dhe ka q\u00ebndrueshm\u00ebri n\u00eb temperatura t\u00eb larta. Vetit\u00eb e ndryshme t\u00eb karburidit t\u00eb silicit e b\u00ebjn\u00eb at\u00eb nj\u00eb material efektiv n\u00eb shum\u00eb aplikime t\u00eb ndryshme. Ju na tregoni k\u00ebrkesat tuaja, ne projektojm\u00eb dhe furnizojm\u00eb produktin m\u00eb t\u00eb mir\u00eb p\u00ebr ju. \u00c7do koment juaj \u00ebsht\u00eb mb\u00ebshtetja m\u00eb e madhe p\u00ebr ne. P\u00ebrmir\u00ebsimi nuk ka t\u00eb sosur. Ju mir\u00ebpresim t\u00eb na d\u00ebrgoni k\u00ebrkesat dhe komentet tuaja! Kontrolli i vazhduesh\u00ebm i cil\u00ebsis\u00eb gjat\u00eb prodhimit \u00ebsht\u00eb garancia p\u00ebr cil\u00ebsin\u00eb e mir\u00eb dhe p\u00ebr k\u00ebnaq\u00ebsin\u00eb e klientit ton\u00eb. P\u00ebrmbushja e specifikimeve dhe vizatimeve t\u00eb klient\u00ebve tan\u00eb \u00ebsht\u00eb baza e kontrollit ton\u00eb t\u00eb cil\u00ebsis\u00eb. Ne p\u00ebrdorim shum\u00eb m\u00ebnyra dhe pajisje p\u00ebr inspektimin e produkteve. Gjithashtu, ne kontrollojm\u00eb \u00e7do hap t\u00eb prodhimit. Ne do t\u00eb ruajm\u00eb t\u00eb dh\u00ebnat e cil\u00ebsis\u00eb p\u00ebr q\u00ebllime gjurmueshm\u00ebrie. Mir\u00eb se vini t\u00eb merrni k\u00ebrkesat, p\u00ebrfshir\u00eb k\u00ebrkesat dhe komentet tuaja!<\/p>\n<p><a href=\"http:\/\/siliconcarbide.net\/wp-content\/uploads\/2013\/08\/sisic-ceramic.jpg\"><img decoding=\"async\" class=\"size-full wp-image-280 aligncenter lazyload\" data-src=\"http:\/\/siliconcarbide.net\/wp-content\/uploads\/2013\/08\/sisic-ceramic.jpg\" alt=\"sisic qeramik\u00eb\" width=\"853\" height=\"640\" data-srcset=\"https:\/\/siliconcarbide.net\/wp-content\/uploads\/2013\/08\/sisic-ceramic.jpg 853w, https:\/\/siliconcarbide.net\/wp-content\/uploads\/2013\/08\/sisic-ceramic-300x225.jpg 300w, https:\/\/siliconcarbide.net\/wp-content\/uploads\/2013\/08\/sisic-ceramic-768x576.jpg 768w\" data-sizes=\"(max-width: 853px) 100vw, 853px\" src=\"data:image\/gif;base64,R0lGODlhAQABAAAAACH5BAEKAAEALAAAAAABAAEAAAICTAEAOw==\" style=\"--smush-placeholder-width: 853px; --smush-placeholder-aspect-ratio: 853\/640;\" \/><\/a><\/p>","protected":false},"excerpt":{"rendered":"<p>We are in shanghai in china,specializing in designing and supplying Silicon Carbide Ceramic,such as sintered silicon carbide ceramic,reaction bonded silicon carbide ceramic.We encourage you to discuss your project with us early to avoid difficult problems later.We will specify benefits of each material and discuss various processing techniques which is suitable.Silicon carbide is a man-made material [&hellip;]<\/p>\n","protected":false},"author":1,"featured_media":0,"parent":0,"menu_order":0,"comment_status":"closed","ping_status":"closed","template":"","meta":{"ngg_post_thumbnail":0,"footnotes":""},"class_list":["post-9","page","type-page","status-publish","hentry"],"aioseo_notices":[],"_links":{"self":[{"href":"https:\/\/siliconcarbide.net\/sq\/wp-json\/wp\/v2\/pages\/9","targetHints":{"allow":["GET"]}}],"collection":[{"href":"https:\/\/siliconcarbide.net\/sq\/wp-json\/wp\/v2\/pages"}],"about":[{"href":"https:\/\/siliconcarbide.net\/sq\/wp-json\/wp\/v2\/types\/page"}],"author":[{"embeddable":true,"href":"https:\/\/siliconcarbide.net\/sq\/wp-json\/wp\/v2\/users\/1"}],"replies":[{"embeddable":true,"href":"https:\/\/siliconcarbide.net\/sq\/wp-json\/wp\/v2\/comments?post=9"}],"version-history":[{"count":4,"href":"https:\/\/siliconcarbide.net\/sq\/wp-json\/wp\/v2\/pages\/9\/revisions"}],"predecessor-version":[{"id":484,"href":"https:\/\/siliconcarbide.net\/sq\/wp-json\/wp\/v2\/pages\/9\/revisions\/484"}],"wp:attachment":[{"href":"https:\/\/siliconcarbide.net\/sq\/wp-json\/wp\/v2\/media?parent=9"}],"curies":[{"name":"wp","href":"https:\/\/api.w.org\/{rel}","templated":true}]}}