{"id":79,"date":"2014-11-30T20:29:59","date_gmt":"2014-11-30T12:29:59","guid":{"rendered":"http:\/\/siliconcarbide.net\/?page_id=79"},"modified":"2018-03-28T21:32:54","modified_gmt":"2018-03-28T13:32:54","slug":"tubat-e-ajrit-per-ftohje-sisic","status":"publish","type":"page","link":"https:\/\/siliconcarbide.net\/sq\/sisic-cooling-air-pipes\/","title":{"rendered":"Tubat e ajrit t\u00eb ftohjes SISIC"},"content":{"rendered":"<p>\n\t<a href=\"http:\/\/siliconcarbide.net\/sq\/tubat-e-ajrit-per-ftohje-sisic\/\">Karbid silikoni i lidhur me reaksion<\/a>, i njohur gjithashtu si karbid silikoni silikonizuar ose SiSiC, \u00ebsht\u00eb nj\u00eb lloj sic q\u00eb prodhohet p\u00ebrmes nj\u00eb reaksioni kimik midis karbonit poroz ose grafitit me silikon t\u00eb shkrir\u00eb.\n<\/p>\n<p>\n\tTubat e ajrit p\u00ebr ftohje SISIC p\u00ebrdoren n\u00eb zon\u00ebn e ftohjes s\u00eb furrave me rul. Ky lloj tubi prej karbidi silikoni tregon performanc\u00eb t\u00eb shk\u00eblqyer n\u00eb ftohjen e shpejt\u00eb. Dhe nuk ka deformime as gjat\u00eb p\u00ebrdorimit afatgjat\u00eb t\u00eb k\u00ebtij tubi SISIC. Jeta operative e k\u00ebtij tubi prej karbidi silikoni \u00ebsht\u00eb m\u00eb shum\u00eb se 10 her\u00eb m\u00eb e gjat\u00eb se ajo e tubave prej \u00e7eliku inox.\n<\/p>\n<p>\n\t<a href=\"http:\/\/siliconcarbide.net\/wp-content\/uploads\/2014\/11\/SISIC-Cooling-Air-pipes.jpg\"><img decoding=\"async\" alt=\"Tubat e ajrit t\u00eb ftohjes SISIC\" class=\"alignnone size-full wp-image-80 lazyload\" height=\"350\" data-src=\"http:\/\/siliconcarbide.net\/wp-content\/uploads\/2014\/11\/SISIC-Cooling-Air-pipes.jpg\" width=\"500\" data-srcset=\"https:\/\/siliconcarbide.net\/wp-content\/uploads\/2014\/11\/SISIC-Cooling-Air-pipes.jpg 500w, https:\/\/siliconcarbide.net\/wp-content\/uploads\/2014\/11\/SISIC-Cooling-Air-pipes-300x210.jpg 300w\" data-sizes=\"(max-width: 500px) 100vw, 500px\" src=\"data:image\/gif;base64,R0lGODlhAQABAAAAACH5BAEKAAEALAAAAAABAAEAAAICTAEAOw==\" style=\"--smush-placeholder-width: 500px; --smush-placeholder-aspect-ratio: 500\/350;\" \/><\/a>\n<\/p>\n<p>\n\t&nbsp;<\/p>","protected":false},"excerpt":{"rendered":"<p>Reaction bonded silicon carbide, also known as siliconized silicon carbide or SiSiC, is a type of sic that is manufactured by a chemical reaction between porous carbon or graphite with molten silicon. SISIC Cooling Air pipes&nbsp;are used for the cooling area of roller hearth kilns.This kind silicon carbide pipe display excellent performance in rapid cooling.And [&hellip;]<\/p>\n","protected":false},"author":1,"featured_media":0,"parent":0,"menu_order":0,"comment_status":"closed","ping_status":"open","template":"","meta":{"ngg_post_thumbnail":0,"footnotes":""},"class_list":["post-79","page","type-page","status-publish","hentry"],"aioseo_notices":[],"_links":{"self":[{"href":"https:\/\/siliconcarbide.net\/sq\/wp-json\/wp\/v2\/pages\/79","targetHints":{"allow":["GET"]}}],"collection":[{"href":"https:\/\/siliconcarbide.net\/sq\/wp-json\/wp\/v2\/pages"}],"about":[{"href":"https:\/\/siliconcarbide.net\/sq\/wp-json\/wp\/v2\/types\/page"}],"author":[{"embeddable":true,"href":"https:\/\/siliconcarbide.net\/sq\/wp-json\/wp\/v2\/users\/1"}],"replies":[{"embeddable":true,"href":"https:\/\/siliconcarbide.net\/sq\/wp-json\/wp\/v2\/comments?post=79"}],"version-history":[{"count":0,"href":"https:\/\/siliconcarbide.net\/sq\/wp-json\/wp\/v2\/pages\/79\/revisions"}],"wp:attachment":[{"href":"https:\/\/siliconcarbide.net\/sq\/wp-json\/wp\/v2\/media?parent=79"}],"curies":[{"name":"wp","href":"https:\/\/api.w.org\/{rel}","templated":true}]}}