{"id":75,"date":"2014-01-09T20:39:18","date_gmt":"2014-01-09T12:39:18","guid":{"rendered":"http:\/\/siliconcarbide.net\/?page_id=75"},"modified":"2021-06-15T15:43:37","modified_gmt":"2021-06-15T07:43:37","slug":"trare-kryqezore","status":"publish","type":"page","link":"https:\/\/siliconcarbide.net\/sq\/sic-cross-beams\/","title":{"rendered":"Trar\u00ebt kryq\u00ebzor\u00eb SIC"},"content":{"rendered":"<p>Trar\u00ebt SiSiC kan\u00eb kapacitet t\u00eb lart\u00eb mbajt\u00ebs n\u00eb temperatura t\u00eb larta, p\u00ebrdorim afatgjat\u00eb pa deformim t\u00eb p\u00ebrkuljes. Trar\u00ebt nga karbidi i silikonit funksionojn\u00eb n\u00eb 1380 \u00b0C, parametrat teknik\u00eb t\u00eb trarit t\u00ebrthor mbesin t\u00eb pandryshuar.Trar\u00ebt e SiSiC kan\u00eb rezistenc\u00eb t\u00eb lart\u00eb, fort\u00ebsi t\u00eb lart\u00eb, rezistenc\u00eb ndaj temperaturave t\u00eb larta, rezistenc\u00eb ndaj konsumit, rezistenc\u00eb ndaj korrozionit, rezistenc\u00eb ndaj oksidimit, rezistenc\u00eb ndaj nxeht\u00ebsis\u00eb, rezistenc\u00eb t\u00eb mir\u00eb ndaj goditjeve termike, p\u00ebr\u00e7ueshm\u00ebri t\u00eb mir\u00eb termike dhe efikasitet t\u00eb lart\u00eb termik. Trar\u00ebt e karbidit t\u00eb silikonit t\u00eb prodhuar me metod\u00ebn e lidhjes reaktive p\u00ebrdoren n\u00eb sistemet e struktur\u00ebs mbart\u00ebse t\u00eb furrave tunel, furrave me karroc\u00eb dhe shum\u00eb furrave t\u00eb tjera industriale. Trar\u00ebt e karbidit t\u00eb silikonit kan\u00eb rezistenc\u00eb m\u00eb t\u00eb lart\u00eb dhe nuk p\u00ebsojn\u00eb deformime edhe n\u00eb temperatura shum\u00eb t\u00eb larta.<!--more-->Dhe gjithashtu, k\u00ebto lloj rafte prej karbidi silikoni ofrojn\u00eb nj\u00eb jet\u00ebgjat\u00ebsi operative t\u00eb gjat\u00eb. Trar\u00ebt qeramik\u00eb prej karbidi silikoni t\u00eb lidhur me reaksion jan\u00eb pajisjet m\u00eb t\u00eb p\u00ebrshtatshme t\u00eb furr\u00ebs p\u00ebr artikuj sanitar\u00eb dhe aplikime porcelani elektrik. <a href=\"http:\/\/siliconcarbide.net\/sq\/karbidi-i-silicit-i-lidhur-me-reaksion\/trare-kryqezore\/\">Trash\u00eb SiSiC<\/a> Ka p\u00ebr\u00e7ueshm\u00ebri t\u00eb shk\u00eblqyer termike, k\u00ebshtu q\u00eb mund\u00ebson kursimin e energjis\u00eb. Ne mund t\u00eb prodhojm\u00eb nj\u00eb rreze SiSiC sipas k\u00ebrkesave tuaja.<\/p>\n<p><a href=\"http:\/\/siliconcarbide.net\/wp-content\/uploads\/2014\/01\/silicon-carbide-ceramic-Cross-Beams.jpg\"><img decoding=\"async\" class=\"alignnone size-full wp-image-74 lazyload\" data-src=\"http:\/\/siliconcarbide.net\/wp-content\/uploads\/2014\/01\/silicon-carbide-ceramic-Cross-Beams.jpg\" alt=\"Trar\u00eb kryq\u00ebzuar prej karbidi silikoni\" width=\"350\" height=\"209\" data-srcset=\"https:\/\/siliconcarbide.net\/wp-content\/uploads\/2014\/01\/silicon-carbide-ceramic-Cross-Beams.jpg 350w, https:\/\/siliconcarbide.net\/wp-content\/uploads\/2014\/01\/silicon-carbide-ceramic-Cross-Beams-300x179.jpg 300w\" data-sizes=\"(max-width: 350px) 100vw, 350px\" src=\"data:image\/gif;base64,R0lGODlhAQABAAAAACH5BAEKAAEALAAAAAABAAEAAAICTAEAOw==\" style=\"--smush-placeholder-width: 350px; --smush-placeholder-aspect-ratio: 350\/209;\" \/><\/a><\/p>","protected":false},"excerpt":{"rendered":"<p>sisic beam has high bearing capacity at high temperature, long-term use without bending deformation.silicon carbide beams works at 1380 C,technical parameters of the cross beam remain unchanged.sisic beam has high strength, high hardness, high temperature resistance, wear resistance, corrosion resistance, oxidation resistance, heat resistance, good thermal shock resistance, good thermal conductivity and high thermal efficiency.sic [&hellip;]<\/p>\n","protected":false},"author":1,"featured_media":0,"parent":0,"menu_order":0,"comment_status":"closed","ping_status":"open","template":"","meta":{"ngg_post_thumbnail":0,"footnotes":""},"class_list":["post-75","page","type-page","status-publish","hentry"],"aioseo_notices":[],"_links":{"self":[{"href":"https:\/\/siliconcarbide.net\/sq\/wp-json\/wp\/v2\/pages\/75","targetHints":{"allow":["GET"]}}],"collection":[{"href":"https:\/\/siliconcarbide.net\/sq\/wp-json\/wp\/v2\/pages"}],"about":[{"href":"https:\/\/siliconcarbide.net\/sq\/wp-json\/wp\/v2\/types\/page"}],"author":[{"embeddable":true,"href":"https:\/\/siliconcarbide.net\/sq\/wp-json\/wp\/v2\/users\/1"}],"replies":[{"embeddable":true,"href":"https:\/\/siliconcarbide.net\/sq\/wp-json\/wp\/v2\/comments?post=75"}],"version-history":[{"count":0,"href":"https:\/\/siliconcarbide.net\/sq\/wp-json\/wp\/v2\/pages\/75\/revisions"}],"wp:attachment":[{"href":"https:\/\/siliconcarbide.net\/sq\/wp-json\/wp\/v2\/media?parent=75"}],"curies":[{"name":"wp","href":"https:\/\/api.w.org\/{rel}","templated":true}]}}