{"id":97,"date":"2015-01-11T18:02:03","date_gmt":"2015-01-11T10:02:03","guid":{"rendered":"http:\/\/siliconcarbide.net\/?page_id=97"},"modified":"2017-10-12T08:15:26","modified_gmt":"2017-10-12T00:15:26","slug":"nadzor-kakovosti","status":"publish","type":"page","link":"https:\/\/siliconcarbide.net\/sl\/quality-control\/","title":{"rendered":"Nadzor kakovosti"},"content":{"rendered":"<p>\n\tStalni nadzor kakovosti med proizvodnjo je zagotovilo za dobro kakovost in zadovoljstvo na\u0161ih strank. Osnova na\u0161ega nadzora kakovosti je izpolnjevanje specifikacij in risb na\u0161ih strank. Za preverjanje izdelkov uporabljamo \u0161tevilne na\u010dine in opremo. Prav tako nadzorujemo vsak korak pri proizvodnji. podatke bomo shranjevali za namene sledljivosti.\n<\/p>\n<p>\n\t<!--more-->\n<\/p>\n<p>\n\tpri izbiri ustreznega materiala \u017ee v zgodnji fazi na\u010drtovanja.<br \/>\n\tpri izbiri stro\u0161kovno naju\u010dinkovitej\u0161e proizvodne poti<br \/>\n\tpri zagotavljanju visokih standardov kakovosti na\u0161ih storitev za stranke in izdelkov.<br \/>\n\tpri zagotavljanju popolne sledljivosti na\u0161ih postopkov.<br \/>\n\tin nenehno izbolj\u0161evanje u\u010dinkovitosti na\u0161ega sistema kakovosti je pravilo\n<\/p>\n<p>\n\toblikujemo, razvijamo in proizvajamo lastno keramiko iz silicijevega karbida, ki zagotavlja odli\u010dne zmogljivosti za izpolnjevanje razli\u010dnih zahtev za uporabo pri ekstremni abrazivni obrabi, koroziji, visokih temperaturah in toplotnih \u0161okih. Na\u0161a keramika iz silicijevega karbida ima naslednje prednosti:<br \/>\n\tFormulacija materiala s statisti\u010dno zasnovanimi metodami.<br \/>\n\tIzklju\u010dna uporaba doslednih, visokokakovostnih surovin.<br \/>\n\tLastna izdelava kalupov, interno razviti, ve\u010d materialov, vklju\u010dno s hitrim prototipiranjem, oprema CNC za rezkanje.<br \/>\n\tLastno delovno orodje za stalno visoko kakovost in prilagodljivost.<br \/>\n\tNadzor procesov in spremljanje podrobnosti v celotnem proizvodnem procesu.<br \/>\n\tNadzor pe\u010di, ki optimizira doslednost \u017eganja, \u010das zadr\u017eevanja in drugo; preverjanje rezultatov, ki se spremlja za vsak zaklju\u010den cikel.\n<\/p>\n<p>\n\tPoi\u0161\u010dite indikatorje za reakcijsko vezano silicijevega karbida keramiko\n<\/p>\n<p>\n\t<a href=\"http:\/\/siliconcarbide.net\/wp-content\/uploads\/2015\/01\/Reaction-Bonded-silicon-carbide-ceramic-indicator.pdf\">Indikator iz keramike iz silicijevega karbida, vezan na reakcijo<\/a>(PDF datoteka)\n<\/p>\n<p>\n\tPoi\u0161\u010dite indikatorje za sintran silicijev karbid keramika\n<\/p>\n<p>\n\t<a href=\"http:\/\/siliconcarbide.net\/wp-content\/uploads\/2015\/01\/Sintered-Silicon-Carbide-Ceramic-indicator.pdf\">Indikator sintranega silicijevega karbida iz keramike<\/a>(PDF datoteka)\n<\/p>\n<p>\n\t<a href=\"http:\/\/siliconcarbide.net\/wp-content\/uploads\/2015\/01\/reaction-bonded-silicon-carbide.jpg\"><img decoding=\"async\" alt=\"reakcijsko vezan silicijev karbid\" class=\"alignnone size-full wp-image-271 lazyload\" height=\"824\" data-src=\"http:\/\/siliconcarbide.net\/wp-content\/uploads\/2015\/01\/reaction-bonded-silicon-carbide.jpg\" width=\"628\" src=\"data:image\/gif;base64,R0lGODlhAQABAAAAACH5BAEKAAEALAAAAAABAAEAAAICTAEAOw==\" style=\"--smush-placeholder-width: 628px; --smush-placeholder-aspect-ratio: 628\/824;\" \/><\/a>\n<\/p>\n<p>\n\t<a href=\"http:\/\/siliconcarbide.net\/wp-content\/uploads\/2015\/01\/silicon-carbide-ceramic-function.jpg\"><img decoding=\"async\" alt=\"funkcija keramike iz silicijevega karbida\" class=\"alignnone size-full wp-image-220 lazyload\" height=\"602\" data-src=\"http:\/\/siliconcarbide.net\/wp-content\/uploads\/2015\/01\/silicon-carbide-ceramic-function.jpg\" width=\"617\" src=\"data:image\/gif;base64,R0lGODlhAQABAAAAACH5BAEKAAEALAAAAAABAAEAAAICTAEAOw==\" style=\"--smush-placeholder-width: 617px; --smush-placeholder-aspect-ratio: 617\/602;\" \/><\/a><\/p>","protected":false},"excerpt":{"rendered":"<p>The constant quality control during manufacturing is the guarantee for the good quality and for the satisfaction of our customer. Meeting the specifications and drawings of our customers are the basis of our quality control. We use many ways and equipment to inspect for products. Also we control every step for producing.We will store&nbsp; data [&hellip;]<\/p>\n","protected":false},"author":1,"featured_media":0,"parent":0,"menu_order":0,"comment_status":"closed","ping_status":"open","template":"","meta":{"ngg_post_thumbnail":0,"footnotes":""},"class_list":["post-97","page","type-page","status-publish","hentry"],"aioseo_notices":[],"_links":{"self":[{"href":"https:\/\/siliconcarbide.net\/sl\/wp-json\/wp\/v2\/pages\/97","targetHints":{"allow":["GET"]}}],"collection":[{"href":"https:\/\/siliconcarbide.net\/sl\/wp-json\/wp\/v2\/pages"}],"about":[{"href":"https:\/\/siliconcarbide.net\/sl\/wp-json\/wp\/v2\/types\/page"}],"author":[{"embeddable":true,"href":"https:\/\/siliconcarbide.net\/sl\/wp-json\/wp\/v2\/users\/1"}],"replies":[{"embeddable":true,"href":"https:\/\/siliconcarbide.net\/sl\/wp-json\/wp\/v2\/comments?post=97"}],"version-history":[{"count":0,"href":"https:\/\/siliconcarbide.net\/sl\/wp-json\/wp\/v2\/pages\/97\/revisions"}],"wp:attachment":[{"href":"https:\/\/siliconcarbide.net\/sl\/wp-json\/wp\/v2\/media?parent=97"}],"curies":[{"name":"wp","href":"https:\/\/api.w.org\/{rel}","templated":true}]}}