{"id":9,"date":"2013-08-25T11:29:05","date_gmt":"2013-08-25T03:29:05","guid":{"rendered":"http:\/\/siliconcarbide.net\/?page_id=9"},"modified":"2022-01-23T13:32:48","modified_gmt":"2022-01-23T05:32:48","slug":"o","status":"publish","type":"page","link":"https:\/\/siliconcarbide.net\/sl\/about\/","title":{"rendered":"O"},"content":{"rendered":"<p>Smo v \u0160anghaju na Kitajskem, specializirani za oblikovanje in dobavo silicijevega karbida keramike, kot so sintrani silicijevega karbida keramike, reakcije vezane silicijevega karbida keramika.Spodbujamo vas, da razpravljate o va\u0161em projektu z nami zgodaj, da bi se izognili te\u017ekim te\u017eavam kasneje.Navedli bomo prednosti vsakega materiala in razpravljali o razli\u010dnih tehnikah obdelave, ki je primerna.Silicijev karbid je umetni material, proizveden s segrevanjem silicijevega peska in ogljika na visoke temperature v pe\u010di tehniki. Silicijev karbid je izjemno trd material (trdota po Mohsu 9), je kemi\u010dno inerten in se ne topi.Silicijev karbid ima visoko toplotno prevodnost, nizek koeficient toplotnega raztezanja, je odporen na toplotne udarce in obrabo ter ima trdnost pri visokih temperaturah. Silicijev karbid je zaradi svojih raznolikih lastnosti u\u010dinkovit material za \u0161tevilne razli\u010dne aplikacije. povejte nam svoje zahteve, mi jih razgradimo in vam ponudimo najbolj\u0161i izdelek. Va\u0161e pripombe so nam v najve\u010djo podporo. Dobrodo\u0161li na va\u0161o poizvedbo, vklju\u010dno z zahtevami!Stalni nadzor kakovosti med proizvodnjo je zagotovilo za dobro kakovost in zadovoljstvo na\u0161ih strank. Upo\u0161tevanje specifikacij in risb na\u0161ih strank je osnova na\u0161ega nadzora kakovosti. Za preverjanje izdelkov uporabljamo \u0161tevilne na\u010dine in opremo. Prav tako nadzorujemo vsak korak pri proizvodnji. podatke o kakovosti bomo shranili za namene sledljivosti. Dobrodo\u0161li na va\u0161e povpra\u0161evanje, vklju\u010dno z zahtevami in pripombami!<\/p>\n<p><a href=\"http:\/\/siliconcarbide.net\/wp-content\/uploads\/2013\/08\/sisic-ceramic.jpg\"><img decoding=\"async\" class=\"size-full wp-image-280 aligncenter lazyload\" data-src=\"http:\/\/siliconcarbide.net\/wp-content\/uploads\/2013\/08\/sisic-ceramic.jpg\" alt=\"sisic keramika\" width=\"853\" height=\"640\" data-srcset=\"https:\/\/siliconcarbide.net\/wp-content\/uploads\/2013\/08\/sisic-ceramic.jpg 853w, https:\/\/siliconcarbide.net\/wp-content\/uploads\/2013\/08\/sisic-ceramic-300x225.jpg 300w, https:\/\/siliconcarbide.net\/wp-content\/uploads\/2013\/08\/sisic-ceramic-768x576.jpg 768w\" data-sizes=\"(max-width: 853px) 100vw, 853px\" src=\"data:image\/gif;base64,R0lGODlhAQABAAAAACH5BAEKAAEALAAAAAABAAEAAAICTAEAOw==\" style=\"--smush-placeholder-width: 853px; --smush-placeholder-aspect-ratio: 853\/640;\" \/><\/a><\/p>","protected":false},"excerpt":{"rendered":"<p>We are in shanghai in china,specializing in designing and supplying Silicon Carbide Ceramic,such as sintered silicon carbide ceramic,reaction bonded silicon carbide ceramic.We encourage you to discuss your project with us early to avoid difficult problems later.We will specify benefits of each material and discuss various processing techniques which is suitable.Silicon carbide is a man-made material [&hellip;]<\/p>\n","protected":false},"author":1,"featured_media":0,"parent":0,"menu_order":0,"comment_status":"closed","ping_status":"closed","template":"","meta":{"ngg_post_thumbnail":0,"footnotes":""},"class_list":["post-9","page","type-page","status-publish","hentry"],"aioseo_notices":[],"_links":{"self":[{"href":"https:\/\/siliconcarbide.net\/sl\/wp-json\/wp\/v2\/pages\/9","targetHints":{"allow":["GET"]}}],"collection":[{"href":"https:\/\/siliconcarbide.net\/sl\/wp-json\/wp\/v2\/pages"}],"about":[{"href":"https:\/\/siliconcarbide.net\/sl\/wp-json\/wp\/v2\/types\/page"}],"author":[{"embeddable":true,"href":"https:\/\/siliconcarbide.net\/sl\/wp-json\/wp\/v2\/users\/1"}],"replies":[{"embeddable":true,"href":"https:\/\/siliconcarbide.net\/sl\/wp-json\/wp\/v2\/comments?post=9"}],"version-history":[{"count":4,"href":"https:\/\/siliconcarbide.net\/sl\/wp-json\/wp\/v2\/pages\/9\/revisions"}],"predecessor-version":[{"id":484,"href":"https:\/\/siliconcarbide.net\/sl\/wp-json\/wp\/v2\/pages\/9\/revisions\/484"}],"wp:attachment":[{"href":"https:\/\/siliconcarbide.net\/sl\/wp-json\/wp\/v2\/media?parent=9"}],"curies":[{"name":"wp","href":"https:\/\/api.w.org\/{rel}","templated":true}]}}