{"id":79,"date":"2014-11-30T20:29:59","date_gmt":"2014-11-30T12:29:59","guid":{"rendered":"http:\/\/siliconcarbide.net\/?page_id=79"},"modified":"2018-03-28T21:32:54","modified_gmt":"2018-03-28T13:32:54","slug":"cevi-za-hladilni-zrak-sisic","status":"publish","type":"page","link":"https:\/\/siliconcarbide.net\/sl\/sisic-cooling-air-pipes\/","title":{"rendered":"Cevi za hladilni zrak SISIC"},"content":{"rendered":"<p>\n\t<a href=\"http:\/\/siliconcarbide.net\/sl\/cevi-za-hladilni-zrak-sisic\/\">Reakcijsko vezan silicijev karbid<\/a>znan tudi kot silicijev karbid ali SiSiC, je vrsta silicijevega dioksida, ki se proizvaja s kemi\u010dno reakcijo med poroznim ogljikom ali grafitom in staljenim silicijem.\n<\/p>\n<p>\n\tCevi SISIC za hlajenje zraka se uporabljajo za hladilno obmo\u010dje valj\u010dnih pe\u010di.Ta vrsta cevi iz silicijevega karbida ka\u017ee odli\u010dno zmogljivost pri hitrem hlajenju.In za to vrsto cevi sic ni deformacij niti pri dolgotrajni uporabi. \u017divljenjska doba te vrste cevi iz silicijevega karbida je ve\u010d kot 10-krat dalj\u0161a od \u017eivljenjske dobe cevi iz nerjavnega jekla.\n<\/p>\n<p>\n\t<a href=\"http:\/\/siliconcarbide.net\/wp-content\/uploads\/2014\/11\/SISIC-Cooling-Air-pipes.jpg\"><img decoding=\"async\" alt=\"Cevi za hladilni zrak SISIC\" class=\"alignnone size-full wp-image-80 lazyload\" height=\"350\" data-src=\"http:\/\/siliconcarbide.net\/wp-content\/uploads\/2014\/11\/SISIC-Cooling-Air-pipes.jpg\" width=\"500\" data-srcset=\"https:\/\/siliconcarbide.net\/wp-content\/uploads\/2014\/11\/SISIC-Cooling-Air-pipes.jpg 500w, https:\/\/siliconcarbide.net\/wp-content\/uploads\/2014\/11\/SISIC-Cooling-Air-pipes-300x210.jpg 300w\" data-sizes=\"(max-width: 500px) 100vw, 500px\" src=\"data:image\/gif;base64,R0lGODlhAQABAAAAACH5BAEKAAEALAAAAAABAAEAAAICTAEAOw==\" style=\"--smush-placeholder-width: 500px; --smush-placeholder-aspect-ratio: 500\/350;\" \/><\/a>\n<\/p>\n<p>\n\t&nbsp;<\/p>","protected":false},"excerpt":{"rendered":"<p>Reaction bonded silicon carbide, also known as siliconized silicon carbide or SiSiC, is a type of sic that is manufactured by a chemical reaction between porous carbon or graphite with molten silicon. SISIC Cooling Air pipes&nbsp;are used for the cooling area of roller hearth kilns.This kind silicon carbide pipe display excellent performance in rapid cooling.And [&hellip;]<\/p>\n","protected":false},"author":1,"featured_media":0,"parent":0,"menu_order":0,"comment_status":"closed","ping_status":"open","template":"","meta":{"ngg_post_thumbnail":0,"footnotes":""},"class_list":["post-79","page","type-page","status-publish","hentry"],"aioseo_notices":[],"_links":{"self":[{"href":"https:\/\/siliconcarbide.net\/sl\/wp-json\/wp\/v2\/pages\/79","targetHints":{"allow":["GET"]}}],"collection":[{"href":"https:\/\/siliconcarbide.net\/sl\/wp-json\/wp\/v2\/pages"}],"about":[{"href":"https:\/\/siliconcarbide.net\/sl\/wp-json\/wp\/v2\/types\/page"}],"author":[{"embeddable":true,"href":"https:\/\/siliconcarbide.net\/sl\/wp-json\/wp\/v2\/users\/1"}],"replies":[{"embeddable":true,"href":"https:\/\/siliconcarbide.net\/sl\/wp-json\/wp\/v2\/comments?post=79"}],"version-history":[{"count":0,"href":"https:\/\/siliconcarbide.net\/sl\/wp-json\/wp\/v2\/pages\/79\/revisions"}],"wp:attachment":[{"href":"https:\/\/siliconcarbide.net\/sl\/wp-json\/wp\/v2\/media?parent=79"}],"curies":[{"name":"wp","href":"https:\/\/api.w.org\/{rel}","templated":true}]}}