{"id":75,"date":"2014-01-09T20:39:18","date_gmt":"2014-01-09T12:39:18","guid":{"rendered":"http:\/\/siliconcarbide.net\/?page_id=75"},"modified":"2021-06-15T15:43:37","modified_gmt":"2021-06-15T07:43:37","slug":"sic-precni-nosilci","status":"publish","type":"page","link":"https:\/\/siliconcarbide.net\/sl\/sic-cross-beams\/","title":{"rendered":"Pre\u010dni nosilci SIC"},"content":{"rendered":"<p>Sisic \u017earek ima visoko nosilnost pri visoki temperaturi, dolgoro\u010dno uporabo brez upogibne deformacije.Silicijev karbidni \u017earki delujejo pri 1380 C, tehni\u010dni parametri pre\u010dnega \u017earka ostanejo nespremenjeni.Sisic \u017earek ima visoko trdnost, visoko trdoto, visoko temperaturno odpornost, odpornost proti obrabi, odpornost proti koroziji, odpornost proti oksidaciji, toplotno odpornost, dobro odpornost proti toplotnim \u0161okom, dobro toplotno prevodnost in visoko toplotno u\u010dinkovitost.sic nosilci iz reakcijsko vezanega silicijevega karbida se uporabljajo za sisteme nakladalne konstrukcije tunelskih pe\u010di, pe\u010di za pe\u010di za peko na raketoplan in \u0161tevilnih drugih industrijskih pe\u010di. nosilci iz silicijevega karbida imajo ve\u010djo trdnost in ni deformacij niti pri zelo visokih temperaturah.<!--more-->Poleg tega imajo te vrste silicijevega karbida dolgo \u017eivljenjsko dobo. Kerami\u010dni nosilci iz silicijevega karbida, vezani z reakcijo, so najprimernej\u0161e pohi\u0161tvo za pe\u010di za sanitarno opremo in elektri\u010dni porcelan. <a href=\"http:\/\/siliconcarbide.net\/sl\/reakcijsko-vezan-silicijev-karbid\/sic-precni-nosilci\/\">\u017earek SiSiC<\/a> ima odli\u010dno toplotno prevodnost, tako da je na voljo za var\u010devanje z energijo.Lahko naredimo sisic \u017earek v skladu z va\u0161imi zahtevami.<\/p>\n<p><a href=\"http:\/\/siliconcarbide.net\/wp-content\/uploads\/2014\/01\/silicon-carbide-ceramic-Cross-Beams.jpg\"><img decoding=\"async\" class=\"alignnone size-full wp-image-74 lazyload\" data-src=\"http:\/\/siliconcarbide.net\/wp-content\/uploads\/2014\/01\/silicon-carbide-ceramic-Cross-Beams.jpg\" alt=\"kerami\u010dni kri\u017eni nosilci iz silicijevega karbida\" width=\"350\" height=\"209\" data-srcset=\"https:\/\/siliconcarbide.net\/wp-content\/uploads\/2014\/01\/silicon-carbide-ceramic-Cross-Beams.jpg 350w, https:\/\/siliconcarbide.net\/wp-content\/uploads\/2014\/01\/silicon-carbide-ceramic-Cross-Beams-300x179.jpg 300w\" data-sizes=\"(max-width: 350px) 100vw, 350px\" src=\"data:image\/gif;base64,R0lGODlhAQABAAAAACH5BAEKAAEALAAAAAABAAEAAAICTAEAOw==\" style=\"--smush-placeholder-width: 350px; --smush-placeholder-aspect-ratio: 350\/209;\" \/><\/a><\/p>","protected":false},"excerpt":{"rendered":"<p>sisic beam has high bearing capacity at high temperature, long-term use without bending deformation.silicon carbide beams works at 1380 C,technical parameters of the cross beam remain unchanged.sisic beam has high strength, high hardness, high temperature resistance, wear resistance, corrosion resistance, oxidation resistance, heat resistance, good thermal shock resistance, good thermal conductivity and high thermal efficiency.sic [&hellip;]<\/p>\n","protected":false},"author":1,"featured_media":0,"parent":0,"menu_order":0,"comment_status":"closed","ping_status":"open","template":"","meta":{"ngg_post_thumbnail":0,"footnotes":""},"class_list":["post-75","page","type-page","status-publish","hentry"],"aioseo_notices":[],"_links":{"self":[{"href":"https:\/\/siliconcarbide.net\/sl\/wp-json\/wp\/v2\/pages\/75","targetHints":{"allow":["GET"]}}],"collection":[{"href":"https:\/\/siliconcarbide.net\/sl\/wp-json\/wp\/v2\/pages"}],"about":[{"href":"https:\/\/siliconcarbide.net\/sl\/wp-json\/wp\/v2\/types\/page"}],"author":[{"embeddable":true,"href":"https:\/\/siliconcarbide.net\/sl\/wp-json\/wp\/v2\/users\/1"}],"replies":[{"embeddable":true,"href":"https:\/\/siliconcarbide.net\/sl\/wp-json\/wp\/v2\/comments?post=75"}],"version-history":[{"count":0,"href":"https:\/\/siliconcarbide.net\/sl\/wp-json\/wp\/v2\/pages\/75\/revisions"}],"wp:attachment":[{"href":"https:\/\/siliconcarbide.net\/sl\/wp-json\/wp\/v2\/media?parent=75"}],"curies":[{"name":"wp","href":"https:\/\/api.w.org\/{rel}","templated":true}]}}