{"id":97,"date":"2015-01-11T18:02:03","date_gmt":"2015-01-11T10:02:03","guid":{"rendered":"http:\/\/siliconcarbide.net\/?page_id=97"},"modified":"2017-10-12T08:15:26","modified_gmt":"2017-10-12T00:15:26","slug":"kontrola-kvality","status":"publish","type":"page","link":"https:\/\/siliconcarbide.net\/sk\/quality-control\/","title":{"rendered":"Kontrola kvality"},"content":{"rendered":"<p>\n\tNeust\u00e1la kontrola kvality po\u010das v\u00fdroby je z\u00e1rukou dobrej kvality a spokojnosti na\u0161ich z\u00e1kazn\u00edkov. Z\u00e1kladom na\u0161ej kontroly kvality je dodr\u017eiavanie \u0161pecifik\u00e1ci\u00ed a v\u00fdkresov na\u0161ich z\u00e1kazn\u00edkov. Na kontrolu v\u00fdrobkov pou\u017e\u00edvame mnoho sp\u00f4sobov a zariaden\u00ed. Taktie\u017e kontrolujeme ka\u017ed\u00fd krok pri v\u00fdrobe. uchov\u00e1vame \u00fadaje na \u00fa\u010dely vysledovate\u013enosti.\n<\/p>\n<p>\n\t<!--more-->\n<\/p>\n<p>\n\tpri v\u00fdbere vhodn\u00e9ho materi\u00e1lu od po\u010diato\u010dnej f\u00e1zy n\u00e1vrhu<br \/>\n\tpri v\u00fdbere n\u00e1kladovo najefekt\u00edvnej\u0161ej v\u00fdrobnej cesty<br \/>\n\tv poskytovan\u00ed vysok\u00fdch \u0161tandardov kvality na\u0161ich slu\u017eieb z\u00e1kazn\u00edkom a produktov<br \/>\n\tpri zaru\u010den\u00ed \u00faplnej vysledovate\u013enosti na\u0161ich procesov<br \/>\n\ta neust\u00e1le zvy\u0161ovanie efekt\u00edvnosti n\u00e1\u0161ho syst\u00e9mu kvality je pravidlom\n<\/p>\n<p>\n\tnavrhujeme, vyv\u00edjame a vyr\u00e1bame vlastn\u00fa keramiku z karbidu krem\u00edka, aby sme dosiahli vynikaj\u00faci v\u00fdkon a splnili r\u00f4zne po\u017eiadavky na extr\u00e9mne abraz\u00edvne opotrebenie, kor\u00f3ziu, vysok\u00e9 teploty a tepeln\u00e9 \u0161oky. Na\u0161a karbidov\u00e1 keramika pon\u00faka nasleduj\u00face v\u00fdhody:<br \/>\n\tFormul\u00e1cia materi\u00e1lu pomocou \u0161tatisticky navrhnut\u00fdch met\u00f3d.<br \/>\n\tV\u00fdhradn\u00e9 pou\u017e\u00edvanie konzistentn\u00fdch, vysokokvalitn\u00fdch surov\u00edn.<br \/>\n\tVlastn\u00e1 v\u00fdroba foriem, interne vyvinut\u00e9, viacero materi\u00e1lov vr\u00e1tane r\u00fdchleho prototypovania, CNC fr\u00e9zovacie zariadenia.<br \/>\n\tVlastn\u00e9 pracovn\u00e9 n\u00e1stroje pre konzistentn\u00fa vysok\u00fa kvalitu a flexibilitu.<br \/>\n\tKontroly procesov a monitorovanie detailov po\u010das celej v\u00fdrobnej oper\u00e1cie.<br \/>\n\tKontrola pece, ktor\u00e1 optimalizuje konzistenciu v\u00fdpalu a \u010das udr\u017eiavania a in\u00e9; overovanie v\u00fdsledkov sledovan\u00fdch pre ka\u017ed\u00fd ukon\u010den\u00fd cyklus.\n<\/p>\n<p>\n\tN\u00e1jdite indik\u00e1tory pre reak\u010dne viazan\u00fa keramiku z karbidu krem\u00edka\n<\/p>\n<p>\n\t<a href=\"http:\/\/siliconcarbide.net\/wp-content\/uploads\/2015\/01\/Reaction-Bonded-silicon-carbide-ceramic-indicator.pdf\">Keramick\u00fd indik\u00e1tor z karbidu krem\u00edka viazan\u00fd na reakciu<\/a>(s\u00fabor PDF)\n<\/p>\n<p>\n\tN\u00e1jdite indik\u00e1tory pre spekan\u00fd karbid krem\u00edka Keramika\n<\/p>\n<p>\n\t<a href=\"http:\/\/siliconcarbide.net\/wp-content\/uploads\/2015\/01\/Sintered-Silicon-Carbide-Ceramic-indicator.pdf\">Keramick\u00fd indik\u00e1tor zo spekan\u00e9ho karbidu krem\u00edka<\/a>(s\u00fabor PDF)\n<\/p>\n<p>\n\t<a href=\"http:\/\/siliconcarbide.net\/wp-content\/uploads\/2015\/01\/reaction-bonded-silicon-carbide.jpg\"><img decoding=\"async\" alt=\"reak\u010dne viazan\u00fd karbid krem\u00edka\" class=\"alignnone size-full wp-image-271 lazyload\" height=\"824\" data-src=\"http:\/\/siliconcarbide.net\/wp-content\/uploads\/2015\/01\/reaction-bonded-silicon-carbide.jpg\" width=\"628\" src=\"data:image\/gif;base64,R0lGODlhAQABAAAAACH5BAEKAAEALAAAAAABAAEAAAICTAEAOw==\" style=\"--smush-placeholder-width: 628px; --smush-placeholder-aspect-ratio: 628\/824;\" \/><\/a>\n<\/p>\n<p>\n\t<a href=\"http:\/\/siliconcarbide.net\/wp-content\/uploads\/2015\/01\/silicon-carbide-ceramic-function.jpg\"><img decoding=\"async\" alt=\"funkcia keramiky z karbidu krem\u00edka\" class=\"alignnone size-full wp-image-220 lazyload\" height=\"602\" data-src=\"http:\/\/siliconcarbide.net\/wp-content\/uploads\/2015\/01\/silicon-carbide-ceramic-function.jpg\" width=\"617\" src=\"data:image\/gif;base64,R0lGODlhAQABAAAAACH5BAEKAAEALAAAAAABAAEAAAICTAEAOw==\" style=\"--smush-placeholder-width: 617px; --smush-placeholder-aspect-ratio: 617\/602;\" \/><\/a><\/p>","protected":false},"excerpt":{"rendered":"<p>The constant quality control during manufacturing is the guarantee for the good quality and for the satisfaction of our customer. Meeting the specifications and drawings of our customers are the basis of our quality control. We use many ways and equipment to inspect for products. Also we control every step for producing.We will store&nbsp; data [&hellip;]<\/p>\n","protected":false},"author":1,"featured_media":0,"parent":0,"menu_order":0,"comment_status":"closed","ping_status":"open","template":"","meta":{"ngg_post_thumbnail":0,"footnotes":""},"class_list":["post-97","page","type-page","status-publish","hentry"],"aioseo_notices":[],"_links":{"self":[{"href":"https:\/\/siliconcarbide.net\/sk\/wp-json\/wp\/v2\/pages\/97","targetHints":{"allow":["GET"]}}],"collection":[{"href":"https:\/\/siliconcarbide.net\/sk\/wp-json\/wp\/v2\/pages"}],"about":[{"href":"https:\/\/siliconcarbide.net\/sk\/wp-json\/wp\/v2\/types\/page"}],"author":[{"embeddable":true,"href":"https:\/\/siliconcarbide.net\/sk\/wp-json\/wp\/v2\/users\/1"}],"replies":[{"embeddable":true,"href":"https:\/\/siliconcarbide.net\/sk\/wp-json\/wp\/v2\/comments?post=97"}],"version-history":[{"count":0,"href":"https:\/\/siliconcarbide.net\/sk\/wp-json\/wp\/v2\/pages\/97\/revisions"}],"wp:attachment":[{"href":"https:\/\/siliconcarbide.net\/sk\/wp-json\/wp\/v2\/media?parent=97"}],"curies":[{"name":"wp","href":"https:\/\/api.w.org\/{rel}","templated":true}]}}