{"id":9,"date":"2013-08-25T11:29:05","date_gmt":"2013-08-25T03:29:05","guid":{"rendered":"http:\/\/siliconcarbide.net\/?page_id=9"},"modified":"2022-01-23T13:32:48","modified_gmt":"2022-01-23T05:32:48","slug":"o","status":"publish","type":"page","link":"https:\/\/siliconcarbide.net\/sk\/about\/","title":{"rendered":"O str\u00e1nke"},"content":{"rendered":"<p>Sme v \u0160anghaji v \u010c\u00edne, ktor\u00e1 sa \u0161pecializuje na navrhovanie a dod\u00e1vanie keramiky karbidu krem\u00edka, ako je spekan\u00fd karbid krem\u00edka keramiky, reakcie viazan\u00e9 karbidu krem\u00edka ceramic.We v\u00e1s vyz\u00fdvaj\u00fa, aby ste diskutovali o svojom projekte s nami \u010doskoro, aby sa zabr\u00e1nilo \u0165a\u017ek\u00e9 probl\u00e9my later.We \u0161pecifikova\u0165 v\u00fdhody ka\u017ed\u00e9ho materi\u00e1lu a diskutova\u0165 o r\u00f4znych techn\u00edk spracovania, ktor\u00e9 je vhodn\u00e9.Karbid krem\u00edka je umel\u00fd materi\u00e1l vyroben\u00fd prostredn\u00edctvom vykurovania kremi\u010dit\u00e9ho piesku a uhl\u00edka na vysok\u00e9 teploty v technike pece. Karbid krem\u00edka je extr\u00e9mne tvrd\u00fd materi\u00e1l (tvrdos\u0165 pod\u013ea Mohsa 9), je chemicky inertn\u00fd a netav\u00ed sa. karbid krem\u00edka m\u00e1 vysok\u00fa tepeln\u00fa vodivos\u0165, n\u00edzky koeficient tepelnej roz\u0165a\u017enosti, je odoln\u00fd vo\u010di tepeln\u00fdm \u0161okom a oderu a m\u00e1 pevnos\u0165 pri vysok\u00fdch teplot\u00e1ch. Rozmanit\u00e9 vlastnosti karbidu krem\u00edka z neho robia \u00fa\u010dinn\u00fd materi\u00e1l v mnoh\u00fdch r\u00f4znych aplik\u00e1ci\u00e1ch. poviete n\u00e1m svoje po\u017eiadavky, my ich degsinujeme a dod\u00e1me v\u00e1m najlep\u0161\u00ed v\u00fdrobok. Va\u0161e pripomienky s\u00fa pre n\u00e1s najv\u00e4\u010d\u0161ou podporou. Zlep\u0161ovanie sa nikdy neskon\u010d\u00ed. v\u00edtame v\u00e1s v ot\u00e1zke vr\u00e1tane va\u0161ich po\u017eiadaviek! neust\u00e1la kontrola kvality po\u010das v\u00fdroby je z\u00e1rukou dobrej kvality a spokojnosti na\u0161ich z\u00e1kazn\u00edkov. Splnenie \u0161pecifik\u00e1ci\u00ed a v\u00fdkresov na\u0161ich z\u00e1kazn\u00edkov je z\u00e1kladom na\u0161ej kontroly kvality. Na kontrolu v\u00fdrobkov pou\u017e\u00edvame mnoho sp\u00f4sobov a zariaden\u00ed. Taktie\u017e kontrolujeme ka\u017ed\u00fd krok pri v\u00fdrobe. \u00fadaje o kvalite uchov\u00e1vame na \u00fa\u010dely vysledovate\u013enosti. Radi prijmeme va\u0161e ot\u00e1zky vr\u00e1tane po\u017eiadaviek a pripomienok!<\/p>\n<p><a href=\"http:\/\/siliconcarbide.net\/wp-content\/uploads\/2013\/08\/sisic-ceramic.jpg\"><img decoding=\"async\" class=\"size-full wp-image-280 aligncenter lazyload\" data-src=\"http:\/\/siliconcarbide.net\/wp-content\/uploads\/2013\/08\/sisic-ceramic.jpg\" alt=\"sisic keramika\" width=\"853\" height=\"640\" data-srcset=\"https:\/\/siliconcarbide.net\/wp-content\/uploads\/2013\/08\/sisic-ceramic.jpg 853w, https:\/\/siliconcarbide.net\/wp-content\/uploads\/2013\/08\/sisic-ceramic-300x225.jpg 300w, https:\/\/siliconcarbide.net\/wp-content\/uploads\/2013\/08\/sisic-ceramic-768x576.jpg 768w\" data-sizes=\"(max-width: 853px) 100vw, 853px\" src=\"data:image\/gif;base64,R0lGODlhAQABAAAAACH5BAEKAAEALAAAAAABAAEAAAICTAEAOw==\" style=\"--smush-placeholder-width: 853px; --smush-placeholder-aspect-ratio: 853\/640;\" \/><\/a><\/p>","protected":false},"excerpt":{"rendered":"<p>We are in shanghai in china,specializing in designing and supplying Silicon Carbide Ceramic,such as sintered silicon carbide ceramic,reaction bonded silicon carbide ceramic.We encourage you to discuss your project with us early to avoid difficult problems later.We will specify benefits of each material and discuss various processing techniques which is suitable.Silicon carbide is a man-made material [&hellip;]<\/p>\n","protected":false},"author":1,"featured_media":0,"parent":0,"menu_order":0,"comment_status":"closed","ping_status":"closed","template":"","meta":{"ngg_post_thumbnail":0,"footnotes":""},"class_list":["post-9","page","type-page","status-publish","hentry"],"aioseo_notices":[],"_links":{"self":[{"href":"https:\/\/siliconcarbide.net\/sk\/wp-json\/wp\/v2\/pages\/9","targetHints":{"allow":["GET"]}}],"collection":[{"href":"https:\/\/siliconcarbide.net\/sk\/wp-json\/wp\/v2\/pages"}],"about":[{"href":"https:\/\/siliconcarbide.net\/sk\/wp-json\/wp\/v2\/types\/page"}],"author":[{"embeddable":true,"href":"https:\/\/siliconcarbide.net\/sk\/wp-json\/wp\/v2\/users\/1"}],"replies":[{"embeddable":true,"href":"https:\/\/siliconcarbide.net\/sk\/wp-json\/wp\/v2\/comments?post=9"}],"version-history":[{"count":4,"href":"https:\/\/siliconcarbide.net\/sk\/wp-json\/wp\/v2\/pages\/9\/revisions"}],"predecessor-version":[{"id":484,"href":"https:\/\/siliconcarbide.net\/sk\/wp-json\/wp\/v2\/pages\/9\/revisions\/484"}],"wp:attachment":[{"href":"https:\/\/siliconcarbide.net\/sk\/wp-json\/wp\/v2\/media?parent=9"}],"curies":[{"name":"wp","href":"https:\/\/api.w.org\/{rel}","templated":true}]}}