{"id":79,"date":"2014-11-30T20:29:59","date_gmt":"2014-11-30T12:29:59","guid":{"rendered":"http:\/\/siliconcarbide.net\/?page_id=79"},"modified":"2018-03-28T21:32:54","modified_gmt":"2018-03-28T13:32:54","slug":"potrubia-chladiaceho-vzduchu-sisic","status":"publish","type":"page","link":"https:\/\/siliconcarbide.net\/sk\/sisic-cooling-air-pipes\/","title":{"rendered":"SISIC Chladiace vzduchov\u00e9 potrubia"},"content":{"rendered":"<p>\n\t<a href=\"http:\/\/siliconcarbide.net\/sk\/potrubia-chladiaceho-vzduchu-sisic\/\">Reak\u010dne viazan\u00fd karbid krem\u00edka<\/a>, zn\u00e1my aj ako silik\u00f3novan\u00fd karbid krem\u00edka alebo SiSiC, je typ sik\u00f3nu, ktor\u00fd sa vyr\u00e1ba chemickou reakciou medzi por\u00e9znym uhl\u00edkom alebo grafitom a roztaven\u00fdm krem\u00edkom.\n<\/p>\n<p>\n\tSISIC Chladiace vzduchov\u00e9 r\u00farky sa pou\u017e\u00edvaj\u00fa na chladenie priestoru valcov\u00fdch pec\u00ed.Tento druh r\u00farky z karbidu krem\u00edka vykazuje vynikaj\u00faci v\u00fdkon pri r\u00fdchlom chladen\u00ed a nedoch\u00e1dza k \u017eiadnym deform\u00e1ci\u00e1m ani pri dlhodobej aplik\u00e1cii tohto druhu sic r\u00farky. \u017divotnos\u0165 tohto druhu r\u00far z karbidu krem\u00edka je viac ako 10-n\u00e1sobne vy\u0161\u0161ia ako \u017eivotnos\u0165 r\u00far z nehrdzavej\u00facej ocele.\n<\/p>\n<p>\n\t<a href=\"http:\/\/siliconcarbide.net\/wp-content\/uploads\/2014\/11\/SISIC-Cooling-Air-pipes.jpg\"><img decoding=\"async\" alt=\"SISIC Chladiace vzduchov\u00e9 potrubia\" class=\"alignnone size-full wp-image-80 lazyload\" height=\"350\" data-src=\"http:\/\/siliconcarbide.net\/wp-content\/uploads\/2014\/11\/SISIC-Cooling-Air-pipes.jpg\" width=\"500\" data-srcset=\"https:\/\/siliconcarbide.net\/wp-content\/uploads\/2014\/11\/SISIC-Cooling-Air-pipes.jpg 500w, https:\/\/siliconcarbide.net\/wp-content\/uploads\/2014\/11\/SISIC-Cooling-Air-pipes-300x210.jpg 300w\" data-sizes=\"(max-width: 500px) 100vw, 500px\" src=\"data:image\/gif;base64,R0lGODlhAQABAAAAACH5BAEKAAEALAAAAAABAAEAAAICTAEAOw==\" style=\"--smush-placeholder-width: 500px; --smush-placeholder-aspect-ratio: 500\/350;\" \/><\/a>\n<\/p>\n<p>\n\t&nbsp;<\/p>","protected":false},"excerpt":{"rendered":"<p>Reaction bonded silicon carbide, also known as siliconized silicon carbide or SiSiC, is a type of sic that is manufactured by a chemical reaction between porous carbon or graphite with molten silicon. SISIC Cooling Air pipes&nbsp;are used for the cooling area of roller hearth kilns.This kind silicon carbide pipe display excellent performance in rapid cooling.And [&hellip;]<\/p>\n","protected":false},"author":1,"featured_media":0,"parent":0,"menu_order":0,"comment_status":"closed","ping_status":"open","template":"","meta":{"ngg_post_thumbnail":0,"footnotes":""},"class_list":["post-79","page","type-page","status-publish","hentry"],"aioseo_notices":[],"_links":{"self":[{"href":"https:\/\/siliconcarbide.net\/sk\/wp-json\/wp\/v2\/pages\/79","targetHints":{"allow":["GET"]}}],"collection":[{"href":"https:\/\/siliconcarbide.net\/sk\/wp-json\/wp\/v2\/pages"}],"about":[{"href":"https:\/\/siliconcarbide.net\/sk\/wp-json\/wp\/v2\/types\/page"}],"author":[{"embeddable":true,"href":"https:\/\/siliconcarbide.net\/sk\/wp-json\/wp\/v2\/users\/1"}],"replies":[{"embeddable":true,"href":"https:\/\/siliconcarbide.net\/sk\/wp-json\/wp\/v2\/comments?post=79"}],"version-history":[{"count":0,"href":"https:\/\/siliconcarbide.net\/sk\/wp-json\/wp\/v2\/pages\/79\/revisions"}],"wp:attachment":[{"href":"https:\/\/siliconcarbide.net\/sk\/wp-json\/wp\/v2\/media?parent=79"}],"curies":[{"name":"wp","href":"https:\/\/api.w.org\/{rel}","templated":true}]}}