{"id":75,"date":"2014-01-09T20:39:18","date_gmt":"2014-01-09T12:39:18","guid":{"rendered":"http:\/\/siliconcarbide.net\/?page_id=75"},"modified":"2021-06-15T15:43:37","modified_gmt":"2021-06-15T07:43:37","slug":"sic-priecne-nosniky","status":"publish","type":"page","link":"https:\/\/siliconcarbide.net\/sk\/sic-cross-beams\/","title":{"rendered":"Prie\u010dne nosn\u00edky SIC"},"content":{"rendered":"<p>Sisic nosn\u00edk m\u00e1 vysok\u00fa nosnos\u0165 pri vysokej teplote, dlhodob\u00e9 pou\u017e\u00edvanie bez ohybovej deform\u00e1cie.Silicon karbid nosn\u00edky pracuje pri 1380 C, technick\u00e9 parametre prie\u010dneho nosn\u00edka zost\u00e1vaj\u00fa nezmenen\u00e9.Sisic nosn\u00edk m\u00e1 vysok\u00fa pevnos\u0165, vysok\u00fa tvrdos\u0165, vysok\u00fa teplotn\u00fa odolnos\u0165, odolnos\u0165 proti opotrebovaniu, odolnos\u0165 proti kor\u00f3zii, odolnos\u0165 proti oxid\u00e1cii, tepeln\u00e1 odolnos\u0165, dobr\u00e1 odolnos\u0165 proti tepeln\u00fdm \u0161okom, dobr\u00e1 tepeln\u00e1 vodivos\u0165 a vysok\u00e1 tepeln\u00e1 \u00fa\u010dinnos\u0165.sic nosn\u00edky vyroben\u00e9 reak\u010dne sp\u00e1jan\u00fdm karbidom krem\u00edka sa pou\u017e\u00edvaj\u00fa na syst\u00e9my nakladac\u00edch kon\u0161trukci\u00ed tunelov\u00fdch pec\u00ed, \u010dlnkov\u00fdch pec\u00ed a mnoh\u00fdch \u010fal\u0161\u00edch priemyseln\u00fdch pec\u00ed. nosn\u00edky z karbidu krem\u00edka maj\u00fa vy\u0161\u0161iu pevnos\u0165 a nedoch\u00e1dza k ich deform\u00e1ci\u00e1m ani pri ve\u013emi vysok\u00fdch teplot\u00e1ch.<!--more-->Tento druh pol\u00edc z karbidu krem\u00edka vykazuje dlh\u00fa \u017eivotnos\u0165. Reak\u010dne sp\u00e1jan\u00e9 keramick\u00e9 nosn\u00edky z karbidu krem\u00edka s\u00fa najvhodnej\u0161\u00edm n\u00e1bytkom do pec\u00ed pre sanit\u00e1rne odevy a elektroporcel\u00e1n. <a href=\"http:\/\/siliconcarbide.net\/sk\/reakcne-viazany-karbid-kremika\/sic-priecne-nosniky\/\">SiSiC l\u00fa\u010d<\/a> m\u00e1 vynikaj\u00facu tepeln\u00fa vodivos\u0165, tak\u017ee je k dispoz\u00edcii na \u00fasporu energie.M\u00f4\u017eeme vyrobi\u0165 sisic l\u00fa\u010d pod\u013ea va\u0161ich po\u017eiadaviek.<\/p>\n<p><a href=\"http:\/\/siliconcarbide.net\/wp-content\/uploads\/2014\/01\/silicon-carbide-ceramic-Cross-Beams.jpg\"><img decoding=\"async\" class=\"alignnone size-full wp-image-74 lazyload\" data-src=\"http:\/\/siliconcarbide.net\/wp-content\/uploads\/2014\/01\/silicon-carbide-ceramic-Cross-Beams.jpg\" alt=\"keramick\u00e9 prie\u010dne nosn\u00edky z karbidu krem\u00edka\" width=\"350\" height=\"209\" data-srcset=\"https:\/\/siliconcarbide.net\/wp-content\/uploads\/2014\/01\/silicon-carbide-ceramic-Cross-Beams.jpg 350w, https:\/\/siliconcarbide.net\/wp-content\/uploads\/2014\/01\/silicon-carbide-ceramic-Cross-Beams-300x179.jpg 300w\" data-sizes=\"(max-width: 350px) 100vw, 350px\" src=\"data:image\/gif;base64,R0lGODlhAQABAAAAACH5BAEKAAEALAAAAAABAAEAAAICTAEAOw==\" style=\"--smush-placeholder-width: 350px; --smush-placeholder-aspect-ratio: 350\/209;\" \/><\/a><\/p>","protected":false},"excerpt":{"rendered":"<p>sisic beam has high bearing capacity at high temperature, long-term use without bending deformation.silicon carbide beams works at 1380 C,technical parameters of the cross beam remain unchanged.sisic beam has high strength, high hardness, high temperature resistance, wear resistance, corrosion resistance, oxidation resistance, heat resistance, good thermal shock resistance, good thermal conductivity and high thermal efficiency.sic [&hellip;]<\/p>\n","protected":false},"author":1,"featured_media":0,"parent":0,"menu_order":0,"comment_status":"closed","ping_status":"open","template":"","meta":{"ngg_post_thumbnail":0,"footnotes":""},"class_list":["post-75","page","type-page","status-publish","hentry"],"aioseo_notices":[],"_links":{"self":[{"href":"https:\/\/siliconcarbide.net\/sk\/wp-json\/wp\/v2\/pages\/75","targetHints":{"allow":["GET"]}}],"collection":[{"href":"https:\/\/siliconcarbide.net\/sk\/wp-json\/wp\/v2\/pages"}],"about":[{"href":"https:\/\/siliconcarbide.net\/sk\/wp-json\/wp\/v2\/types\/page"}],"author":[{"embeddable":true,"href":"https:\/\/siliconcarbide.net\/sk\/wp-json\/wp\/v2\/users\/1"}],"replies":[{"embeddable":true,"href":"https:\/\/siliconcarbide.net\/sk\/wp-json\/wp\/v2\/comments?post=75"}],"version-history":[{"count":0,"href":"https:\/\/siliconcarbide.net\/sk\/wp-json\/wp\/v2\/pages\/75\/revisions"}],"wp:attachment":[{"href":"https:\/\/siliconcarbide.net\/sk\/wp-json\/wp\/v2\/media?parent=75"}],"curies":[{"name":"wp","href":"https:\/\/api.w.org\/{rel}","templated":true}]}}