{"id":115,"date":"2015-07-11T16:14:30","date_gmt":"2015-07-11T08:14:30","guid":{"rendered":"http:\/\/siliconcarbide.net\/?page_id=115"},"modified":"2016-11-29T23:55:08","modified_gmt":"2016-11-29T15:55:08","slug":"galeria","status":"publish","type":"page","link":"https:\/\/siliconcarbide.net\/sk\/gallery\/","title":{"rendered":"Gal\u00e9ria"},"content":{"rendered":"<p>\n\tN\u00e1jdete tu fotografie reak\u010dnej keramiky s karbidom krem\u00edka, na povrchu m\u00f4\u017eete vidie\u0165 krem\u00edkov\u00fd pr\u00e1\u0161ok.Odstr\u00e1nime krem\u00edkov\u00fd pr\u00e1\u0161ok.\n<\/p>\n<p>\n\t<strong>ngg_shortcode_0_placeholder<\/strong>\n<\/p>\n<p>\n\t&nbsp;\n<\/p>\n<p>\n\tN\u00e1jdite fotografie spekan\u00e9ho karbidu krem\u00edka keramiky, naz\u00fdvan\u00e9ho tie\u017e SSiC.The funkcia je lep\u0161ia ako reakcia viazan\u00e1 sic.But cena za ssic je vy\u0161\u0161ia.\n<\/p>\n<p>\n\t<strong>ngg_shortcode_1_placeholder<\/strong>\n<\/p>\n<p>\n\t&nbsp;\n<\/p>\n<p>\n\t&nbsp;<\/p>","protected":false},"excerpt":{"rendered":"<p>N\u00e1jdete tu fotografie reak\u010dnej keramiky s karbidom krem\u00edka, na povrchu m\u00f4\u017eete vidie\u0165 krem\u00edkov\u00fd pr\u00e1\u0161ok.Odstr\u00e1nime krem\u00edkov\u00fd pr\u00e1\u0161ok.   N\u00e1jdete tu fotografie spekanej keramiky z karbidu krem\u00edka, naz\u00fdvanej aj SSiC.The funkcia je lep\u0161ia ako reak\u010dne viazan\u00e1 sic.But cena za ssic je vy\u0161\u0161ia. &nbsp; &nbsp;<\/p>","protected":false},"author":1,"featured_media":0,"parent":0,"menu_order":0,"comment_status":"closed","ping_status":"open","template":"page-full.php","meta":{"ngg_post_thumbnail":0,"footnotes":""},"class_list":["post-115","page","type-page","status-publish","hentry"],"aioseo_notices":[],"_links":{"self":[{"href":"https:\/\/siliconcarbide.net\/sk\/wp-json\/wp\/v2\/pages\/115","targetHints":{"allow":["GET"]}}],"collection":[{"href":"https:\/\/siliconcarbide.net\/sk\/wp-json\/wp\/v2\/pages"}],"about":[{"href":"https:\/\/siliconcarbide.net\/sk\/wp-json\/wp\/v2\/types\/page"}],"author":[{"embeddable":true,"href":"https:\/\/siliconcarbide.net\/sk\/wp-json\/wp\/v2\/users\/1"}],"replies":[{"embeddable":true,"href":"https:\/\/siliconcarbide.net\/sk\/wp-json\/wp\/v2\/comments?post=115"}],"version-history":[{"count":0,"href":"https:\/\/siliconcarbide.net\/sk\/wp-json\/wp\/v2\/pages\/115\/revisions"}],"wp:attachment":[{"href":"https:\/\/siliconcarbide.net\/sk\/wp-json\/wp\/v2\/media?parent=115"}],"curies":[{"name":"wp","href":"https:\/\/api.w.org\/{rel}","templated":true}]}}