{"id":97,"date":"2015-01-11T18:02:03","date_gmt":"2015-01-11T10:02:03","guid":{"rendered":"http:\/\/siliconcarbide.net\/?page_id=97"},"modified":"2017-10-12T08:15:26","modified_gmt":"2017-10-12T00:15:26","slug":"controlul-calitatii","status":"publish","type":"page","link":"https:\/\/siliconcarbide.net\/ro\/quality-control\/","title":{"rendered":"Controlul calit\u0103\u021bii"},"content":{"rendered":"<p>\n\tControlul constant al calit\u0103\u021bii \u00een timpul fabrica\u021biei este garan\u021bia unei bune calit\u0103\u021bi \u0219i a satisfac\u021biei clientului nostru. Respectarea specifica\u021biilor \u0219i a desenelor clien\u021bilor no\u0219tri reprezint\u0103 baza controlului nostru al calit\u0103\u021bii. Folosim multe metode \u0219i echipamente pentru a inspecta produsele. De asemenea, control\u0103m fiecare etap\u0103 de produc\u021bie \u0219i vom stoca datele \u00een scopul trasabilit\u0103\u021bii.\n<\/p>\n<p>\n\t<!--more-->\n<\/p>\n<p>\n\t\u00een alegerea materialului adecvat \u00eenc\u0103 din faza ini\u021bial\u0103 de proiectare<br \/>\n\t\u00een selectarea celei mai rentabile c\u0103i de fabrica\u021bie<br \/>\n\t\u00een asigurarea unor standarde ridicate de calitate pentru serviciile \u0219i produsele noastre destinate clien\u021bilor<br \/>\n\t\u00een garantarea trasabilit\u0103\u021bii complete a proceselor noastre<br \/>\n\t\u0219i conducerea continu\u0103 a sistemului nostru de calitate c\u0103tre o eficien\u021b\u0103 mai mare este o regul\u0103\n<\/p>\n<p>\n\tproiect\u0103m, dezvolt\u0103m \u0219i producem propria noastr\u0103 ceramic\u0103 din carbur\u0103 de siliciu pentru a oferi performan\u021be excelente \u00een vederea \u00eendeplinirii unei variet\u0103\u021bi de cerin\u021be de aplica\u021bii pentru uzur\u0103 abraziv\u0103 extrem\u0103, coroziune, temperaturi ridicate \u0219i \u0219ocuri termice. Ceramica noastr\u0103 din carbur\u0103 de siliciu ofer\u0103 urm\u0103toarele avantaje:<br \/>\n\tFormularea materialului prin metode proiectate statistic.<br \/>\n\tUtilizarea exclusiv\u0103 de materii prime consistente, de \u00eenalt\u0103 calitate.<br \/>\n\tFabricarea intern\u0103 a matri\u021belor, dezvoltare intern\u0103, materiale multiple, inclusiv prototipuri rapide, echipamente de frezare CNC.<br \/>\n\tUnelte de lucru interne pentru o calitate ridicat\u0103 \u0219i flexibilitate constante.<br \/>\n\tDetalii privind controlul \u0219i monitorizarea proceselor pe parcursul \u00eentregii opera\u021biuni de produc\u021bie.<br \/>\n\tControale ale cuptorului care optimizeaz\u0103 consisten\u021ba arderii \u0219i timpul de men\u021binere \u0219i altele; verificarea rezultatelor monitorizate pentru fiecare ciclu finalizat.\n<\/p>\n<p>\n\tV\u0103 rug\u0103m s\u0103 g\u0103si\u021bi indicatorii pentru ceramica de carbur\u0103 de siliciu legat\u0103 prin reac\u021bie\n<\/p>\n<p>\n\t<a href=\"http:\/\/siliconcarbide.net\/wp-content\/uploads\/2015\/01\/Reaction-Bonded-silicon-carbide-ceramic-indicator.pdf\">Indicator ceramic din carbur\u0103 de siliciu legat prin reac\u021bie<\/a>(fi\u0219ier PDF)\n<\/p>\n<p>\n\tV\u0103 rug\u0103m s\u0103 g\u0103si\u021bi indicatorii pentru Carbur\u0103 de siliciu sinterizat\u0103 ceramic\u0103\n<\/p>\n<p>\n\t<a href=\"http:\/\/siliconcarbide.net\/wp-content\/uploads\/2015\/01\/Sintered-Silicon-Carbide-Ceramic-indicator.pdf\">Carbur\u0103 de siliciu sinterizat\u0103 indicator ceramic<\/a>(fi\u0219ier PDF)\n<\/p>\n<p>\n\t<a href=\"http:\/\/siliconcarbide.net\/wp-content\/uploads\/2015\/01\/reaction-bonded-silicon-carbide.jpg\"><img decoding=\"async\" alt=\"carbur\u0103 de siliciu legat\u0103 prin reac\u021bie\" class=\"alignnone size-full wp-image-271 lazyload\" height=\"824\" data-src=\"http:\/\/siliconcarbide.net\/wp-content\/uploads\/2015\/01\/reaction-bonded-silicon-carbide.jpg\" width=\"628\" src=\"data:image\/gif;base64,R0lGODlhAQABAAAAACH5BAEKAAEALAAAAAABAAEAAAICTAEAOw==\" style=\"--smush-placeholder-width: 628px; --smush-placeholder-aspect-ratio: 628\/824;\" \/><\/a>\n<\/p>\n<p>\n\t<a href=\"http:\/\/siliconcarbide.net\/wp-content\/uploads\/2015\/01\/silicon-carbide-ceramic-function.jpg\"><img decoding=\"async\" alt=\"carbur\u0103 de siliciu func\u021bie ceramic\u0103\" class=\"alignnone size-full wp-image-220 lazyload\" height=\"602\" data-src=\"http:\/\/siliconcarbide.net\/wp-content\/uploads\/2015\/01\/silicon-carbide-ceramic-function.jpg\" width=\"617\" src=\"data:image\/gif;base64,R0lGODlhAQABAAAAACH5BAEKAAEALAAAAAABAAEAAAICTAEAOw==\" style=\"--smush-placeholder-width: 617px; --smush-placeholder-aspect-ratio: 617\/602;\" \/><\/a><\/p>","protected":false},"excerpt":{"rendered":"<p>The constant quality control during manufacturing is the guarantee for the good quality and for the satisfaction of our customer. Meeting the specifications and drawings of our customers are the basis of our quality control. We use many ways and equipment to inspect for products. Also we control every step for producing.We will store&nbsp; data [&hellip;]<\/p>\n","protected":false},"author":1,"featured_media":0,"parent":0,"menu_order":0,"comment_status":"closed","ping_status":"open","template":"","meta":{"ngg_post_thumbnail":0,"footnotes":""},"class_list":["post-97","page","type-page","status-publish","hentry"],"aioseo_notices":[],"_links":{"self":[{"href":"https:\/\/siliconcarbide.net\/ro\/wp-json\/wp\/v2\/pages\/97","targetHints":{"allow":["GET"]}}],"collection":[{"href":"https:\/\/siliconcarbide.net\/ro\/wp-json\/wp\/v2\/pages"}],"about":[{"href":"https:\/\/siliconcarbide.net\/ro\/wp-json\/wp\/v2\/types\/page"}],"author":[{"embeddable":true,"href":"https:\/\/siliconcarbide.net\/ro\/wp-json\/wp\/v2\/users\/1"}],"replies":[{"embeddable":true,"href":"https:\/\/siliconcarbide.net\/ro\/wp-json\/wp\/v2\/comments?post=97"}],"version-history":[{"count":0,"href":"https:\/\/siliconcarbide.net\/ro\/wp-json\/wp\/v2\/pages\/97\/revisions"}],"wp:attachment":[{"href":"https:\/\/siliconcarbide.net\/ro\/wp-json\/wp\/v2\/media?parent=97"}],"curies":[{"name":"wp","href":"https:\/\/api.w.org\/{rel}","templated":true}]}}