{"id":93,"date":"2015-01-11T17:14:44","date_gmt":"2015-01-11T09:14:44","guid":{"rendered":"http:\/\/siliconcarbide.net\/?page_id=93"},"modified":"2016-01-02T12:32:21","modified_gmt":"2016-01-02T04:32:21","slug":"feedback","status":"publish","type":"page","link":"https:\/\/siliconcarbide.net\/ro\/feedback\/","title":{"rendered":"FEEDBACK"},"content":{"rendered":"<p>Comentariile dvs. sunt cel mai mare sprijin pentru noi.\u00cembun\u0103t\u0103\u021birea nu se va termina niciodat\u0103!<\/p>","protected":false},"excerpt":{"rendered":"<p>Comentariile dvs. sunt cel mai mare sprijin pentru noi.\u00cembun\u0103t\u0103\u021birea nu se va termina niciodat\u0103!<\/p>","protected":false},"author":1,"featured_media":0,"parent":0,"menu_order":0,"comment_status":"open","ping_status":"open","template":"page-contact.php","meta":{"ngg_post_thumbnail":0,"footnotes":""},"class_list":["post-93","page","type-page","status-publish","hentry"],"aioseo_notices":[],"_links":{"self":[{"href":"https:\/\/siliconcarbide.net\/ro\/wp-json\/wp\/v2\/pages\/93","targetHints":{"allow":["GET"]}}],"collection":[{"href":"https:\/\/siliconcarbide.net\/ro\/wp-json\/wp\/v2\/pages"}],"about":[{"href":"https:\/\/siliconcarbide.net\/ro\/wp-json\/wp\/v2\/types\/page"}],"author":[{"embeddable":true,"href":"https:\/\/siliconcarbide.net\/ro\/wp-json\/wp\/v2\/users\/1"}],"replies":[{"embeddable":true,"href":"https:\/\/siliconcarbide.net\/ro\/wp-json\/wp\/v2\/comments?post=93"}],"version-history":[{"count":0,"href":"https:\/\/siliconcarbide.net\/ro\/wp-json\/wp\/v2\/pages\/93\/revisions"}],"wp:attachment":[{"href":"https:\/\/siliconcarbide.net\/ro\/wp-json\/wp\/v2\/media?parent=93"}],"curies":[{"name":"wp","href":"https:\/\/api.w.org\/{rel}","templated":true}]}}