{"id":9,"date":"2013-08-25T11:29:05","date_gmt":"2013-08-25T03:29:05","guid":{"rendered":"http:\/\/siliconcarbide.net\/?page_id=9"},"modified":"2022-01-23T13:32:48","modified_gmt":"2022-01-23T05:32:48","slug":"despre","status":"publish","type":"page","link":"https:\/\/siliconcarbide.net\/ro\/about\/","title":{"rendered":"Despre"},"content":{"rendered":"<p>Suntem \u00een Shanghai \u00een China, specializat\u0103 \u00een proiectarea \u0219i furnizarea de ceramic\u0103 de carbur\u0103 de siliciu, cum ar fi ceramic\u0103 de carbur\u0103 de siliciu sinterizat\u0103, ceramic\u0103 de carbur\u0103 de siliciu legat\u0103 de reac\u021bie.V\u0103 \u00eencuraj\u0103m s\u0103 discuta\u021bi proiectul dvs. cu noi devreme pentru a evita problemele dificile later.We va specifica beneficiile fiec\u0103rui material \u0219i discuta diverse tehnici de prelucrare care este suitable.Silicon carbide este un material fabricat de om fabricat prin \u00eenc\u0103lzirea nisipului de siliciu \u0219i a carbonului la temperaturi ridicate \u00een tehnica cuptorului. Carbura de siliciu este un material extrem de dur (duritate Mohs 9), este inert din punct de vedere chimic \u0219i nu se tope\u0219te. carbura de siliciu are o conductivitate termic\u0103 ridicat\u0103, un coeficient sc\u0103zut de dilatare termic\u0103, este rezistent\u0103 la \u0219ocuri termice \u0219i abraziune \u0219i are rezisten\u021b\u0103 la temperaturi ridicate. Propriet\u0103\u021bile variate ale carburii de siliciu \u00eel fac un material eficient \u00een multe aplica\u021bii diferite. ne spui cerin\u021ba ta, noi degsin \u0219i furnizarea celui mai bun produs pentru tine. Comentariile dvs. sunt cel mai important sprijin pentru noi. Controlul constant al calit\u0103\u021bii \u00een timpul fabrica\u021biei este garan\u021bia pentru calitatea bun\u0103 \u0219i pentru satisfac\u021bia clientului nostru. Respectarea specifica\u021biilor \u0219i a desenelor clien\u021bilor no\u0219tri reprezint\u0103 baza controlului nostru de calitate. Folosim multe metode \u0219i echipamente pentru a inspecta produsele. De asemenea, control\u0103m fiecare etap\u0103 de produc\u021bie \u0219i vom stoca datele privind calitatea \u00een scopul trasabilit\u0103\u021bii. Bine a\u021bi venit pentru a primi cererea dvs., inclusiv cerin\u021bele \u0219i comentariile!<\/p>\n<p><a href=\"http:\/\/siliconcarbide.net\/wp-content\/uploads\/2013\/08\/sisic-ceramic.jpg\"><img decoding=\"async\" class=\"size-full wp-image-280 aligncenter lazyload\" data-src=\"http:\/\/siliconcarbide.net\/wp-content\/uploads\/2013\/08\/sisic-ceramic.jpg\" alt=\"ceramic\u0103 sisic\u0103\" width=\"853\" height=\"640\" data-srcset=\"https:\/\/siliconcarbide.net\/wp-content\/uploads\/2013\/08\/sisic-ceramic.jpg 853w, https:\/\/siliconcarbide.net\/wp-content\/uploads\/2013\/08\/sisic-ceramic-300x225.jpg 300w, https:\/\/siliconcarbide.net\/wp-content\/uploads\/2013\/08\/sisic-ceramic-768x576.jpg 768w\" data-sizes=\"(max-width: 853px) 100vw, 853px\" src=\"data:image\/gif;base64,R0lGODlhAQABAAAAACH5BAEKAAEALAAAAAABAAEAAAICTAEAOw==\" style=\"--smush-placeholder-width: 853px; --smush-placeholder-aspect-ratio: 853\/640;\" \/><\/a><\/p>","protected":false},"excerpt":{"rendered":"<p>We are in shanghai in china,specializing in designing and supplying Silicon Carbide Ceramic,such as sintered silicon carbide ceramic,reaction bonded silicon carbide ceramic.We encourage you to discuss your project with us early to avoid difficult problems later.We will specify benefits of each material and discuss various processing techniques which is suitable.Silicon carbide is a man-made material [&hellip;]<\/p>\n","protected":false},"author":1,"featured_media":0,"parent":0,"menu_order":0,"comment_status":"closed","ping_status":"closed","template":"","meta":{"ngg_post_thumbnail":0,"footnotes":""},"class_list":["post-9","page","type-page","status-publish","hentry"],"aioseo_notices":[],"_links":{"self":[{"href":"https:\/\/siliconcarbide.net\/ro\/wp-json\/wp\/v2\/pages\/9","targetHints":{"allow":["GET"]}}],"collection":[{"href":"https:\/\/siliconcarbide.net\/ro\/wp-json\/wp\/v2\/pages"}],"about":[{"href":"https:\/\/siliconcarbide.net\/ro\/wp-json\/wp\/v2\/types\/page"}],"author":[{"embeddable":true,"href":"https:\/\/siliconcarbide.net\/ro\/wp-json\/wp\/v2\/users\/1"}],"replies":[{"embeddable":true,"href":"https:\/\/siliconcarbide.net\/ro\/wp-json\/wp\/v2\/comments?post=9"}],"version-history":[{"count":4,"href":"https:\/\/siliconcarbide.net\/ro\/wp-json\/wp\/v2\/pages\/9\/revisions"}],"predecessor-version":[{"id":484,"href":"https:\/\/siliconcarbide.net\/ro\/wp-json\/wp\/v2\/pages\/9\/revisions\/484"}],"wp:attachment":[{"href":"https:\/\/siliconcarbide.net\/ro\/wp-json\/wp\/v2\/media?parent=9"}],"curies":[{"name":"wp","href":"https:\/\/api.w.org\/{rel}","templated":true}]}}