{"id":75,"date":"2014-01-09T20:39:18","date_gmt":"2014-01-09T12:39:18","guid":{"rendered":"http:\/\/siliconcarbide.net\/?page_id=75"},"modified":"2021-06-15T15:43:37","modified_gmt":"2021-06-15T07:43:37","slug":"grinzi-transversale-sic","status":"publish","type":"page","link":"https:\/\/siliconcarbide.net\/ro\/sic-cross-beams\/","title":{"rendered":"Grinzi transversale SIC"},"content":{"rendered":"<p>grinda sisic are o capacitate portant\u0103 ridicat\u0103 la temperaturi ridicate, utilizare pe termen lung f\u0103r\u0103 deformare prin \u00eendoire. grinzile din carbur\u0103 de siliciu func\u021bioneaz\u0103 la 1380 C, parametrii tehnici ai grinzii transversale r\u0103m\u00e2n neschimba\u021bi. grinda sisic are rezisten\u021b\u0103 ridicat\u0103, duritate ridicat\u0103, rezisten\u021b\u0103 la temperaturi ridicate, rezisten\u021b\u0103 la uzur\u0103, rezisten\u021b\u0103 la coroziune, rezisten\u021b\u0103 la oxidare, rezisten\u021b\u0103 la c\u0103ldur\u0103, rezisten\u021b\u0103 bun\u0103 la \u0219ocuri termice, conductivitate termic\u0103 bun\u0103 \u0219i eficien\u021b\u0103 termic\u0103 ridicat\u0103.grinzile sic realizate din carbur\u0103 de siliciu legat\u0103 prin reac\u021bie sunt utilizate pentru sistemele structurii de \u00eenc\u0103rcare a cuptoarelor tunel, a cuptoarelor navet\u0103 \u0219i a multor alte cuptoare industriale. grinzile din carbur\u0103 de siliciu au o rezisten\u021b\u0103 mai mare \u0219i nu exist\u0103 deform\u0103ri chiar \u0219i la temperaturi foarte ridicate.<!--more-->\u0218i, de asemenea, acest tip de rafturi din carbur\u0103 de siliciu prezint\u0103 o durat\u0103 lung\u0103 de via\u021b\u0103 opera\u021bional\u0103. Grinzile ceramice din carbur\u0103 de siliciu legate prin reac\u021bie sunt cel mai potrivit mobilier de cuptor pentru aplica\u021biile de por\u021belanuri sanitare \u0219i electrice. <a href=\"http:\/\/siliconcarbide.net\/ro\/carbura-de-siliciu-legata-prin-reactie\/grinzi-transversale-sic\/\">Fascicul SiSiC<\/a> are o conductivitate termic\u0103 excelent\u0103, astfel \u00eenc\u00e2t este disponibil pentru a economisi energy.we poate face fascicul sisic \u00een func\u021bie de cerin\u021bele dumneavoastr\u0103.<\/p>\n<p><a href=\"http:\/\/siliconcarbide.net\/wp-content\/uploads\/2014\/01\/silicon-carbide-ceramic-Cross-Beams.jpg\"><img decoding=\"async\" class=\"alignnone size-full wp-image-74 lazyload\" data-src=\"http:\/\/siliconcarbide.net\/wp-content\/uploads\/2014\/01\/silicon-carbide-ceramic-Cross-Beams.jpg\" alt=\"grinzi transversale ceramice din carbur\u0103 de siliciu\" width=\"350\" height=\"209\" data-srcset=\"https:\/\/siliconcarbide.net\/wp-content\/uploads\/2014\/01\/silicon-carbide-ceramic-Cross-Beams.jpg 350w, https:\/\/siliconcarbide.net\/wp-content\/uploads\/2014\/01\/silicon-carbide-ceramic-Cross-Beams-300x179.jpg 300w\" data-sizes=\"(max-width: 350px) 100vw, 350px\" src=\"data:image\/gif;base64,R0lGODlhAQABAAAAACH5BAEKAAEALAAAAAABAAEAAAICTAEAOw==\" style=\"--smush-placeholder-width: 350px; --smush-placeholder-aspect-ratio: 350\/209;\" \/><\/a><\/p>","protected":false},"excerpt":{"rendered":"<p>sisic beam has high bearing capacity at high temperature, long-term use without bending deformation.silicon carbide beams works at 1380 C,technical parameters of the cross beam remain unchanged.sisic beam has high strength, high hardness, high temperature resistance, wear resistance, corrosion resistance, oxidation resistance, heat resistance, good thermal shock resistance, good thermal conductivity and high thermal efficiency.sic [&hellip;]<\/p>\n","protected":false},"author":1,"featured_media":0,"parent":0,"menu_order":0,"comment_status":"closed","ping_status":"open","template":"","meta":{"ngg_post_thumbnail":0,"footnotes":""},"class_list":["post-75","page","type-page","status-publish","hentry"],"aioseo_notices":[],"_links":{"self":[{"href":"https:\/\/siliconcarbide.net\/ro\/wp-json\/wp\/v2\/pages\/75","targetHints":{"allow":["GET"]}}],"collection":[{"href":"https:\/\/siliconcarbide.net\/ro\/wp-json\/wp\/v2\/pages"}],"about":[{"href":"https:\/\/siliconcarbide.net\/ro\/wp-json\/wp\/v2\/types\/page"}],"author":[{"embeddable":true,"href":"https:\/\/siliconcarbide.net\/ro\/wp-json\/wp\/v2\/users\/1"}],"replies":[{"embeddable":true,"href":"https:\/\/siliconcarbide.net\/ro\/wp-json\/wp\/v2\/comments?post=75"}],"version-history":[{"count":0,"href":"https:\/\/siliconcarbide.net\/ro\/wp-json\/wp\/v2\/pages\/75\/revisions"}],"wp:attachment":[{"href":"https:\/\/siliconcarbide.net\/ro\/wp-json\/wp\/v2\/media?parent=75"}],"curies":[{"name":"wp","href":"https:\/\/api.w.org\/{rel}","templated":true}]}}