{"id":115,"date":"2015-07-11T16:14:30","date_gmt":"2015-07-11T08:14:30","guid":{"rendered":"http:\/\/siliconcarbide.net\/?page_id=115"},"modified":"2016-11-29T23:55:08","modified_gmt":"2016-11-29T15:55:08","slug":"galerie","status":"publish","type":"page","link":"https:\/\/siliconcarbide.net\/ro\/gallery\/","title":{"rendered":"Galerie"},"content":{"rendered":"<p>\n\tV\u0103 rug\u0103m s\u0103 g\u0103si\u021bi fotografii ale ceramicii de carbur\u0103 de siliciu lipite prin reac\u021bie, pute\u021bi vedea pudra de siliciu de pe suprafa\u021b\u0103.Vom elimina pudra de siliciu.\n<\/p>\n<p>\n\t<strong>ngg_shortcode_0_placeholder<\/strong>\n<\/p>\n<p>\n\t&nbsp;\n<\/p>\n<p>\n\tV\u0103 rug\u0103m s\u0103 g\u0103si\u021bi fotografii de ceramic\u0103 carbur\u0103 de siliciu sinterizat\u0103, numit\u0103 \u0219i SSiC.Func\u021bia este mai bun\u0103 dec\u00e2t reac\u021bia legat\u0103 sic.Dar pre\u021bul pentru ssic este mai mare.\n<\/p>\n<p>\n\t<strong>ngg_shortcode_1_placeholder<\/strong>\n<\/p>\n<p>\n\t&nbsp;\n<\/p>\n<p>\n\t&nbsp;<\/p>","protected":false},"excerpt":{"rendered":"<p>V\u0103 rug\u0103m s\u0103 g\u0103si\u021bi fotografii ale ceramicii de carbur\u0103 de siliciu lipit\u0103 prin reac\u021bie, pute\u021bi vedea pudra de siliciu de pe suprafa\u021b\u0103.Vom elimina pudra de siliciu.   V\u0103 rug\u0103m s\u0103 g\u0103si\u021bi fotografii ale ceramicii de carbur\u0103 de siliciu sinterizat\u0103, numit\u0103 \u0219i SSiC.Func\u021bia este mai bun\u0103 dec\u00e2t reac\u021bia legat\u0103 sic.Dar pre\u021bul pentru ssic este mai mare. &nbsp; &nbsp;<\/p>","protected":false},"author":1,"featured_media":0,"parent":0,"menu_order":0,"comment_status":"closed","ping_status":"open","template":"page-full.php","meta":{"ngg_post_thumbnail":0,"footnotes":""},"class_list":["post-115","page","type-page","status-publish","hentry"],"aioseo_notices":[],"_links":{"self":[{"href":"https:\/\/siliconcarbide.net\/ro\/wp-json\/wp\/v2\/pages\/115","targetHints":{"allow":["GET"]}}],"collection":[{"href":"https:\/\/siliconcarbide.net\/ro\/wp-json\/wp\/v2\/pages"}],"about":[{"href":"https:\/\/siliconcarbide.net\/ro\/wp-json\/wp\/v2\/types\/page"}],"author":[{"embeddable":true,"href":"https:\/\/siliconcarbide.net\/ro\/wp-json\/wp\/v2\/users\/1"}],"replies":[{"embeddable":true,"href":"https:\/\/siliconcarbide.net\/ro\/wp-json\/wp\/v2\/comments?post=115"}],"version-history":[{"count":0,"href":"https:\/\/siliconcarbide.net\/ro\/wp-json\/wp\/v2\/pages\/115\/revisions"}],"wp:attachment":[{"href":"https:\/\/siliconcarbide.net\/ro\/wp-json\/wp\/v2\/media?parent=115"}],"curies":[{"name":"wp","href":"https:\/\/api.w.org\/{rel}","templated":true}]}}