{"id":97,"date":"2015-01-11T18:02:03","date_gmt":"2015-01-11T10:02:03","guid":{"rendered":"http:\/\/siliconcarbide.net\/?page_id=97"},"modified":"2017-10-12T08:15:26","modified_gmt":"2017-10-12T00:15:26","slug":"controle-de-qualidade","status":"publish","type":"page","link":"https:\/\/siliconcarbide.net\/pt_br\/quality-control\/","title":{"rendered":"Controle de qualidade"},"content":{"rendered":"<p>\n\tO controle de qualidade constante durante a fabrica\u00e7\u00e3o \u00e9 a garantia da boa qualidade e da satisfa\u00e7\u00e3o de nossos clientes. O atendimento \u00e0s especifica\u00e7\u00f5es e aos desenhos dos nossos clientes \u00e9 a base do nosso controle de qualidade. Usamos v\u00e1rios meios e equipamentos para inspecionar os produtos. Al\u00e9m disso, controlamos cada etapa da produ\u00e7\u00e3o e armazenamos dados para fins de rastreabilidade.\n<\/p>\n<p>\n\t<!--more-->\n<\/p>\n<p>\n\tna escolha do material adequado desde o est\u00e1gio inicial do projeto<br \/>\n\tna sele\u00e7\u00e3o da rota de fabrica\u00e7\u00e3o mais econ\u00f4mica<br \/>\n\tem fornecer padr\u00f5es de alta qualidade para nossos produtos e atendimento ao cliente<br \/>\n\tna garantia da rastreabilidade total de nossos processos<br \/>\n\te a condu\u00e7\u00e3o cont\u00ednua de nosso sistema de qualidade para uma maior efici\u00eancia \u00e9 uma regra\n<\/p>\n<p>\n\tProjetamos, desenvolvemos e fabricamos nossas pr\u00f3prias cer\u00e2micas de carbeto de sil\u00edcio para oferecer excelente desempenho e atender a uma variedade de requisitos de aplica\u00e7\u00f5es de desgaste abrasivo extremo, corros\u00e3o, alta temperatura e choque t\u00e9rmico. Nossa cer\u00e2mica de carbeto de sil\u00edcio oferece as seguintes vantagens:<br \/>\n\tFormula\u00e7\u00e3o de materiais por m\u00e9todos estatisticamente projetados.<br \/>\n\tUso exclusivo de mat\u00e9rias-primas consistentes e de alta qualidade.<br \/>\n\tFabrica\u00e7\u00e3o interna de moldes, desenvolvidos internamente, com v\u00e1rios materiais, incluindo prototipagem r\u00e1pida, equipamento de roteamento CNC.<br \/>\n\tFerramentas de trabalho internas para alta qualidade e flexibilidade consistentes.<br \/>\n\tControles de processo e detalhes de monitoramento em toda a opera\u00e7\u00e3o de fabrica\u00e7\u00e3o.<br \/>\n\tControles do forno que otimizam a consist\u00eancia da queima, o tempo de reten\u00e7\u00e3o e outros; verifica\u00e7\u00e3o dos resultados monitorados para cada ciclo conclu\u00eddo.\n<\/p>\n<p>\n\tVeja os indicadores para cer\u00e2mica de carbeto de sil\u00edcio ligada por rea\u00e7\u00e3o\n<\/p>\n<p>\n\t<a href=\"http:\/\/siliconcarbide.net\/wp-content\/uploads\/2015\/01\/Reaction-Bonded-silicon-carbide-ceramic-indicator.pdf\">Indicador cer\u00e2mico de carbeto de sil\u00edcio ligado por rea\u00e7\u00e3o<\/a>(arquivo PDF)\n<\/p>\n<p>\n\tVeja a seguir os indicadores para Cer\u00e2mica de carbeto de sil\u00edcio sinterizado\n<\/p>\n<p>\n\t<a href=\"http:\/\/siliconcarbide.net\/wp-content\/uploads\/2015\/01\/Sintered-Silicon-Carbide-Ceramic-indicator.pdf\">Indicador de cer\u00e2mica de carbeto de sil\u00edcio sinterizado<\/a>(arquivo PDF)\n<\/p>\n<p>\n\t<a href=\"http:\/\/siliconcarbide.net\/wp-content\/uploads\/2015\/01\/reaction-bonded-silicon-carbide.jpg\"><img decoding=\"async\" alt=\"carbeto de sil\u00edcio ligado por rea\u00e7\u00e3o\" class=\"alignnone size-full wp-image-271 lazyload\" height=\"824\" data-src=\"http:\/\/siliconcarbide.net\/wp-content\/uploads\/2015\/01\/reaction-bonded-silicon-carbide.jpg\" width=\"628\" src=\"data:image\/gif;base64,R0lGODlhAQABAAAAACH5BAEKAAEALAAAAAABAAEAAAICTAEAOw==\" style=\"--smush-placeholder-width: 628px; --smush-placeholder-aspect-ratio: 628\/824;\" \/><\/a>\n<\/p>\n<p>\n\t<a href=\"http:\/\/siliconcarbide.net\/wp-content\/uploads\/2015\/01\/silicon-carbide-ceramic-function.jpg\"><img decoding=\"async\" alt=\"fun\u00e7\u00e3o cer\u00e2mica de carbeto de sil\u00edcio\" class=\"alignnone size-full wp-image-220 lazyload\" height=\"602\" data-src=\"http:\/\/siliconcarbide.net\/wp-content\/uploads\/2015\/01\/silicon-carbide-ceramic-function.jpg\" width=\"617\" src=\"data:image\/gif;base64,R0lGODlhAQABAAAAACH5BAEKAAEALAAAAAABAAEAAAICTAEAOw==\" style=\"--smush-placeholder-width: 617px; --smush-placeholder-aspect-ratio: 617\/602;\" \/><\/a><\/p>","protected":false},"excerpt":{"rendered":"<p>The constant quality control during manufacturing is the guarantee for the good quality and for the satisfaction of our customer. Meeting the specifications and drawings of our customers are the basis of our quality control. We use many ways and equipment to inspect for products. Also we control every step for producing.We will store&nbsp; data [&hellip;]<\/p>\n","protected":false},"author":1,"featured_media":0,"parent":0,"menu_order":0,"comment_status":"closed","ping_status":"open","template":"","meta":{"ngg_post_thumbnail":0,"footnotes":""},"class_list":["post-97","page","type-page","status-publish","hentry"],"aioseo_notices":[],"_links":{"self":[{"href":"https:\/\/siliconcarbide.net\/pt_br\/wp-json\/wp\/v2\/pages\/97","targetHints":{"allow":["GET"]}}],"collection":[{"href":"https:\/\/siliconcarbide.net\/pt_br\/wp-json\/wp\/v2\/pages"}],"about":[{"href":"https:\/\/siliconcarbide.net\/pt_br\/wp-json\/wp\/v2\/types\/page"}],"author":[{"embeddable":true,"href":"https:\/\/siliconcarbide.net\/pt_br\/wp-json\/wp\/v2\/users\/1"}],"replies":[{"embeddable":true,"href":"https:\/\/siliconcarbide.net\/pt_br\/wp-json\/wp\/v2\/comments?post=97"}],"version-history":[{"count":0,"href":"https:\/\/siliconcarbide.net\/pt_br\/wp-json\/wp\/v2\/pages\/97\/revisions"}],"wp:attachment":[{"href":"https:\/\/siliconcarbide.net\/pt_br\/wp-json\/wp\/v2\/media?parent=97"}],"curies":[{"name":"wp","href":"https:\/\/api.w.org\/{rel}","templated":true}]}}