{"id":9,"date":"2013-08-25T11:29:05","date_gmt":"2013-08-25T03:29:05","guid":{"rendered":"http:\/\/siliconcarbide.net\/?page_id=9"},"modified":"2022-01-23T13:32:48","modified_gmt":"2022-01-23T05:32:48","slug":"sobre","status":"publish","type":"page","link":"https:\/\/siliconcarbide.net\/pt_br\/about\/","title":{"rendered":"Sobre"},"content":{"rendered":"<p>Estamos localizados em Xangai, na China, e somos especializados em projetar e fornecer cer\u00e2mica de carbeto de sil\u00edcio, como cer\u00e2mica de carbeto de sil\u00edcio sinterizado, cer\u00e2mica de carbeto de sil\u00edcio ligada por rea\u00e7\u00e3o. Recomendamos que voc\u00ea discuta seu projeto conosco com anteced\u00eancia para evitar problemas dif\u00edceis mais tarde. O carbeto de sil\u00edcio \u00e9 um material extremamente duro (dureza Mohs 9), \u00e9 quimicamente inerte e n\u00e3o derrete. O carbeto de sil\u00edcio tem alta condutividade t\u00e9rmica, baixo coeficiente de expans\u00e3o t\u00e9rmica, \u00e9 resistente a choques t\u00e9rmicos e \u00e0 abras\u00e3o e tem resist\u00eancia a altas temperaturas. As propriedades variadas do carbeto de sil\u00edcio fazem dele um material eficaz em muitas aplica\u00e7\u00f5es diferentes. Seus coment\u00e1rios s\u00e3o o maior apoio para n\u00f3s. O controle de qualidade constante durante a fabrica\u00e7\u00e3o \u00e9 a garantia da boa qualidade e da satisfa\u00e7\u00e3o do nosso cliente. O cumprimento das especifica\u00e7\u00f5es e dos desenhos dos nossos clientes \u00e9 a base do nosso controle de qualidade. Utilizamos v\u00e1rias formas e equipamentos para inspecionar os produtos. Al\u00e9m disso, controlamos cada etapa da produ\u00e7\u00e3o e armazenamos os dados de qualidade para fins de rastreabilidade. Estamos \u00e0 disposi\u00e7\u00e3o para receber sua consulta, incluindo requisitos e coment\u00e1rios!<\/p>\n<p><a href=\"http:\/\/siliconcarbide.net\/wp-content\/uploads\/2013\/08\/sisic-ceramic.jpg\"><img decoding=\"async\" class=\"size-full wp-image-280 aligncenter lazyload\" data-src=\"http:\/\/siliconcarbide.net\/wp-content\/uploads\/2013\/08\/sisic-ceramic.jpg\" alt=\"cer\u00e2mica sisica\" width=\"853\" height=\"640\" data-srcset=\"https:\/\/siliconcarbide.net\/wp-content\/uploads\/2013\/08\/sisic-ceramic.jpg 853w, https:\/\/siliconcarbide.net\/wp-content\/uploads\/2013\/08\/sisic-ceramic-300x225.jpg 300w, https:\/\/siliconcarbide.net\/wp-content\/uploads\/2013\/08\/sisic-ceramic-768x576.jpg 768w\" data-sizes=\"(max-width: 853px) 100vw, 853px\" src=\"data:image\/gif;base64,R0lGODlhAQABAAAAACH5BAEKAAEALAAAAAABAAEAAAICTAEAOw==\" style=\"--smush-placeholder-width: 853px; --smush-placeholder-aspect-ratio: 853\/640;\" \/><\/a><\/p>","protected":false},"excerpt":{"rendered":"<p>We are in shanghai in china,specializing in designing and supplying Silicon Carbide Ceramic,such as sintered silicon carbide ceramic,reaction bonded silicon carbide ceramic.We encourage you to discuss your project with us early to avoid difficult problems later.We will specify benefits of each material and discuss various processing techniques which is suitable.Silicon carbide is a man-made material [&hellip;]<\/p>\n","protected":false},"author":1,"featured_media":0,"parent":0,"menu_order":0,"comment_status":"closed","ping_status":"closed","template":"","meta":{"ngg_post_thumbnail":0,"footnotes":""},"class_list":["post-9","page","type-page","status-publish","hentry"],"aioseo_notices":[],"_links":{"self":[{"href":"https:\/\/siliconcarbide.net\/pt_br\/wp-json\/wp\/v2\/pages\/9","targetHints":{"allow":["GET"]}}],"collection":[{"href":"https:\/\/siliconcarbide.net\/pt_br\/wp-json\/wp\/v2\/pages"}],"about":[{"href":"https:\/\/siliconcarbide.net\/pt_br\/wp-json\/wp\/v2\/types\/page"}],"author":[{"embeddable":true,"href":"https:\/\/siliconcarbide.net\/pt_br\/wp-json\/wp\/v2\/users\/1"}],"replies":[{"embeddable":true,"href":"https:\/\/siliconcarbide.net\/pt_br\/wp-json\/wp\/v2\/comments?post=9"}],"version-history":[{"count":4,"href":"https:\/\/siliconcarbide.net\/pt_br\/wp-json\/wp\/v2\/pages\/9\/revisions"}],"predecessor-version":[{"id":484,"href":"https:\/\/siliconcarbide.net\/pt_br\/wp-json\/wp\/v2\/pages\/9\/revisions\/484"}],"wp:attachment":[{"href":"https:\/\/siliconcarbide.net\/pt_br\/wp-json\/wp\/v2\/media?parent=9"}],"curies":[{"name":"wp","href":"https:\/\/api.w.org\/{rel}","templated":true}]}}