{"id":79,"date":"2014-11-30T20:29:59","date_gmt":"2014-11-30T12:29:59","guid":{"rendered":"http:\/\/siliconcarbide.net\/?page_id=79"},"modified":"2018-03-28T21:32:54","modified_gmt":"2018-03-28T13:32:54","slug":"tubos-de-ar-de-resfriamento-sisic","status":"publish","type":"page","link":"https:\/\/siliconcarbide.net\/pt_br\/sisic-cooling-air-pipes\/","title":{"rendered":"Tubos de ar de resfriamento SISIC"},"content":{"rendered":"<p>\n\t<a href=\"http:\/\/siliconcarbide.net\/pt_br\/tubos-de-ar-de-resfriamento-sisic\/\">Carbeto de sil\u00edcio ligado por rea\u00e7\u00e3o<\/a>tamb\u00e9m conhecido como carbeto de sil\u00edcio siliconizado ou SiSiC, \u00e9 um tipo de sic fabricado por uma rea\u00e7\u00e3o qu\u00edmica entre carbono poroso ou grafite com sil\u00edcio fundido.\n<\/p>\n<p>\n\tOs tubos de ar de resfriamento SISIC s\u00e3o usados para a \u00e1rea de resfriamento de fornos de rolos. Esse tipo de tubo de carboneto de sil\u00edcio apresenta excelente desempenho em resfriamento r\u00e1pido e n\u00e3o h\u00e1 deforma\u00e7\u00f5es mesmo em aplica\u00e7\u00f5es de longo prazo para esse tipo de tubo. A vida \u00fatil desse tipo de tubo de carbeto de sil\u00edcio \u00e9 mais de 10 vezes superior \u00e0 dos tubos de a\u00e7o inoxid\u00e1vel.\n<\/p>\n<p>\n\t<a href=\"http:\/\/siliconcarbide.net\/wp-content\/uploads\/2014\/11\/SISIC-Cooling-Air-pipes.jpg\"><img decoding=\"async\" alt=\"Tubos de ar de resfriamento SISIC\" class=\"alignnone size-full wp-image-80 lazyload\" height=\"350\" data-src=\"http:\/\/siliconcarbide.net\/wp-content\/uploads\/2014\/11\/SISIC-Cooling-Air-pipes.jpg\" width=\"500\" data-srcset=\"https:\/\/siliconcarbide.net\/wp-content\/uploads\/2014\/11\/SISIC-Cooling-Air-pipes.jpg 500w, https:\/\/siliconcarbide.net\/wp-content\/uploads\/2014\/11\/SISIC-Cooling-Air-pipes-300x210.jpg 300w\" data-sizes=\"(max-width: 500px) 100vw, 500px\" src=\"data:image\/gif;base64,R0lGODlhAQABAAAAACH5BAEKAAEALAAAAAABAAEAAAICTAEAOw==\" style=\"--smush-placeholder-width: 500px; --smush-placeholder-aspect-ratio: 500\/350;\" \/><\/a>\n<\/p>\n<p>\n\t&nbsp;<\/p>","protected":false},"excerpt":{"rendered":"<p>Reaction bonded silicon carbide, also known as siliconized silicon carbide or SiSiC, is a type of sic that is manufactured by a chemical reaction between porous carbon or graphite with molten silicon. SISIC Cooling Air pipes&nbsp;are used for the cooling area of roller hearth kilns.This kind silicon carbide pipe display excellent performance in rapid cooling.And [&hellip;]<\/p>\n","protected":false},"author":1,"featured_media":0,"parent":0,"menu_order":0,"comment_status":"closed","ping_status":"open","template":"","meta":{"ngg_post_thumbnail":0,"footnotes":""},"class_list":["post-79","page","type-page","status-publish","hentry"],"aioseo_notices":[],"_links":{"self":[{"href":"https:\/\/siliconcarbide.net\/pt_br\/wp-json\/wp\/v2\/pages\/79","targetHints":{"allow":["GET"]}}],"collection":[{"href":"https:\/\/siliconcarbide.net\/pt_br\/wp-json\/wp\/v2\/pages"}],"about":[{"href":"https:\/\/siliconcarbide.net\/pt_br\/wp-json\/wp\/v2\/types\/page"}],"author":[{"embeddable":true,"href":"https:\/\/siliconcarbide.net\/pt_br\/wp-json\/wp\/v2\/users\/1"}],"replies":[{"embeddable":true,"href":"https:\/\/siliconcarbide.net\/pt_br\/wp-json\/wp\/v2\/comments?post=79"}],"version-history":[{"count":0,"href":"https:\/\/siliconcarbide.net\/pt_br\/wp-json\/wp\/v2\/pages\/79\/revisions"}],"wp:attachment":[{"href":"https:\/\/siliconcarbide.net\/pt_br\/wp-json\/wp\/v2\/media?parent=79"}],"curies":[{"name":"wp","href":"https:\/\/api.w.org\/{rel}","templated":true}]}}