{"id":21,"date":"2013-10-01T16:12:18","date_gmt":"2013-10-01T08:12:18","guid":{"rendered":"http:\/\/siliconcarbide.net\/?page_id=21"},"modified":"2025-11-27T23:25:44","modified_gmt":"2025-11-27T15:25:44","slug":"contato","status":"publish","type":"page","link":"https:\/\/siliconcarbide.net\/pt_br\/contact\/","title":{"rendered":"Contato"},"content":{"rendered":"<div class=\"company-header__name-wrapper vertical-middle\">\n<h1 class=\"company-header__name vertical-middle-inner\">Shanghai Ceratek Silicon Carbide Technology Co., Limited<\/h1>\n<\/div>\n<h3>Endere\u00e7o (escrit\u00f3rio em Xangai)<br \/>\nJiaHui Plaza, Lane 2601, XieTu Road, XuHui Area, Xangai, China<\/h3>\n<h3>Endere\u00e7o de e-mail:<\/h3>\n<h3><a href=\"mailto:info@siliconcarbide.net\"><strong>info@siliconcarbide.net<\/strong><\/a><\/h3>\n<h3>N\u00famero de telefone:+86 13472677819<\/h3>\n<h3>Nossa equipe chinesa lhe responder\u00e1 em breve, obrigado.<\/h3>","protected":false},"excerpt":{"rendered":"<p>Shanghai Ceratek Silicon Carbide Technology Co., Limited Endere\u00e7o (escrit\u00f3rio em Xangai) JiaHui Plaza, Lane 2601, XieTu Road, XuHui Area, Xangai, China Endere\u00e7o de e-mail: info@siliconcarbide.net N\u00famero de telefone: +86 13472677819 Nossa equipe chinesa responder\u00e1 em breve, obrigado.<\/p>","protected":false},"author":1,"featured_media":0,"parent":0,"menu_order":0,"comment_status":"closed","ping_status":"closed","template":"","meta":{"ngg_post_thumbnail":0,"footnotes":""},"class_list":["post-21","page","type-page","status-publish","hentry"],"aioseo_notices":[],"_links":{"self":[{"href":"https:\/\/siliconcarbide.net\/pt_br\/wp-json\/wp\/v2\/pages\/21","targetHints":{"allow":["GET"]}}],"collection":[{"href":"https:\/\/siliconcarbide.net\/pt_br\/wp-json\/wp\/v2\/pages"}],"about":[{"href":"https:\/\/siliconcarbide.net\/pt_br\/wp-json\/wp\/v2\/types\/page"}],"author":[{"embeddable":true,"href":"https:\/\/siliconcarbide.net\/pt_br\/wp-json\/wp\/v2\/users\/1"}],"replies":[{"embeddable":true,"href":"https:\/\/siliconcarbide.net\/pt_br\/wp-json\/wp\/v2\/comments?post=21"}],"version-history":[{"count":3,"href":"https:\/\/siliconcarbide.net\/pt_br\/wp-json\/wp\/v2\/pages\/21\/revisions"}],"predecessor-version":[{"id":665,"href":"https:\/\/siliconcarbide.net\/pt_br\/wp-json\/wp\/v2\/pages\/21\/revisions\/665"}],"wp:attachment":[{"href":"https:\/\/siliconcarbide.net\/pt_br\/wp-json\/wp\/v2\/media?parent=21"}],"curies":[{"name":"wp","href":"https:\/\/api.w.org\/{rel}","templated":true}]}}