{"id":115,"date":"2015-07-11T16:14:30","date_gmt":"2015-07-11T08:14:30","guid":{"rendered":"http:\/\/siliconcarbide.net\/?page_id=115"},"modified":"2016-11-29T23:55:08","modified_gmt":"2016-11-29T15:55:08","slug":"galeria","status":"publish","type":"page","link":"https:\/\/siliconcarbide.net\/pt_br\/gallery\/","title":{"rendered":"Galeria"},"content":{"rendered":"<p>\n\tVeja as fotos da cer\u00e2mica de carbeto de sil\u00edcio ligada por rea\u00e7\u00e3o, onde \u00e9 poss\u00edvel ver o p\u00f3 de sil\u00edcio na superf\u00edcie.\n<\/p>\n<p>\n\t<strong>ngg_shortcode_0_placeholder<\/strong>\n<\/p>\n<p>\n\t&nbsp;\n<\/p>\n<p>\n\tVeja as fotos da cer\u00e2mica de carbeto de sil\u00edcio sinterizado, tamb\u00e9m chamada de SSiC. A fun\u00e7\u00e3o \u00e9 melhor do que a sic ligada por rea\u00e7\u00e3o, mas o pre\u00e7o da ssic \u00e9 mais alto.\n<\/p>\n<p>\n\t<strong>ngg_shortcode_1_placeholder<\/strong>\n<\/p>\n<p>\n\t&nbsp;\n<\/p>\n<p>\n\t&nbsp;<\/p>","protected":false},"excerpt":{"rendered":"<p>Please find photos of reaction bonded silicon carbide ceramic,you can see the silicon powder on the surface.We will remove the silicon powder. &nbsp; Please find photos of sintered silicon carbide ceramic,also called SSiC.The function is better than reaction bonded sic.But price for ssic is higher. &nbsp; &nbsp;<\/p>","protected":false},"author":1,"featured_media":0,"parent":0,"menu_order":0,"comment_status":"closed","ping_status":"open","template":"page-full.php","meta":{"ngg_post_thumbnail":0,"footnotes":""},"class_list":["post-115","page","type-page","status-publish","hentry"],"aioseo_notices":[],"_links":{"self":[{"href":"https:\/\/siliconcarbide.net\/pt_br\/wp-json\/wp\/v2\/pages\/115","targetHints":{"allow":["GET"]}}],"collection":[{"href":"https:\/\/siliconcarbide.net\/pt_br\/wp-json\/wp\/v2\/pages"}],"about":[{"href":"https:\/\/siliconcarbide.net\/pt_br\/wp-json\/wp\/v2\/types\/page"}],"author":[{"embeddable":true,"href":"https:\/\/siliconcarbide.net\/pt_br\/wp-json\/wp\/v2\/users\/1"}],"replies":[{"embeddable":true,"href":"https:\/\/siliconcarbide.net\/pt_br\/wp-json\/wp\/v2\/comments?post=115"}],"version-history":[{"count":0,"href":"https:\/\/siliconcarbide.net\/pt_br\/wp-json\/wp\/v2\/pages\/115\/revisions"}],"wp:attachment":[{"href":"https:\/\/siliconcarbide.net\/pt_br\/wp-json\/wp\/v2\/media?parent=115"}],"curies":[{"name":"wp","href":"https:\/\/api.w.org\/{rel}","templated":true}]}}