{"id":97,"date":"2015-01-11T18:02:03","date_gmt":"2015-01-11T10:02:03","guid":{"rendered":"http:\/\/siliconcarbide.net\/?page_id=97"},"modified":"2017-10-12T08:15:26","modified_gmt":"2017-10-12T00:15:26","slug":"controlo-de-qualidade","status":"publish","type":"page","link":"https:\/\/siliconcarbide.net\/pt\/quality-control\/","title":{"rendered":"Controlo de qualidade"},"content":{"rendered":"<p>\n\tO controlo de qualidade constante durante o fabrico \u00e9 a garantia da boa qualidade e da satisfa\u00e7\u00e3o do nosso cliente. O cumprimento das especifica\u00e7\u00f5es e desenhos dos nossos clientes \u00e9 a base do nosso controlo de qualidade. Utilizamos v\u00e1rios meios e equipamentos para inspecionar os produtos. Tamb\u00e9m controlamos todas as etapas da produ\u00e7\u00e3o e armazenamos os dados para efeitos de rastreabilidade.\n<\/p>\n<p>\n\t<!--more-->\n<\/p>\n<p>\n\tna escolha do material adequado desde a fase inicial de conce\u00e7\u00e3o<br \/>\n\tna sele\u00e7\u00e3o da via de fabrico mais rent\u00e1vel<br \/>\n\tfornecer elevados padr\u00f5es de qualidade para o nosso servi\u00e7o ao cliente e produtos<br \/>\n\tpara garantir a rastreabilidade total dos nossos processos<br \/>\n\te a condu\u00e7\u00e3o cont\u00ednua do nosso sistema de qualidade para uma maior efici\u00eancia \u00e9 uma regra\n<\/p>\n<p>\n\tConcebemos, desenvolvemos e fabricamos as nossas pr\u00f3prias cer\u00e2micas de carboneto de sil\u00edcio para proporcionar um excelente desempenho e satisfazer uma variedade de requisitos de aplica\u00e7\u00f5es de desgaste abrasivo extremo, corros\u00e3o, alta temperatura e choque t\u00e9rmico. As nossas cer\u00e2micas de carboneto de sil\u00edcio oferecem as seguintes vantagens<br \/>\n\tFormula\u00e7\u00e3o de materiais por m\u00e9todos estatisticamente concebidos.<br \/>\n\tUtiliza\u00e7\u00e3o exclusiva de mat\u00e9rias-primas consistentes e de alta qualidade.<br \/>\n\tFabrico interno de moldes, desenvolvidos internamente, multi-materiais incluindo prototipagem r\u00e1pida, equipamento de fresagem CNC.<br \/>\n\tFerramentas de trabalho internas para uma elevada qualidade e flexibilidade consistentes.<br \/>\n\tControlos de processos e pormenores de monitoriza\u00e7\u00e3o ao longo de toda a opera\u00e7\u00e3o de fabrico.<br \/>\n\tControlos do forno que optimizam a consist\u00eancia da cozedura e o tempo de espera e outros; verifica\u00e7\u00e3o dos resultados monitorizados para cada ciclo completado.\n<\/p>\n<p>\n\tIndicadores para cer\u00e2mica de carboneto de sil\u00edcio ligada por rea\u00e7\u00e3o\n<\/p>\n<p>\n\t<a href=\"http:\/\/siliconcarbide.net\/wp-content\/uploads\/2015\/01\/Reaction-Bonded-silicon-carbide-ceramic-indicator.pdf\">Indicador cer\u00e2mico de carboneto de sil\u00edcio ligado por rea\u00e7\u00e3o<\/a>(ficheiro PDF)\n<\/p>\n<p>\n\tEncontram-se aqui os indicadores para Cer\u00e2mica de carboneto de sil\u00edcio sinterizado\n<\/p>\n<p>\n\t<a href=\"http:\/\/siliconcarbide.net\/wp-content\/uploads\/2015\/01\/Sintered-Silicon-Carbide-Ceramic-indicator.pdf\">Indicador cer\u00e2mico de carboneto de sil\u00edcio sinterizado<\/a>(ficheiro PDF)\n<\/p>\n<p>\n\t<a href=\"http:\/\/siliconcarbide.net\/wp-content\/uploads\/2015\/01\/reaction-bonded-silicon-carbide.jpg\"><img decoding=\"async\" alt=\"carboneto de sil\u00edcio ligado por rea\u00e7\u00e3o\" class=\"alignnone size-full wp-image-271 lazyload\" height=\"824\" data-src=\"http:\/\/siliconcarbide.net\/wp-content\/uploads\/2015\/01\/reaction-bonded-silicon-carbide.jpg\" width=\"628\" src=\"data:image\/gif;base64,R0lGODlhAQABAAAAACH5BAEKAAEALAAAAAABAAEAAAICTAEAOw==\" style=\"--smush-placeholder-width: 628px; --smush-placeholder-aspect-ratio: 628\/824;\" \/><\/a>\n<\/p>\n<p>\n\t<a href=\"http:\/\/siliconcarbide.net\/wp-content\/uploads\/2015\/01\/silicon-carbide-ceramic-function.jpg\"><img decoding=\"async\" alt=\"fun\u00e7\u00e3o cer\u00e2mica de carboneto de sil\u00edcio\" class=\"alignnone size-full wp-image-220 lazyload\" height=\"602\" data-src=\"http:\/\/siliconcarbide.net\/wp-content\/uploads\/2015\/01\/silicon-carbide-ceramic-function.jpg\" width=\"617\" src=\"data:image\/gif;base64,R0lGODlhAQABAAAAACH5BAEKAAEALAAAAAABAAEAAAICTAEAOw==\" style=\"--smush-placeholder-width: 617px; --smush-placeholder-aspect-ratio: 617\/602;\" \/><\/a><\/p>","protected":false},"excerpt":{"rendered":"<p>The constant quality control during manufacturing is the guarantee for the good quality and for the satisfaction of our customer. Meeting the specifications and drawings of our customers are the basis of our quality control. We use many ways and equipment to inspect for products. Also we control every step for producing.We will store&nbsp; data [&hellip;]<\/p>\n","protected":false},"author":1,"featured_media":0,"parent":0,"menu_order":0,"comment_status":"closed","ping_status":"open","template":"","meta":{"ngg_post_thumbnail":0,"footnotes":""},"class_list":["post-97","page","type-page","status-publish","hentry"],"aioseo_notices":[],"_links":{"self":[{"href":"https:\/\/siliconcarbide.net\/pt\/wp-json\/wp\/v2\/pages\/97","targetHints":{"allow":["GET"]}}],"collection":[{"href":"https:\/\/siliconcarbide.net\/pt\/wp-json\/wp\/v2\/pages"}],"about":[{"href":"https:\/\/siliconcarbide.net\/pt\/wp-json\/wp\/v2\/types\/page"}],"author":[{"embeddable":true,"href":"https:\/\/siliconcarbide.net\/pt\/wp-json\/wp\/v2\/users\/1"}],"replies":[{"embeddable":true,"href":"https:\/\/siliconcarbide.net\/pt\/wp-json\/wp\/v2\/comments?post=97"}],"version-history":[{"count":0,"href":"https:\/\/siliconcarbide.net\/pt\/wp-json\/wp\/v2\/pages\/97\/revisions"}],"wp:attachment":[{"href":"https:\/\/siliconcarbide.net\/pt\/wp-json\/wp\/v2\/media?parent=97"}],"curies":[{"name":"wp","href":"https:\/\/api.w.org\/{rel}","templated":true}]}}