{"id":75,"date":"2014-01-09T20:39:18","date_gmt":"2014-01-09T12:39:18","guid":{"rendered":"http:\/\/siliconcarbide.net\/?page_id=75"},"modified":"2021-06-15T15:43:37","modified_gmt":"2021-06-15T07:43:37","slug":"sic-vigas-transversais","status":"publish","type":"page","link":"https:\/\/siliconcarbide.net\/pt\/sic-cross-beams\/","title":{"rendered":"Vigas transversais SIC"},"content":{"rendered":"<p>As vigas de carboneto de sil\u00edcio trabalham a 1380 C, os par\u00e2metros t\u00e9cnicos da viga transversal permanecem inalterados. A viga de sisic tem alta resist\u00eancia, alta dureza, resist\u00eancia a altas temperaturas, resist\u00eancia ao desgaste, resist\u00eancia \u00e0 corros\u00e3o, resist\u00eancia \u00e0 oxida\u00e7\u00e3o, resist\u00eancia ao calor, boa resist\u00eancia ao choque t\u00e9rmico, boa condutividade t\u00e9rmica e alta efici\u00eancia t\u00e9rmica.As vigas de carboneto de sil\u00edcio fabricadas com carboneto de sil\u00edcio ligado por rea\u00e7\u00e3o s\u00e3o utilizadas para os sistemas de estrutura de carga de fornos de t\u00fanel, fornos de vaiv\u00e9m e muitos outros fornos industriais. As vigas de carboneto de sil\u00edcio t\u00eam maior resist\u00eancia e n\u00e3o h\u00e1 deforma\u00e7\u00f5es mesmo a temperaturas muito elevadas.<!--more-->Al\u00e9m disso, este tipo de prateleiras de carboneto de sil\u00edcio tem uma longa vida \u00fatil. As vigas de cer\u00e2mica de carboneto de sil\u00edcio ligadas por rea\u00e7\u00e3o s\u00e3o o mobili\u00e1rio de forno mais adequado para aplica\u00e7\u00f5es de lou\u00e7a sanit\u00e1ria e porcelana el\u00e9ctrica. <a href=\"http:\/\/siliconcarbide.net\/pt\/carboneto-de-silicio-ligado-por-reacao\/sic-vigas-transversais\/\">Feixe de SiSiC<\/a> tem uma excelente condutividade t\u00e9rmica, por isso est\u00e1 dispon\u00edvel para poupar energia. Podemos fabricar vigas s\u00edsicas de acordo com a sua exig\u00eancia.<\/p>\n<p><a href=\"http:\/\/siliconcarbide.net\/wp-content\/uploads\/2014\/01\/silicon-carbide-ceramic-Cross-Beams.jpg\"><img decoding=\"async\" class=\"alignnone size-full wp-image-74 lazyload\" data-src=\"http:\/\/siliconcarbide.net\/wp-content\/uploads\/2014\/01\/silicon-carbide-ceramic-Cross-Beams.jpg\" alt=\"vigas transversais de cer\u00e2mica de carboneto de sil\u00edcio\" width=\"350\" height=\"209\" data-srcset=\"https:\/\/siliconcarbide.net\/wp-content\/uploads\/2014\/01\/silicon-carbide-ceramic-Cross-Beams.jpg 350w, https:\/\/siliconcarbide.net\/wp-content\/uploads\/2014\/01\/silicon-carbide-ceramic-Cross-Beams-300x179.jpg 300w\" data-sizes=\"(max-width: 350px) 100vw, 350px\" src=\"data:image\/gif;base64,R0lGODlhAQABAAAAACH5BAEKAAEALAAAAAABAAEAAAICTAEAOw==\" style=\"--smush-placeholder-width: 350px; --smush-placeholder-aspect-ratio: 350\/209;\" \/><\/a><\/p>","protected":false},"excerpt":{"rendered":"<p>sisic beam has high bearing capacity at high temperature, long-term use without bending deformation.silicon carbide beams works at 1380 C,technical parameters of the cross beam remain unchanged.sisic beam has high strength, high hardness, high temperature resistance, wear resistance, corrosion resistance, oxidation resistance, heat resistance, good thermal shock resistance, good thermal conductivity and high thermal efficiency.sic [&hellip;]<\/p>\n","protected":false},"author":1,"featured_media":0,"parent":0,"menu_order":0,"comment_status":"closed","ping_status":"open","template":"","meta":{"ngg_post_thumbnail":0,"footnotes":""},"class_list":["post-75","page","type-page","status-publish","hentry"],"aioseo_notices":[],"_links":{"self":[{"href":"https:\/\/siliconcarbide.net\/pt\/wp-json\/wp\/v2\/pages\/75","targetHints":{"allow":["GET"]}}],"collection":[{"href":"https:\/\/siliconcarbide.net\/pt\/wp-json\/wp\/v2\/pages"}],"about":[{"href":"https:\/\/siliconcarbide.net\/pt\/wp-json\/wp\/v2\/types\/page"}],"author":[{"embeddable":true,"href":"https:\/\/siliconcarbide.net\/pt\/wp-json\/wp\/v2\/users\/1"}],"replies":[{"embeddable":true,"href":"https:\/\/siliconcarbide.net\/pt\/wp-json\/wp\/v2\/comments?post=75"}],"version-history":[{"count":0,"href":"https:\/\/siliconcarbide.net\/pt\/wp-json\/wp\/v2\/pages\/75\/revisions"}],"wp:attachment":[{"href":"https:\/\/siliconcarbide.net\/pt\/wp-json\/wp\/v2\/media?parent=75"}],"curies":[{"name":"wp","href":"https:\/\/api.w.org\/{rel}","templated":true}]}}