{"id":97,"date":"2015-01-11T18:02:03","date_gmt":"2015-01-11T10:02:03","guid":{"rendered":"http:\/\/siliconcarbide.net\/?page_id=97"},"modified":"2017-10-12T08:15:26","modified_gmt":"2017-10-12T00:15:26","slug":"kontrola-jakosci","status":"publish","type":"page","link":"https:\/\/siliconcarbide.net\/pl\/quality-control\/","title":{"rendered":"Kontrola jako\u015bci"},"content":{"rendered":"<p>\n\tSta\u0142a kontrola jako\u015bci podczas produkcji jest gwarancj\u0105 dobrej jako\u015bci i zadowolenia naszych klient\u00f3w. Spe\u0142nianie specyfikacji i rysunk\u00f3w naszych klient\u00f3w jest podstaw\u0105 naszej kontroli jako\u015bci. U\u017cywamy wielu sposob\u00f3w i sprz\u0119tu do kontroli produkt\u00f3w. Kontrolujemy r\u00f3wnie\u017c ka\u017cdy etap produkcji i przechowujemy dane do cel\u00f3w identyfikowalno\u015bci.\n<\/p>\n<p>\n\t<!--more-->\n<\/p>\n<p>\n\tw wyborze odpowiedniego materia\u0142u ju\u017c na wczesnym etapie projektowania<br \/>\n\tw wyborze najbardziej op\u0142acalnej drogi produkcji<br \/>\n\tw zapewnianiu wysokich standard\u00f3w jako\u015bci obs\u0142ugi klienta i produkt\u00f3w<br \/>\n\tw gwarantowaniu pe\u0142nej identyfikowalno\u015bci naszych proces\u00f3w<br \/>\n\ta ci\u0105g\u0142e d\u0105\u017cenie naszego systemu jako\u015bci do wy\u017cszej wydajno\u015bci jest zasad\u0105\n<\/p>\n<p>\n\tProjektujemy, opracowujemy i produkujemy w\u0142asn\u0105 ceramik\u0119 z w\u0119glika krzemu, aby zapewni\u0107 doskona\u0142\u0105 wydajno\u015b\u0107 w celu spe\u0142nienia r\u00f3\u017cnorodnych wymaga\u0144 zwi\u0105zanych z ekstremalnym zu\u017cyciem \u015bciernym, korozj\u0105, wysok\u0105 temperatur\u0105 i szokiem termicznym. Nasza ceramika z w\u0119glika krzemu oferuje nast\u0119puj\u0105ce zalety:<br \/>\n\tFormu\u0142owanie materia\u0142u metodami statystycznymi.<br \/>\n\tWy\u0142\u0105czne stosowanie sta\u0142ych, wysokiej jako\u015bci surowc\u00f3w.<br \/>\n\tW\u0142asna produkcja form, opracowane wewn\u0119trznie, wielomateria\u0142owe, w tym szybkie prototypowanie, sprz\u0119t do frezowania CNC.<br \/>\n\tW\u0142asne oprzyrz\u0105dowanie zapewniaj\u0105ce sta\u0142\u0105 wysok\u0105 jako\u015b\u0107 i elastyczno\u015b\u0107.<br \/>\n\tKontrola procesu i monitorowanie szczeg\u00f3\u0142\u00f3w podczas ca\u0142ej operacji produkcyjnej.<br \/>\n\tKontrole pieca, kt\u00f3re optymalizuj\u0105 sp\u00f3jno\u015b\u0107 wypalania i czas utrzymywania oraz inne; weryfikacja wynik\u00f3w monitorowanych dla ka\u017cdego zako\u0144czonego cyklu.\n<\/p>\n<p>\n\tWska\u017aniki dla ceramiki z w\u0119glika krzemu zwi\u0105zanej reakcyjnie\n<\/p>\n<p>\n\t<a href=\"http:\/\/siliconcarbide.net\/wp-content\/uploads\/2015\/01\/Reaction-Bonded-silicon-carbide-ceramic-indicator.pdf\">Wska\u017anik ceramiczny z w\u0119glika krzemu wi\u0105zany reakcyjnie<\/a>(plik PDF)\n<\/p>\n<p>\n\tWska\u017aniki dla ceramiki ze spiekanego w\u0119glika krzemu\n<\/p>\n<p>\n\t<a href=\"http:\/\/siliconcarbide.net\/wp-content\/uploads\/2015\/01\/Sintered-Silicon-Carbide-Ceramic-indicator.pdf\">Wska\u017anik ceramiczny ze spiekanego w\u0119glika krzemu<\/a>(plik PDF)\n<\/p>\n<p>\n\t<a href=\"http:\/\/siliconcarbide.net\/wp-content\/uploads\/2015\/01\/reaction-bonded-silicon-carbide.jpg\"><img decoding=\"async\" alt=\"w\u0119glik krzemu zwi\u0105zany reakcyjnie\" class=\"alignnone size-full wp-image-271 lazyload\" height=\"824\" data-src=\"http:\/\/siliconcarbide.net\/wp-content\/uploads\/2015\/01\/reaction-bonded-silicon-carbide.jpg\" width=\"628\" src=\"data:image\/gif;base64,R0lGODlhAQABAAAAACH5BAEKAAEALAAAAAABAAEAAAICTAEAOw==\" style=\"--smush-placeholder-width: 628px; --smush-placeholder-aspect-ratio: 628\/824;\" \/><\/a>\n<\/p>\n<p>\n\t<a href=\"http:\/\/siliconcarbide.net\/wp-content\/uploads\/2015\/01\/silicon-carbide-ceramic-function.jpg\"><img decoding=\"async\" alt=\"Funkcja ceramiczna w\u0119glika krzemu\" class=\"alignnone size-full wp-image-220 lazyload\" height=\"602\" data-src=\"http:\/\/siliconcarbide.net\/wp-content\/uploads\/2015\/01\/silicon-carbide-ceramic-function.jpg\" width=\"617\" src=\"data:image\/gif;base64,R0lGODlhAQABAAAAACH5BAEKAAEALAAAAAABAAEAAAICTAEAOw==\" style=\"--smush-placeholder-width: 617px; --smush-placeholder-aspect-ratio: 617\/602;\" \/><\/a><\/p>","protected":false},"excerpt":{"rendered":"<p>The constant quality control during manufacturing is the guarantee for the good quality and for the satisfaction of our customer. Meeting the specifications and drawings of our customers are the basis of our quality control. We use many ways and equipment to inspect for products. Also we control every step for producing.We will store&nbsp; data [&hellip;]<\/p>\n","protected":false},"author":1,"featured_media":0,"parent":0,"menu_order":0,"comment_status":"closed","ping_status":"open","template":"","meta":{"ngg_post_thumbnail":0,"footnotes":""},"class_list":["post-97","page","type-page","status-publish","hentry"],"aioseo_notices":[],"_links":{"self":[{"href":"https:\/\/siliconcarbide.net\/pl\/wp-json\/wp\/v2\/pages\/97","targetHints":{"allow":["GET"]}}],"collection":[{"href":"https:\/\/siliconcarbide.net\/pl\/wp-json\/wp\/v2\/pages"}],"about":[{"href":"https:\/\/siliconcarbide.net\/pl\/wp-json\/wp\/v2\/types\/page"}],"author":[{"embeddable":true,"href":"https:\/\/siliconcarbide.net\/pl\/wp-json\/wp\/v2\/users\/1"}],"replies":[{"embeddable":true,"href":"https:\/\/siliconcarbide.net\/pl\/wp-json\/wp\/v2\/comments?post=97"}],"version-history":[{"count":0,"href":"https:\/\/siliconcarbide.net\/pl\/wp-json\/wp\/v2\/pages\/97\/revisions"}],"wp:attachment":[{"href":"https:\/\/siliconcarbide.net\/pl\/wp-json\/wp\/v2\/media?parent=97"}],"curies":[{"name":"wp","href":"https:\/\/api.w.org\/{rel}","templated":true}]}}