{"id":9,"date":"2013-08-25T11:29:05","date_gmt":"2013-08-25T03:29:05","guid":{"rendered":"http:\/\/siliconcarbide.net\/?page_id=9"},"modified":"2022-01-23T13:32:48","modified_gmt":"2022-01-23T05:32:48","slug":"o","status":"publish","type":"page","link":"https:\/\/siliconcarbide.net\/pl\/about\/","title":{"rendered":"O"},"content":{"rendered":"<p>Jeste\u015bmy w Szanghaju w Chinach, specjalizujemy si\u0119 w projektowaniu i dostarczaniu ceramiki z w\u0119glika krzemu, takiej jak spiekana ceramika z w\u0119glika krzemu, ceramika z w\u0119glika krzemu zwi\u0105zana z reakcj\u0105. zach\u0119camy do wcze\u015bniejszego om\u00f3wienia z nami projektu, aby unikn\u0105\u0107 p\u00f3\u017aniej trudnych problem\u00f3w. okre\u015blimy zalety ka\u017cdego materia\u0142u i om\u00f3wimy r\u00f3\u017cne techniki przetwarzania, kt\u00f3re s\u0105 odpowiednie. w\u0119glik krzemu jest materia\u0142em wytworzonym przez cz\u0142owieka, wytwarzanym przez ogrzewanie piasku krzemionkowego i w\u0119gla do wysokich temperatur w technice piecowej. W\u0119glik krzemu jest niezwykle twardym materia\u0142em (twardo\u015b\u0107 9 w skali Mohsa), jest chemicznie oboj\u0119tny i nie topi si\u0119. W\u0119glik krzemu ma wysok\u0105 przewodno\u015b\u0107 ciepln\u0105, niski wsp\u00f3\u0142czynnik rozszerzalno\u015bci cieplnej, jest odporny na szok termiczny i \u015bcieranie oraz ma wytrzyma\u0142o\u015b\u0107 w wysokich temperaturach. Zr\u00f3\u017cnicowane w\u0142a\u015bciwo\u015bci w\u0119glika krzemu sprawiaj\u0105, \u017ce jest on skutecznym materia\u0142em w wielu r\u00f3\u017cnych zastosowaniach. powiedz nam swoje wymagania, my degsin i dostarczamy najlepszy produkt dla Ciebie. Wszelkie komentarze s\u0105 dla nas najwi\u0119kszym wsparciem. Poprawa nigdy si\u0119 nie sko\u0144czy, witamy w zapytaniu, w tym w wymaganiach! Sta\u0142a kontrola jako\u015bci podczas produkcji jest gwarancj\u0105 dobrej jako\u015bci i satysfakcji naszego klienta. Spe\u0142nienie specyfikacji i rysunk\u00f3w naszych klient\u00f3w jest podstaw\u0105 naszej kontroli jako\u015bci. U\u017cywamy wielu sposob\u00f3w i sprz\u0119tu do kontroli produkt\u00f3w. Kontrolujemy r\u00f3wnie\u017c ka\u017cdy etap produkcji, b\u0119dziemy przechowywa\u0107 dane jako\u015bciowe do cel\u00f3w identyfikowalno\u015bci. Zapraszamy do otrzymania zapytania zawieraj\u0105cego wymagania i komentarze!<\/p>\n<p><a href=\"http:\/\/siliconcarbide.net\/wp-content\/uploads\/2013\/08\/sisic-ceramic.jpg\"><img decoding=\"async\" class=\"size-full wp-image-280 aligncenter lazyload\" data-src=\"http:\/\/siliconcarbide.net\/wp-content\/uploads\/2013\/08\/sisic-ceramic.jpg\" alt=\"ceramika sisic\" width=\"853\" height=\"640\" data-srcset=\"https:\/\/siliconcarbide.net\/wp-content\/uploads\/2013\/08\/sisic-ceramic.jpg 853w, https:\/\/siliconcarbide.net\/wp-content\/uploads\/2013\/08\/sisic-ceramic-300x225.jpg 300w, https:\/\/siliconcarbide.net\/wp-content\/uploads\/2013\/08\/sisic-ceramic-768x576.jpg 768w\" data-sizes=\"(max-width: 853px) 100vw, 853px\" src=\"data:image\/gif;base64,R0lGODlhAQABAAAAACH5BAEKAAEALAAAAAABAAEAAAICTAEAOw==\" style=\"--smush-placeholder-width: 853px; --smush-placeholder-aspect-ratio: 853\/640;\" \/><\/a><\/p>","protected":false},"excerpt":{"rendered":"<p>We are in shanghai in china,specializing in designing and supplying Silicon Carbide Ceramic,such as sintered silicon carbide ceramic,reaction bonded silicon carbide ceramic.We encourage you to discuss your project with us early to avoid difficult problems later.We will specify benefits of each material and discuss various processing techniques which is suitable.Silicon carbide is a man-made material [&hellip;]<\/p>\n","protected":false},"author":1,"featured_media":0,"parent":0,"menu_order":0,"comment_status":"closed","ping_status":"closed","template":"","meta":{"ngg_post_thumbnail":0,"footnotes":""},"class_list":["post-9","page","type-page","status-publish","hentry"],"aioseo_notices":[],"_links":{"self":[{"href":"https:\/\/siliconcarbide.net\/pl\/wp-json\/wp\/v2\/pages\/9","targetHints":{"allow":["GET"]}}],"collection":[{"href":"https:\/\/siliconcarbide.net\/pl\/wp-json\/wp\/v2\/pages"}],"about":[{"href":"https:\/\/siliconcarbide.net\/pl\/wp-json\/wp\/v2\/types\/page"}],"author":[{"embeddable":true,"href":"https:\/\/siliconcarbide.net\/pl\/wp-json\/wp\/v2\/users\/1"}],"replies":[{"embeddable":true,"href":"https:\/\/siliconcarbide.net\/pl\/wp-json\/wp\/v2\/comments?post=9"}],"version-history":[{"count":4,"href":"https:\/\/siliconcarbide.net\/pl\/wp-json\/wp\/v2\/pages\/9\/revisions"}],"predecessor-version":[{"id":484,"href":"https:\/\/siliconcarbide.net\/pl\/wp-json\/wp\/v2\/pages\/9\/revisions\/484"}],"wp:attachment":[{"href":"https:\/\/siliconcarbide.net\/pl\/wp-json\/wp\/v2\/media?parent=9"}],"curies":[{"name":"wp","href":"https:\/\/api.w.org\/{rel}","templated":true}]}}