{"id":75,"date":"2014-01-09T20:39:18","date_gmt":"2014-01-09T12:39:18","guid":{"rendered":"http:\/\/siliconcarbide.net\/?page_id=75"},"modified":"2021-06-15T15:43:37","modified_gmt":"2021-06-15T07:43:37","slug":"belki-poprzeczne-sic","status":"publish","type":"page","link":"https:\/\/siliconcarbide.net\/pl\/sic-cross-beams\/","title":{"rendered":"Belki poprzeczne SIC"},"content":{"rendered":"<p>belka sisic ma wysok\u0105 no\u015bno\u015b\u0107 w wysokiej temperaturze, d\u0142ugotrwa\u0142e u\u017cytkowanie bez deformacji zginania. belki z w\u0119glika krzemu dzia\u0142aj\u0105 w temperaturze 1380 C, parametry techniczne belki poprzecznej pozostaj\u0105 niezmienione. belka sisic ma wysok\u0105 wytrzyma\u0142o\u015b\u0107, wysok\u0105 twardo\u015b\u0107, odporno\u015b\u0107 na wysok\u0105 temperatur\u0119, odporno\u015b\u0107 na zu\u017cycie, odporno\u015b\u0107 na korozj\u0119, odporno\u015b\u0107 na utlenianie, odporno\u015b\u0107 na ciep\u0142o, dobr\u0105 odporno\u015b\u0107 na szok termiczny, dobr\u0105 przewodno\u015b\u0107 ciepln\u0105 i wysok\u0105 sprawno\u015b\u0107 ciepln\u0105.Belki sic wykonane ze zwi\u0105zanego reakcyjnie w\u0119glika krzemu s\u0105 stosowane w systemach konstrukcji \u0142adunkowych piec\u00f3w tunelowych, piec\u00f3w wahad\u0142owych i wielu innych piec\u00f3w przemys\u0142owych. Belki z w\u0119glika krzemu maj\u0105 wy\u017csz\u0105 wytrzyma\u0142o\u015b\u0107 i nie ulegaj\u0105 odkszta\u0142ceniom nawet w bardzo wysokiej temperaturze.<!--more-->Ponadto tego rodzaju p\u00f3\u0142ki z w\u0119glika krzemu charakteryzuj\u0105 si\u0119 d\u0142ug\u0105 \u017cywotno\u015bci\u0105. Wi\u0105zane reakcyjnie belki ceramiczne z w\u0119glika krzemu s\u0105 najbardziej odpowiednimi meblami piecowymi do zastosowa\u0144 zwi\u0105zanych z bielizn\u0105 sanitarn\u0105 i porcelan\u0105 elektryczn\u0105. <a href=\"http:\/\/siliconcarbide.net\/pl\/weglik-krzemu-zwiazany-reakcyjnie\/belki-poprzeczne-sic\/\">Wi\u0105zka SiSiC<\/a> ma doskona\u0142\u0105 przewodno\u015b\u0107 ciepln\u0105, wi\u0119c jest dost\u0119pny, aby oszcz\u0119dza\u0107 energi\u0119. mo\u017cemy wykona\u0107 wi\u0105zk\u0119 sisic zgodnie z Twoimi wymaganiami.<\/p>\n<p><a href=\"http:\/\/siliconcarbide.net\/wp-content\/uploads\/2014\/01\/silicon-carbide-ceramic-Cross-Beams.jpg\"><img decoding=\"async\" class=\"alignnone size-full wp-image-74 lazyload\" data-src=\"http:\/\/siliconcarbide.net\/wp-content\/uploads\/2014\/01\/silicon-carbide-ceramic-Cross-Beams.jpg\" alt=\"Ceramiczne belki poprzeczne z w\u0119glika krzemu\" width=\"350\" height=\"209\" data-srcset=\"https:\/\/siliconcarbide.net\/wp-content\/uploads\/2014\/01\/silicon-carbide-ceramic-Cross-Beams.jpg 350w, https:\/\/siliconcarbide.net\/wp-content\/uploads\/2014\/01\/silicon-carbide-ceramic-Cross-Beams-300x179.jpg 300w\" data-sizes=\"(max-width: 350px) 100vw, 350px\" src=\"data:image\/gif;base64,R0lGODlhAQABAAAAACH5BAEKAAEALAAAAAABAAEAAAICTAEAOw==\" style=\"--smush-placeholder-width: 350px; --smush-placeholder-aspect-ratio: 350\/209;\" \/><\/a><\/p>","protected":false},"excerpt":{"rendered":"<p>sisic beam has high bearing capacity at high temperature, long-term use without bending deformation.silicon carbide beams works at 1380 C,technical parameters of the cross beam remain unchanged.sisic beam has high strength, high hardness, high temperature resistance, wear resistance, corrosion resistance, oxidation resistance, heat resistance, good thermal shock resistance, good thermal conductivity and high thermal efficiency.sic [&hellip;]<\/p>\n","protected":false},"author":1,"featured_media":0,"parent":0,"menu_order":0,"comment_status":"closed","ping_status":"open","template":"","meta":{"ngg_post_thumbnail":0,"footnotes":""},"class_list":["post-75","page","type-page","status-publish","hentry"],"aioseo_notices":[],"_links":{"self":[{"href":"https:\/\/siliconcarbide.net\/pl\/wp-json\/wp\/v2\/pages\/75","targetHints":{"allow":["GET"]}}],"collection":[{"href":"https:\/\/siliconcarbide.net\/pl\/wp-json\/wp\/v2\/pages"}],"about":[{"href":"https:\/\/siliconcarbide.net\/pl\/wp-json\/wp\/v2\/types\/page"}],"author":[{"embeddable":true,"href":"https:\/\/siliconcarbide.net\/pl\/wp-json\/wp\/v2\/users\/1"}],"replies":[{"embeddable":true,"href":"https:\/\/siliconcarbide.net\/pl\/wp-json\/wp\/v2\/comments?post=75"}],"version-history":[{"count":0,"href":"https:\/\/siliconcarbide.net\/pl\/wp-json\/wp\/v2\/pages\/75\/revisions"}],"wp:attachment":[{"href":"https:\/\/siliconcarbide.net\/pl\/wp-json\/wp\/v2\/media?parent=75"}],"curies":[{"name":"wp","href":"https:\/\/api.w.org\/{rel}","templated":true}]}}