{"id":115,"date":"2015-07-11T16:14:30","date_gmt":"2015-07-11T08:14:30","guid":{"rendered":"http:\/\/siliconcarbide.net\/?page_id=115"},"modified":"2016-11-29T23:55:08","modified_gmt":"2016-11-29T15:55:08","slug":"galeria","status":"publish","type":"page","link":"https:\/\/siliconcarbide.net\/pl\/gallery\/","title":{"rendered":"Galeria"},"content":{"rendered":"<p>\n\tZnajd\u017a zdj\u0119cia ceramiki z w\u0119glika krzemu zwi\u0105zanej z reakcj\u0105, mo\u017cesz zobaczy\u0107 proszek silikonowy na powierzchni, usuniemy proszek silikonowy.\n<\/p>\n<p>\n\t<strong>ngg_shortcode_0_placeholder<\/strong>\n<\/p>\n<p>\n\t&nbsp;\n<\/p>\n<p>\n\tProsz\u0119 znale\u017a\u0107 zdj\u0119cia spiekanej ceramiki z w\u0119glika krzemu, zwanej r\u00f3wnie\u017c SSiC. Funkcja jest lepsza ni\u017c reakcja sic. Ale cena ssic jest wy\u017csza.\n<\/p>\n<p>\n\t<strong>ngg_shortcode_1_placeholder<\/strong>\n<\/p>\n<p>\n\t&nbsp;\n<\/p>\n<p>\n\t&nbsp;<\/p>","protected":false},"excerpt":{"rendered":"<p>Please find photos of reaction bonded silicon carbide ceramic,you can see the silicon powder on the surface.We will remove the silicon powder. &nbsp; Please find photos of sintered silicon carbide ceramic,also called SSiC.The function is better than reaction bonded sic.But price for ssic is higher. &nbsp; &nbsp;<\/p>","protected":false},"author":1,"featured_media":0,"parent":0,"menu_order":0,"comment_status":"closed","ping_status":"open","template":"page-full.php","meta":{"ngg_post_thumbnail":0,"footnotes":""},"class_list":["post-115","page","type-page","status-publish","hentry"],"aioseo_notices":[],"_links":{"self":[{"href":"https:\/\/siliconcarbide.net\/pl\/wp-json\/wp\/v2\/pages\/115","targetHints":{"allow":["GET"]}}],"collection":[{"href":"https:\/\/siliconcarbide.net\/pl\/wp-json\/wp\/v2\/pages"}],"about":[{"href":"https:\/\/siliconcarbide.net\/pl\/wp-json\/wp\/v2\/types\/page"}],"author":[{"embeddable":true,"href":"https:\/\/siliconcarbide.net\/pl\/wp-json\/wp\/v2\/users\/1"}],"replies":[{"embeddable":true,"href":"https:\/\/siliconcarbide.net\/pl\/wp-json\/wp\/v2\/comments?post=115"}],"version-history":[{"count":0,"href":"https:\/\/siliconcarbide.net\/pl\/wp-json\/wp\/v2\/pages\/115\/revisions"}],"wp:attachment":[{"href":"https:\/\/siliconcarbide.net\/pl\/wp-json\/wp\/v2\/media?parent=115"}],"curies":[{"name":"wp","href":"https:\/\/api.w.org\/{rel}","templated":true}]}}