{"id":97,"date":"2015-01-11T18:02:03","date_gmt":"2015-01-11T10:02:03","guid":{"rendered":"http:\/\/siliconcarbide.net\/?page_id=97"},"modified":"2017-10-12T08:15:26","modified_gmt":"2017-10-12T00:15:26","slug":"kvalitetskontroll","status":"publish","type":"page","link":"https:\/\/siliconcarbide.net\/nb\/quality-control\/","title":{"rendered":"Kvalitetskontroll"},"content":{"rendered":"<p>\n\tDen kontinuerlige kvalitetskontrollen under produksjonen er en garanti for god kvalitet og for at kundene v\u00e5re blir forn\u00f8yde. Grunnlaget for v\u00e5r kvalitetskontroll er \u00e5 oppfylle spesifikasjonene og tegningene til kundene v\u00e5re. Vi bruker mange m\u00e5ter og utstyr for \u00e5 inspisere for produkter. Vi kontrollerer ogs\u00e5 hvert trinn for \u00e5 produsere. Vi lagrer data for sporbarhetsform\u00e5l.\n<\/p>\n<p>\n\t<!--more-->\n<\/p>\n<p>\n\ti \u00e5 velge riktig materiale fra et tidlig designstadium<br \/>\n\tved valg av den mest kostnadseffektive produksjonsruten<br \/>\n\ti \u00e5 tilby h\u00f8y kvalitet p\u00e5 kundeservice og produkter<br \/>\n\tfor \u00e5 garantere full sporbarhet i prosessene v\u00e5re<br \/>\n\tog kontinuerlig effektivisering av kvalitetssystemet v\u00e5rt er en regel\n<\/p>\n<p>\n\tVi designer, utvikler og produserer v\u00e5r egen silisiumkarbidkeramikk for \u00e5 levere utmerket ytelse for \u00e5 oppfylle en rekke krav til ekstrem slitasje, korrosjon, h\u00f8y temperatur og termisk sjokk. V\u00e5r silisiumkarbidkeramikk har f\u00f8lgende fordeler:<br \/>\n\tMaterialformulering ved hjelp av statistisk utformede metoder.<br \/>\n\tEksklusiv bruk av r\u00e5varer av h\u00f8y kvalitet.<br \/>\n\tEgen formfremstilling, internt utviklet, flere materialer, inkludert hurtig prototyping, CNC-freseutstyr.<br \/>\n\tEget arbeidsverkt\u00f8y for konsekvent h\u00f8y kvalitet og fleksibilitet.<br \/>\n\tProsesskontroller og overv\u00e5kingsdetaljer gjennom hele produksjonsprosessen.<br \/>\n\tOvnskontroller som optimaliserer blant annet brennkonsistens og holdetid; verifisering av resultatene overv\u00e5kes for hver syklus som fullf\u00f8res.\n<\/p>\n<p>\n\tHer finner du indikatorene for reaksjonsbundet silisiumkarbidkeramikk\n<\/p>\n<p>\n\t<a href=\"http:\/\/siliconcarbide.net\/wp-content\/uploads\/2015\/01\/Reaction-Bonded-silicon-carbide-ceramic-indicator.pdf\">Reaksjonsbundet keramisk indikator av silisiumkarbid<\/a>(PDF-fil)\n<\/p>\n<p>\n\tVennligst finn indikatorene for Sintret silisiumkarbidkeramikk\n<\/p>\n<p>\n\t<a href=\"http:\/\/siliconcarbide.net\/wp-content\/uploads\/2015\/01\/Sintered-Silicon-Carbide-Ceramic-indicator.pdf\">Sintret keramisk indikator av silisiumkarbid<\/a>(PDF-fil)\n<\/p>\n<p>\n\t<a href=\"http:\/\/siliconcarbide.net\/wp-content\/uploads\/2015\/01\/reaction-bonded-silicon-carbide.jpg\"><img decoding=\"async\" alt=\"reaksjonsbundet silisiumkarbid\" class=\"alignnone size-full wp-image-271 lazyload\" height=\"824\" data-src=\"http:\/\/siliconcarbide.net\/wp-content\/uploads\/2015\/01\/reaction-bonded-silicon-carbide.jpg\" width=\"628\" src=\"data:image\/gif;base64,R0lGODlhAQABAAAAACH5BAEKAAEALAAAAAABAAEAAAICTAEAOw==\" style=\"--smush-placeholder-width: 628px; --smush-placeholder-aspect-ratio: 628\/824;\" \/><\/a>\n<\/p>\n<p>\n\t<a href=\"http:\/\/siliconcarbide.net\/wp-content\/uploads\/2015\/01\/silicon-carbide-ceramic-function.jpg\"><img decoding=\"async\" alt=\"silisiumkarbid keramisk funksjon\" class=\"alignnone size-full wp-image-220 lazyload\" height=\"602\" data-src=\"http:\/\/siliconcarbide.net\/wp-content\/uploads\/2015\/01\/silicon-carbide-ceramic-function.jpg\" width=\"617\" src=\"data:image\/gif;base64,R0lGODlhAQABAAAAACH5BAEKAAEALAAAAAABAAEAAAICTAEAOw==\" style=\"--smush-placeholder-width: 617px; --smush-placeholder-aspect-ratio: 617\/602;\" \/><\/a><\/p>","protected":false},"excerpt":{"rendered":"<p>The constant quality control during manufacturing is the guarantee for the good quality and for the satisfaction of our customer. Meeting the specifications and drawings of our customers are the basis of our quality control. We use many ways and equipment to inspect for products. Also we control every step for producing.We will store&nbsp; data [&hellip;]<\/p>\n","protected":false},"author":1,"featured_media":0,"parent":0,"menu_order":0,"comment_status":"closed","ping_status":"open","template":"","meta":{"ngg_post_thumbnail":0,"footnotes":""},"class_list":["post-97","page","type-page","status-publish","hentry"],"aioseo_notices":[],"_links":{"self":[{"href":"https:\/\/siliconcarbide.net\/nb\/wp-json\/wp\/v2\/pages\/97","targetHints":{"allow":["GET"]}}],"collection":[{"href":"https:\/\/siliconcarbide.net\/nb\/wp-json\/wp\/v2\/pages"}],"about":[{"href":"https:\/\/siliconcarbide.net\/nb\/wp-json\/wp\/v2\/types\/page"}],"author":[{"embeddable":true,"href":"https:\/\/siliconcarbide.net\/nb\/wp-json\/wp\/v2\/users\/1"}],"replies":[{"embeddable":true,"href":"https:\/\/siliconcarbide.net\/nb\/wp-json\/wp\/v2\/comments?post=97"}],"version-history":[{"count":0,"href":"https:\/\/siliconcarbide.net\/nb\/wp-json\/wp\/v2\/pages\/97\/revisions"}],"wp:attachment":[{"href":"https:\/\/siliconcarbide.net\/nb\/wp-json\/wp\/v2\/media?parent=97"}],"curies":[{"name":"wp","href":"https:\/\/api.w.org\/{rel}","templated":true}]}}