{"id":9,"date":"2013-08-25T11:29:05","date_gmt":"2013-08-25T03:29:05","guid":{"rendered":"http:\/\/siliconcarbide.net\/?page_id=9"},"modified":"2022-01-23T13:32:48","modified_gmt":"2022-01-23T05:32:48","slug":"om","status":"publish","type":"page","link":"https:\/\/siliconcarbide.net\/nb\/about\/","title":{"rendered":"Om"},"content":{"rendered":"<p>Vi er i Shanghai i Kina, som spesialiserer oss p\u00e5 \u00e5 designe og levere silisiumkarbidkeramikk, for eksempel sintret silisiumkarbidkeramikk, reaksjonsbundet silisiumkarbidkeramikk. vi oppfordrer deg til \u00e5 diskutere prosjektet ditt med oss tidlig for \u00e5 unng\u00e5 vanskelige problemer senere. vi vil spesifisere fordelene med hvert materiale og diskutere ulike prosesseringsteknikker som er egnet. silisiumkarbid er et menneskeskapt materiale produsert gjennom oppvarming av silikasand og karbon til h\u00f8ye temperaturer i ovnsteknikken. Silisiumkarbid er et ekstremt hardt materiale (Mohs-hardhet 9), er kjemisk inert og smelter ikke. Silisiumkarbid har h\u00f8y varmeledningsevne, lav varmeutvidelseskoeffisient, er motstandsdyktig mot termisk sjokk og slitasje og har styrke ved h\u00f8ye temperaturer. Silisiumkarbidens varierte egenskaper gj\u00f8r det til et effektivt materiale i mange forskjellige applikasjoner. Du forteller oss dine krav, vi degsin og leverer det beste produktet for deg. Dine eventuelle kommentarer er den mest st\u00f8tte for oss. Forbedringen vil aldri ta slutt. Velkommen til din henvendelse inkludert krav! Den konstante kvalitetskontrollen under produksjonen er garantien for god kvalitet og for kundens tilfredshet. \u00c5 m\u00f8te spesifikasjonene og tegningene til v\u00e5re kunder er grunnlaget for v\u00e5r kvalitetskontroll. Vi bruker mange m\u00e5ter og utstyr for \u00e5 inspisere for produkter. Vi kontrollerer ogs\u00e5 hvert trinn for \u00e5 produsere. Vi lagrer kvalitetsdataene for sporbarhetsform\u00e5l. Velkommen til \u00e5 motta din henvendelse inkludert krav og kommentarer!<\/p>\n<p><a href=\"http:\/\/siliconcarbide.net\/wp-content\/uploads\/2013\/08\/sisic-ceramic.jpg\"><img decoding=\"async\" class=\"size-full wp-image-280 aligncenter lazyload\" data-src=\"http:\/\/siliconcarbide.net\/wp-content\/uploads\/2013\/08\/sisic-ceramic.jpg\" alt=\"sisic keramikk\" width=\"853\" height=\"640\" data-srcset=\"https:\/\/siliconcarbide.net\/wp-content\/uploads\/2013\/08\/sisic-ceramic.jpg 853w, https:\/\/siliconcarbide.net\/wp-content\/uploads\/2013\/08\/sisic-ceramic-300x225.jpg 300w, https:\/\/siliconcarbide.net\/wp-content\/uploads\/2013\/08\/sisic-ceramic-768x576.jpg 768w\" data-sizes=\"(max-width: 853px) 100vw, 853px\" src=\"data:image\/gif;base64,R0lGODlhAQABAAAAACH5BAEKAAEALAAAAAABAAEAAAICTAEAOw==\" style=\"--smush-placeholder-width: 853px; --smush-placeholder-aspect-ratio: 853\/640;\" \/><\/a><\/p>","protected":false},"excerpt":{"rendered":"<p>We are in shanghai in china,specializing in designing and supplying Silicon Carbide Ceramic,such as sintered silicon carbide ceramic,reaction bonded silicon carbide ceramic.We encourage you to discuss your project with us early to avoid difficult problems later.We will specify benefits of each material and discuss various processing techniques which is suitable.Silicon carbide is a man-made material [&hellip;]<\/p>\n","protected":false},"author":1,"featured_media":0,"parent":0,"menu_order":0,"comment_status":"closed","ping_status":"closed","template":"","meta":{"ngg_post_thumbnail":0,"footnotes":""},"class_list":["post-9","page","type-page","status-publish","hentry"],"aioseo_notices":[],"_links":{"self":[{"href":"https:\/\/siliconcarbide.net\/nb\/wp-json\/wp\/v2\/pages\/9","targetHints":{"allow":["GET"]}}],"collection":[{"href":"https:\/\/siliconcarbide.net\/nb\/wp-json\/wp\/v2\/pages"}],"about":[{"href":"https:\/\/siliconcarbide.net\/nb\/wp-json\/wp\/v2\/types\/page"}],"author":[{"embeddable":true,"href":"https:\/\/siliconcarbide.net\/nb\/wp-json\/wp\/v2\/users\/1"}],"replies":[{"embeddable":true,"href":"https:\/\/siliconcarbide.net\/nb\/wp-json\/wp\/v2\/comments?post=9"}],"version-history":[{"count":4,"href":"https:\/\/siliconcarbide.net\/nb\/wp-json\/wp\/v2\/pages\/9\/revisions"}],"predecessor-version":[{"id":484,"href":"https:\/\/siliconcarbide.net\/nb\/wp-json\/wp\/v2\/pages\/9\/revisions\/484"}],"wp:attachment":[{"href":"https:\/\/siliconcarbide.net\/nb\/wp-json\/wp\/v2\/media?parent=9"}],"curies":[{"name":"wp","href":"https:\/\/api.w.org\/{rel}","templated":true}]}}