{"id":75,"date":"2014-01-09T20:39:18","date_gmt":"2014-01-09T12:39:18","guid":{"rendered":"http:\/\/siliconcarbide.net\/?page_id=75"},"modified":"2021-06-15T15:43:37","modified_gmt":"2021-06-15T07:43:37","slug":"sic-tverrbjelker","status":"publish","type":"page","link":"https:\/\/siliconcarbide.net\/nb\/sic-cross-beams\/","title":{"rendered":"SIC-tverrbjelker"},"content":{"rendered":"<p>sisisk bjelke har h\u00f8y b\u00e6reevne ved h\u00f8y temperatur, langvarig bruk uten b\u00f8yedeformasjon.silisiumkarbidbjelker fungerer ved 1380 C, tekniske parametere for tverrbjelken forblir uendret.sisisk bjelke har h\u00f8y styrke, h\u00f8y hardhet, h\u00f8y temperaturbestandighet, slitestyrke, slitestyrke, korrosjonsbestandighet, oksidasjonsmotstand, varmebestandighet, god motstand mot termisk sjokk, god varmeledningsevne og h\u00f8y termisk effektivitet.sic bjelker laget av reaksjonsbundet silisiumkarbid brukes til lastestruktursystemene til tunnelovner, skyttelovner og mange andre industrielle ovner. silisiumkarbidbjelker har h\u00f8yere styrke, og det er ingen deformasjoner selv i veldig h\u00f8y temperatur.<!--more-->Og ogs\u00e5 denne typen silisiumkarbidhyller viser lang levetid. Reaksjonsbundne keramiske bjelker av silisiumkarbid er de mest egnede ovnsm\u00f8blene for sanit\u00e6rkl\u00e6r og elektriske porselenapplikasjoner. <a href=\"http:\/\/siliconcarbide.net\/nb\/reaksjonsbundet-silisiumkarbid\/sic-tverrbjelker\/\">SiSiC-str\u00e5le<\/a> har utmerket varmeledningsevne, s\u00e5 den er tilgjengelig for \u00e5 spare energi. vi kan lage sisic str\u00e5le i henhold til dine krav.<\/p>\n<p><a href=\"http:\/\/siliconcarbide.net\/wp-content\/uploads\/2014\/01\/silicon-carbide-ceramic-Cross-Beams.jpg\"><img decoding=\"async\" class=\"alignnone size-full wp-image-74 lazyload\" data-src=\"http:\/\/siliconcarbide.net\/wp-content\/uploads\/2014\/01\/silicon-carbide-ceramic-Cross-Beams.jpg\" alt=\"keramiske tverrbjelker av silisiumkarbid\" width=\"350\" height=\"209\" data-srcset=\"https:\/\/siliconcarbide.net\/wp-content\/uploads\/2014\/01\/silicon-carbide-ceramic-Cross-Beams.jpg 350w, https:\/\/siliconcarbide.net\/wp-content\/uploads\/2014\/01\/silicon-carbide-ceramic-Cross-Beams-300x179.jpg 300w\" data-sizes=\"(max-width: 350px) 100vw, 350px\" src=\"data:image\/gif;base64,R0lGODlhAQABAAAAACH5BAEKAAEALAAAAAABAAEAAAICTAEAOw==\" style=\"--smush-placeholder-width: 350px; --smush-placeholder-aspect-ratio: 350\/209;\" \/><\/a><\/p>","protected":false},"excerpt":{"rendered":"<p>sisic beam has high bearing capacity at high temperature, long-term use without bending deformation.silicon carbide beams works at 1380 C,technical parameters of the cross beam remain unchanged.sisic beam has high strength, high hardness, high temperature resistance, wear resistance, corrosion resistance, oxidation resistance, heat resistance, good thermal shock resistance, good thermal conductivity and high thermal efficiency.sic [&hellip;]<\/p>\n","protected":false},"author":1,"featured_media":0,"parent":0,"menu_order":0,"comment_status":"closed","ping_status":"open","template":"","meta":{"ngg_post_thumbnail":0,"footnotes":""},"class_list":["post-75","page","type-page","status-publish","hentry"],"aioseo_notices":[],"_links":{"self":[{"href":"https:\/\/siliconcarbide.net\/nb\/wp-json\/wp\/v2\/pages\/75","targetHints":{"allow":["GET"]}}],"collection":[{"href":"https:\/\/siliconcarbide.net\/nb\/wp-json\/wp\/v2\/pages"}],"about":[{"href":"https:\/\/siliconcarbide.net\/nb\/wp-json\/wp\/v2\/types\/page"}],"author":[{"embeddable":true,"href":"https:\/\/siliconcarbide.net\/nb\/wp-json\/wp\/v2\/users\/1"}],"replies":[{"embeddable":true,"href":"https:\/\/siliconcarbide.net\/nb\/wp-json\/wp\/v2\/comments?post=75"}],"version-history":[{"count":0,"href":"https:\/\/siliconcarbide.net\/nb\/wp-json\/wp\/v2\/pages\/75\/revisions"}],"wp:attachment":[{"href":"https:\/\/siliconcarbide.net\/nb\/wp-json\/wp\/v2\/media?parent=75"}],"curies":[{"name":"wp","href":"https:\/\/api.w.org\/{rel}","templated":true}]}}