{"id":97,"date":"2015-01-11T18:02:03","date_gmt":"2015-01-11T10:02:03","guid":{"rendered":"http:\/\/siliconcarbide.net\/?page_id=97"},"modified":"2017-10-12T08:15:26","modified_gmt":"2017-10-12T00:15:26","slug":"kokybes-kontrole","status":"publish","type":"page","link":"https:\/\/siliconcarbide.net\/lt\/quality-control\/","title":{"rendered":"Kokyb\u0117s kontrol\u0117"},"content":{"rendered":"<p>\n\tNuolatin\u0117 kokyb\u0117s kontrol\u0117 gamybos metu yra geros kokyb\u0117s ir klient\u0173 pasitenkinimo garantija. Kokyb\u0117s kontrol\u0117s pagrindas - klient\u0173 specifikacij\u0173 ir br\u0117\u017eini\u0173 laikymasis. Gamini\u0173 kontrolei naudojame daugyb\u0119 b\u016bd\u0173 ir \u012frangos. Be to, kontroliuojame kiekvien\u0105 gamybos etap\u0105. duomenis saugome atsekamumo tikslais.\n<\/p>\n<p>\n\t<!--more-->\n<\/p>\n<p>\n\tpasirenkant tinkam\u0105 med\u017eiag\u0105 nuo pat ankstyvojo projektavimo etapo.<br \/>\n\tpasirenkant ekonomi\u0161kiausi\u0105 gamybos b\u016bd\u0105.<br \/>\n\tu\u017etikrinti auk\u0161tus klient\u0173 aptarnavimo ir produkt\u0173 kokyb\u0117s standartus.<br \/>\n\tu\u017etikrinant visi\u0161k\u0105 m\u016bs\u0173 proces\u0173 atsekamum\u0105.<br \/>\n\tir nuolatinis m\u016bs\u0173 kokyb\u0117s sistemos efektyvumo didinimas yra taisykl\u0117.\n<\/p>\n<p>\n\tkuriame, tobuliname ir gaminame savo silicio karbido keramik\u0105, kad u\u017etikrintume puikias eksploatacines savybes, atitinkan\u010dias \u012fvairius ekstremalaus abrazyvinio dilimo, korozijos, auk\u0161tos temperat\u016bros ir terminio \u0161oko reikalavimus. M\u016bs\u0173 silicio karbido keramika pasi\u017eymi \u0161iais privalumais:<br \/>\n\tMed\u017eiagos formulavimas statisti\u0161kai suplanuotais metodais.<br \/>\n\tNaudojamos tik pastovios, auk\u0161tos kokyb\u0117s \u017ealiavos.<br \/>\n\t\u012emon\u0117je gaminamos liejimo formos, sukurtos \u012fmon\u0117s viduje, \u012fvairios med\u017eiagos, \u012fskaitant greit\u0105j\u012f prototip\u0173 k\u016brim\u0105, CNC frezavimo \u012franga.<br \/>\n\tNuolatin\u0119 auk\u0161t\u0105 kokyb\u0119 ir lankstum\u0105 u\u017etikrinantys nuosavi darbiniai \u012frankiai.<br \/>\n\tProceso kontrol\u0117 ir steb\u0117sena visoje gamybos operacijoje.<br \/>\n\tKrosnies valdymo \u012ftaisai, kuriais optimizuojamas degimo nuoseklumas, i\u0161laikymo laikas ir kt.; stebimas kiekvieno u\u017ebaigto ciklo rezultat\u0173 patikrinimas.\n<\/p>\n<p>\n\tRaskite reakcijos b\u016bdu suri\u0161tos silicio karbido keramikos indikatorius\n<\/p>\n<p>\n\t<a href=\"http:\/\/siliconcarbide.net\/wp-content\/uploads\/2015\/01\/Reaction-Bonded-silicon-carbide-ceramic-indicator.pdf\">Reakcijos suri\u0161tas silicio karbido keramikos indikatorius<\/a>(PDF failas)\n<\/p>\n<p>\n\tRaskite sukepinto silicio karbido keramikos rodiklius\n<\/p>\n<p>\n\t<a href=\"http:\/\/siliconcarbide.net\/wp-content\/uploads\/2015\/01\/Sintered-Silicon-Carbide-Ceramic-indicator.pdf\">Sukepintas silicio karbido keramikos indikatorius<\/a>(PDF failas)\n<\/p>\n<p>\n\t<a href=\"http:\/\/siliconcarbide.net\/wp-content\/uploads\/2015\/01\/reaction-bonded-silicon-carbide.jpg\"><img decoding=\"async\" alt=\"reakcijos b\u016bdu suri\u0161tas silicio karbidas\" class=\"alignnone size-full wp-image-271 lazyload\" height=\"824\" data-src=\"http:\/\/siliconcarbide.net\/wp-content\/uploads\/2015\/01\/reaction-bonded-silicon-carbide.jpg\" width=\"628\" src=\"data:image\/gif;base64,R0lGODlhAQABAAAAACH5BAEKAAEALAAAAAABAAEAAAICTAEAOw==\" style=\"--smush-placeholder-width: 628px; --smush-placeholder-aspect-ratio: 628\/824;\" \/><\/a>\n<\/p>\n<p>\n\t<a href=\"http:\/\/siliconcarbide.net\/wp-content\/uploads\/2015\/01\/silicon-carbide-ceramic-function.jpg\"><img decoding=\"async\" alt=\"silicio karbido keramikos funkcija\" class=\"alignnone size-full wp-image-220 lazyload\" height=\"602\" data-src=\"http:\/\/siliconcarbide.net\/wp-content\/uploads\/2015\/01\/silicon-carbide-ceramic-function.jpg\" width=\"617\" src=\"data:image\/gif;base64,R0lGODlhAQABAAAAACH5BAEKAAEALAAAAAABAAEAAAICTAEAOw==\" style=\"--smush-placeholder-width: 617px; --smush-placeholder-aspect-ratio: 617\/602;\" \/><\/a><\/p>","protected":false},"excerpt":{"rendered":"<p>The constant quality control during manufacturing is the guarantee for the good quality and for the satisfaction of our customer. Meeting the specifications and drawings of our customers are the basis of our quality control. We use many ways and equipment to inspect for products. Also we control every step for producing.We will store&nbsp; data [&hellip;]<\/p>\n","protected":false},"author":1,"featured_media":0,"parent":0,"menu_order":0,"comment_status":"closed","ping_status":"open","template":"","meta":{"ngg_post_thumbnail":0,"footnotes":""},"class_list":["post-97","page","type-page","status-publish","hentry"],"aioseo_notices":[],"_links":{"self":[{"href":"https:\/\/siliconcarbide.net\/lt\/wp-json\/wp\/v2\/pages\/97","targetHints":{"allow":["GET"]}}],"collection":[{"href":"https:\/\/siliconcarbide.net\/lt\/wp-json\/wp\/v2\/pages"}],"about":[{"href":"https:\/\/siliconcarbide.net\/lt\/wp-json\/wp\/v2\/types\/page"}],"author":[{"embeddable":true,"href":"https:\/\/siliconcarbide.net\/lt\/wp-json\/wp\/v2\/users\/1"}],"replies":[{"embeddable":true,"href":"https:\/\/siliconcarbide.net\/lt\/wp-json\/wp\/v2\/comments?post=97"}],"version-history":[{"count":0,"href":"https:\/\/siliconcarbide.net\/lt\/wp-json\/wp\/v2\/pages\/97\/revisions"}],"wp:attachment":[{"href":"https:\/\/siliconcarbide.net\/lt\/wp-json\/wp\/v2\/media?parent=97"}],"curies":[{"name":"wp","href":"https:\/\/api.w.org\/{rel}","templated":true}]}}