{"id":9,"date":"2013-08-25T11:29:05","date_gmt":"2013-08-25T03:29:05","guid":{"rendered":"http:\/\/siliconcarbide.net\/?page_id=9"},"modified":"2022-01-23T13:32:48","modified_gmt":"2022-01-23T05:32:48","slug":"apie","status":"publish","type":"page","link":"https:\/\/siliconcarbide.net\/lt\/about\/","title":{"rendered":"Apie"},"content":{"rendered":"<p>Mes esame \u0160anchajuje, Kinijoje, specializuojam\u0117s kuriant ir tiekiant silicio karbido keramik\u0105, pavyzd\u017eiui, sukepint\u0105 silicio karbido keramik\u0105, reakcijos suri\u0161t\u0105 silicio karbido keramik\u0105.Raginame jus aptarti savo projekt\u0105 su mumis anksti, kad i\u0161vengtum\u0117te sud\u0117ting\u0173 problem\u0173 v\u0117liau.Mes nurodysime kiekvienos med\u017eiagos privalumus ir aptarsime \u012fvairius apdorojimo b\u016bdus, kurie yra tinkami.Silicio karbidas yra dirbtin\u0117 med\u017eiaga, pagaminta kaitinant silicio sm\u0117l\u012f ir angl\u012f iki auk\u0161tos temperat\u016bros krosnies technika. Silicio karbidas yra labai kieta med\u017eiaga (Moho kietumas 9), chemi\u0161kai inerti\u0161ka ir netirpstanti.Silicio karbidas pasi\u017eymi dideliu \u0161ilumos laidumu, ma\u017eu \u0161iluminio pl\u0117timosi koeficientu, yra atsparus \u0161iluminiams sm\u016bgiams ir dilimui bei stiprus auk\u0161toje temperat\u016broje. Silicio karbidas d\u0117l savo \u012fvairi\u0173 savybi\u0173 yra efektyvi med\u017eiaga \u012fvairiose srityse.J\u016bs mums pasakysite savo reikalavimus, mes degsiname ir pateiksime jums geriausi\u0105 gamin\u012f. J\u016bs\u0173 pastabos mums yra did\u017eiausia parama. Sveiki atvyk\u0119 \u012f j\u016bs\u0173 u\u017eklaus\u0105, \u012fskaitant reikalavimus!Nuolatin\u0117 kokyb\u0117s kontrol\u0117 gamybos metu yra geros kokyb\u0117s ir m\u016bs\u0173 klient\u0173 pasitenkinimo garantija. M\u016bs\u0173 kokyb\u0117s kontrol\u0117s pagrindas - klient\u0173 specifikacij\u0173 ir br\u0117\u017eini\u0173 laikymasis. Produktams tikrinti naudojame daugyb\u0119 b\u016bd\u0173 ir \u012frangos. Be to, kontroliuojame kiekvien\u0105 gamybos etap\u0105. kokyb\u0117s duomenis saugome atsekamumo tikslais. Maloniai laukiame j\u016bs\u0173 u\u017eklaus\u0173, \u012fskaitant reikalavimus ir pastabas!<\/p>\n<p><a href=\"http:\/\/siliconcarbide.net\/wp-content\/uploads\/2013\/08\/sisic-ceramic.jpg\"><img decoding=\"async\" class=\"size-full wp-image-280 aligncenter lazyload\" data-src=\"http:\/\/siliconcarbide.net\/wp-content\/uploads\/2013\/08\/sisic-ceramic.jpg\" alt=\"sisic keramika\" width=\"853\" height=\"640\" data-srcset=\"https:\/\/siliconcarbide.net\/wp-content\/uploads\/2013\/08\/sisic-ceramic.jpg 853w, https:\/\/siliconcarbide.net\/wp-content\/uploads\/2013\/08\/sisic-ceramic-300x225.jpg 300w, https:\/\/siliconcarbide.net\/wp-content\/uploads\/2013\/08\/sisic-ceramic-768x576.jpg 768w\" data-sizes=\"(max-width: 853px) 100vw, 853px\" src=\"data:image\/gif;base64,R0lGODlhAQABAAAAACH5BAEKAAEALAAAAAABAAEAAAICTAEAOw==\" style=\"--smush-placeholder-width: 853px; --smush-placeholder-aspect-ratio: 853\/640;\" \/><\/a><\/p>","protected":false},"excerpt":{"rendered":"<p>We are in shanghai in china,specializing in designing and supplying Silicon Carbide Ceramic,such as sintered silicon carbide ceramic,reaction bonded silicon carbide ceramic.We encourage you to discuss your project with us early to avoid difficult problems later.We will specify benefits of each material and discuss various processing techniques which is suitable.Silicon carbide is a man-made material [&hellip;]<\/p>\n","protected":false},"author":1,"featured_media":0,"parent":0,"menu_order":0,"comment_status":"closed","ping_status":"closed","template":"","meta":{"ngg_post_thumbnail":0,"footnotes":""},"class_list":["post-9","page","type-page","status-publish","hentry"],"aioseo_notices":[],"_links":{"self":[{"href":"https:\/\/siliconcarbide.net\/lt\/wp-json\/wp\/v2\/pages\/9","targetHints":{"allow":["GET"]}}],"collection":[{"href":"https:\/\/siliconcarbide.net\/lt\/wp-json\/wp\/v2\/pages"}],"about":[{"href":"https:\/\/siliconcarbide.net\/lt\/wp-json\/wp\/v2\/types\/page"}],"author":[{"embeddable":true,"href":"https:\/\/siliconcarbide.net\/lt\/wp-json\/wp\/v2\/users\/1"}],"replies":[{"embeddable":true,"href":"https:\/\/siliconcarbide.net\/lt\/wp-json\/wp\/v2\/comments?post=9"}],"version-history":[{"count":4,"href":"https:\/\/siliconcarbide.net\/lt\/wp-json\/wp\/v2\/pages\/9\/revisions"}],"predecessor-version":[{"id":484,"href":"https:\/\/siliconcarbide.net\/lt\/wp-json\/wp\/v2\/pages\/9\/revisions\/484"}],"wp:attachment":[{"href":"https:\/\/siliconcarbide.net\/lt\/wp-json\/wp\/v2\/media?parent=9"}],"curies":[{"name":"wp","href":"https:\/\/api.w.org\/{rel}","templated":true}]}}