{"id":79,"date":"2014-11-30T20:29:59","date_gmt":"2014-11-30T12:29:59","guid":{"rendered":"http:\/\/siliconcarbide.net\/?page_id=79"},"modified":"2018-03-28T21:32:54","modified_gmt":"2018-03-28T13:32:54","slug":"sisic-ausinimo-oro-vamzdziai","status":"publish","type":"page","link":"https:\/\/siliconcarbide.net\/lt\/sisic-cooling-air-pipes\/","title":{"rendered":"SISIC au\u0161inimo oro vamzd\u017eiai"},"content":{"rendered":"<p>\n\t<a href=\"http:\/\/siliconcarbide.net\/lt\/sisic-ausinimo-oro-vamzdziai\/\">Reakcijos b\u016bdu suri\u0161tas silicio karbidas<\/a>, dar vadinamas silicio karbidu arba SiSiC, yra sic r\u016b\u0161is, gaminama chemin\u0117s reakcijos b\u016bdu tarp akytos anglies arba grafito ir i\u0161lydyto silicio.\n<\/p>\n<p>\n\tSISIC au\u0161inimo oro vamzd\u017eiai naudojami ritinini\u0173 krosni\u0173 au\u0161inimo zonoje.\u0160ios r\u016b\u0161ies silicio karbido vamzdis puikiai veikia greitai au\u0161inant.Ir n\u0117ra joki\u0173 deformacij\u0173 net ir ilg\u0105 laik\u0105 taikant \u0161ios r\u016b\u0161ies sic vamzd\u012f. \u0160io silicio karbido vamzd\u017eio eksploatavimo trukm\u0117 yra daugiau nei 10 kart\u0173 ilgesn\u0117 nei ner\u016bdijan\u010dio plieno vamzd\u017ei\u0173.\n<\/p>\n<p>\n\t<a href=\"http:\/\/siliconcarbide.net\/wp-content\/uploads\/2014\/11\/SISIC-Cooling-Air-pipes.jpg\"><img decoding=\"async\" alt=\"SISIC au\u0161inimo oro vamzd\u017eiai\" class=\"alignnone size-full wp-image-80 lazyload\" height=\"350\" data-src=\"http:\/\/siliconcarbide.net\/wp-content\/uploads\/2014\/11\/SISIC-Cooling-Air-pipes.jpg\" width=\"500\" data-srcset=\"https:\/\/siliconcarbide.net\/wp-content\/uploads\/2014\/11\/SISIC-Cooling-Air-pipes.jpg 500w, https:\/\/siliconcarbide.net\/wp-content\/uploads\/2014\/11\/SISIC-Cooling-Air-pipes-300x210.jpg 300w\" data-sizes=\"(max-width: 500px) 100vw, 500px\" src=\"data:image\/gif;base64,R0lGODlhAQABAAAAACH5BAEKAAEALAAAAAABAAEAAAICTAEAOw==\" style=\"--smush-placeholder-width: 500px; --smush-placeholder-aspect-ratio: 500\/350;\" \/><\/a>\n<\/p>\n<p>\n\t&nbsp;<\/p>","protected":false},"excerpt":{"rendered":"<p>Reaction bonded silicon carbide, also known as siliconized silicon carbide or SiSiC, is a type of sic that is manufactured by a chemical reaction between porous carbon or graphite with molten silicon. SISIC Cooling Air pipes&nbsp;are used for the cooling area of roller hearth kilns.This kind silicon carbide pipe display excellent performance in rapid cooling.And [&hellip;]<\/p>\n","protected":false},"author":1,"featured_media":0,"parent":0,"menu_order":0,"comment_status":"closed","ping_status":"open","template":"","meta":{"ngg_post_thumbnail":0,"footnotes":""},"class_list":["post-79","page","type-page","status-publish","hentry"],"aioseo_notices":[],"_links":{"self":[{"href":"https:\/\/siliconcarbide.net\/lt\/wp-json\/wp\/v2\/pages\/79","targetHints":{"allow":["GET"]}}],"collection":[{"href":"https:\/\/siliconcarbide.net\/lt\/wp-json\/wp\/v2\/pages"}],"about":[{"href":"https:\/\/siliconcarbide.net\/lt\/wp-json\/wp\/v2\/types\/page"}],"author":[{"embeddable":true,"href":"https:\/\/siliconcarbide.net\/lt\/wp-json\/wp\/v2\/users\/1"}],"replies":[{"embeddable":true,"href":"https:\/\/siliconcarbide.net\/lt\/wp-json\/wp\/v2\/comments?post=79"}],"version-history":[{"count":0,"href":"https:\/\/siliconcarbide.net\/lt\/wp-json\/wp\/v2\/pages\/79\/revisions"}],"wp:attachment":[{"href":"https:\/\/siliconcarbide.net\/lt\/wp-json\/wp\/v2\/media?parent=79"}],"curies":[{"name":"wp","href":"https:\/\/api.w.org\/{rel}","templated":true}]}}