{"id":75,"date":"2014-01-09T20:39:18","date_gmt":"2014-01-09T12:39:18","guid":{"rendered":"http:\/\/siliconcarbide.net\/?page_id=75"},"modified":"2021-06-15T15:43:37","modified_gmt":"2021-06-15T07:43:37","slug":"sic-skersines-sijos","status":"publish","type":"page","link":"https:\/\/siliconcarbide.net\/lt\/sic-cross-beams\/","title":{"rendered":"SIC skersin\u0117s sijos"},"content":{"rendered":"<p>Sisic sijos turi didel\u012f laikom\u0105j\u012f paj\u0117gum\u0105 auk\u0161toje temperat\u016broje, ilgalaikis naudojimas be lenkimo deformacijos.Silicio karbido sijos veikia 1380 C, techniniai parametrai skersin\u0117s sijos i\u0161lieka nepakit\u0119.Sisic sijos turi didel\u012f stiprum\u0105, didel\u012f kietum\u0105, atsparum\u0105 auk\u0161tai temperat\u016brai, atsparum\u0105 dilimui, atsparum\u0105 korozijai, atsparum\u0105 oksidacijai, atsparum\u0105 kar\u0161\u010diui, ger\u0105 atsparum\u0105 \u0161iluminiam sm\u016bgiui, ger\u0105 \u0161ilumos laidum\u0105 ir didel\u012f \u0161ilumin\u012f efektyvum\u0105.sic sijos, pagamintos i\u0161 reakciniu b\u016bdu suri\u0161to silicio karbido, naudojamos tunelini\u0173 krosni\u0173, mar\u0161rutini\u0173 krosni\u0173 ir daugelio kit\u0173 pramonini\u0173 krosni\u0173 krovos konstrukcij\u0173 sistemoms. silicio karbido sijos pasi\u017eymi didesniu stiprumu ir n\u0117ra deformacij\u0173 net esant labai auk\u0161tai temperat\u016brai.<!--more-->Be to, \u0161ios r\u016b\u0161ies silicio karbido lentynos pasi\u017eymi ilgaam\u017ei\u0161kumu. Reakcijos b\u016bdu suri\u0161tos silicio karbido keramikos sijos yra tinkamiausi krosnies baldai santechnikos ir elektrinio porceliano gaminiams. <a href=\"http:\/\/siliconcarbide.net\/lt\/reakcijos-budu-suristas-silicio-karbidas\/sic-skersines-sijos\/\">SiSiC spindulys<\/a> pasi\u017eymi puikiu \u0161ilumos laidumu, tod\u0117l galima taupyti energij\u0105.Mes galime pagaminti sisic spindulius pagal j\u016bs\u0173 reikalavimus.<\/p>\n<p><a href=\"http:\/\/siliconcarbide.net\/wp-content\/uploads\/2014\/01\/silicon-carbide-ceramic-Cross-Beams.jpg\"><img decoding=\"async\" class=\"alignnone size-full wp-image-74 lazyload\" data-src=\"http:\/\/siliconcarbide.net\/wp-content\/uploads\/2014\/01\/silicon-carbide-ceramic-Cross-Beams.jpg\" alt=\"silicio karbido keramikos skersin\u0117s sijos\" width=\"350\" height=\"209\" data-srcset=\"https:\/\/siliconcarbide.net\/wp-content\/uploads\/2014\/01\/silicon-carbide-ceramic-Cross-Beams.jpg 350w, https:\/\/siliconcarbide.net\/wp-content\/uploads\/2014\/01\/silicon-carbide-ceramic-Cross-Beams-300x179.jpg 300w\" data-sizes=\"(max-width: 350px) 100vw, 350px\" src=\"data:image\/gif;base64,R0lGODlhAQABAAAAACH5BAEKAAEALAAAAAABAAEAAAICTAEAOw==\" style=\"--smush-placeholder-width: 350px; --smush-placeholder-aspect-ratio: 350\/209;\" \/><\/a><\/p>","protected":false},"excerpt":{"rendered":"<p>sisic beam has high bearing capacity at high temperature, long-term use without bending deformation.silicon carbide beams works at 1380 C,technical parameters of the cross beam remain unchanged.sisic beam has high strength, high hardness, high temperature resistance, wear resistance, corrosion resistance, oxidation resistance, heat resistance, good thermal shock resistance, good thermal conductivity and high thermal efficiency.sic [&hellip;]<\/p>\n","protected":false},"author":1,"featured_media":0,"parent":0,"menu_order":0,"comment_status":"closed","ping_status":"open","template":"","meta":{"ngg_post_thumbnail":0,"footnotes":""},"class_list":["post-75","page","type-page","status-publish","hentry"],"aioseo_notices":[],"_links":{"self":[{"href":"https:\/\/siliconcarbide.net\/lt\/wp-json\/wp\/v2\/pages\/75","targetHints":{"allow":["GET"]}}],"collection":[{"href":"https:\/\/siliconcarbide.net\/lt\/wp-json\/wp\/v2\/pages"}],"about":[{"href":"https:\/\/siliconcarbide.net\/lt\/wp-json\/wp\/v2\/types\/page"}],"author":[{"embeddable":true,"href":"https:\/\/siliconcarbide.net\/lt\/wp-json\/wp\/v2\/users\/1"}],"replies":[{"embeddable":true,"href":"https:\/\/siliconcarbide.net\/lt\/wp-json\/wp\/v2\/comments?post=75"}],"version-history":[{"count":0,"href":"https:\/\/siliconcarbide.net\/lt\/wp-json\/wp\/v2\/pages\/75\/revisions"}],"wp:attachment":[{"href":"https:\/\/siliconcarbide.net\/lt\/wp-json\/wp\/v2\/media?parent=75"}],"curies":[{"name":"wp","href":"https:\/\/api.w.org\/{rel}","templated":true}]}}