{"id":21,"date":"2013-10-01T16:12:18","date_gmt":"2013-10-01T08:12:18","guid":{"rendered":"http:\/\/siliconcarbide.net\/?page_id=21"},"modified":"2025-11-27T23:25:44","modified_gmt":"2025-11-27T15:25:44","slug":"susisiekite-su","status":"publish","type":"page","link":"https:\/\/siliconcarbide.net\/lt\/contact\/","title":{"rendered":"Susisiekite su"},"content":{"rendered":"<div class=\"company-header__name-wrapper vertical-middle\">\n<h1 class=\"company-header__name vertical-middle-inner\">\u0160anchajaus \"Ceratek\" silicio karbido technologijos Co., Limited<\/h1>\n<\/div>\n<h3>Adresas (\u0160anchajaus biuras)<br \/>\n\"JiaHui Plaza\", 2601 eismo juosta, XieTu Road, XuHui sritis, \u0160anchajus, Kinija<\/h3>\n<h3>El. pa\u0161to adresas:<\/h3>\n<h3><a href=\"mailto:info@siliconcarbide.net\"><strong>info@siliconcarbide.net<\/strong><\/a><\/h3>\n<h3>Telefono numeris:+86 13472677819<\/h3>\n<h3>M\u016bs\u0173 kin\u0173 darbuotojai netrukus jums atsakys, a\u010di\u016b.<\/h3>","protected":false},"excerpt":{"rendered":"<p>\u0160anchajaus Ceratek Silicio karbido technologijos Co, Limited Adresas (\u0160anchajaus biuras) JiaHui Plaza, 2601 juosta, XieTu Road, XuHui sritis, \u0160anchajus, Kinija El. pa\u0161to adresas: info@siliconcarbide.net Telefono numeris: +86 13472677819 M\u016bs\u0173 kin\u0173 darbuotojai atsakys jums netrukus, a\u010di\u016b.<\/p>","protected":false},"author":1,"featured_media":0,"parent":0,"menu_order":0,"comment_status":"closed","ping_status":"closed","template":"","meta":{"ngg_post_thumbnail":0,"footnotes":""},"class_list":["post-21","page","type-page","status-publish","hentry"],"aioseo_notices":[],"_links":{"self":[{"href":"https:\/\/siliconcarbide.net\/lt\/wp-json\/wp\/v2\/pages\/21","targetHints":{"allow":["GET"]}}],"collection":[{"href":"https:\/\/siliconcarbide.net\/lt\/wp-json\/wp\/v2\/pages"}],"about":[{"href":"https:\/\/siliconcarbide.net\/lt\/wp-json\/wp\/v2\/types\/page"}],"author":[{"embeddable":true,"href":"https:\/\/siliconcarbide.net\/lt\/wp-json\/wp\/v2\/users\/1"}],"replies":[{"embeddable":true,"href":"https:\/\/siliconcarbide.net\/lt\/wp-json\/wp\/v2\/comments?post=21"}],"version-history":[{"count":3,"href":"https:\/\/siliconcarbide.net\/lt\/wp-json\/wp\/v2\/pages\/21\/revisions"}],"predecessor-version":[{"id":665,"href":"https:\/\/siliconcarbide.net\/lt\/wp-json\/wp\/v2\/pages\/21\/revisions\/665"}],"wp:attachment":[{"href":"https:\/\/siliconcarbide.net\/lt\/wp-json\/wp\/v2\/media?parent=21"}],"curies":[{"name":"wp","href":"https:\/\/api.w.org\/{rel}","templated":true}]}}