{"id":97,"date":"2015-01-11T18:02:03","date_gmt":"2015-01-11T10:02:03","guid":{"rendered":"http:\/\/siliconcarbide.net\/?page_id=97"},"modified":"2017-10-12T08:15:26","modified_gmt":"2017-10-12T00:15:26","slug":"controllo-qualita","status":"publish","type":"page","link":"https:\/\/siliconcarbide.net\/it\/quality-control\/","title":{"rendered":"Controllo qualit\u00e0"},"content":{"rendered":"<p>\n\tIl costante controllo della qualit\u00e0 durante la produzione \u00e8 la garanzia della buona qualit\u00e0 e della soddisfazione dei nostri clienti. Il rispetto delle specifiche e dei disegni dei nostri clienti sono la base del nostro controllo qualit\u00e0. Utilizziamo molti metodi e attrezzature per ispezionare i prodotti. Inoltre, controlliamo ogni fase della produzione e memorizziamo i dati ai fini della tracciabilit\u00e0.\n<\/p>\n<p>\n\t<!--more-->\n<\/p>\n<p>\n\tnella scelta del materiale appropriato fin dalle prime fasi di progettazione<br \/>\n\tnella scelta del percorso di produzione pi\u00f9 efficace dal punto di vista dei costi<br \/>\n\tnel fornire standard di qualit\u00e0 elevati per il nostro servizio clienti e i nostri prodotti.<br \/>\n\tnel garantire la piena tracciabilit\u00e0 dei nostri processi<br \/>\n\te portare continuamente il nostro sistema di qualit\u00e0 ad una maggiore efficienza \u00e8 una regola\n<\/p>\n<p>\n\tprogettiamo, sviluppiamo e produciamo le nostre ceramiche al carburo di silicio per offrire prestazioni eccellenti in grado di soddisfare una serie di requisiti applicativi di usura abrasiva estrema, corrosione, alte temperature e shock termici. Le nostre ceramiche al carburo di silicio offrono i seguenti vantaggi:<br \/>\n\tFormulazione del materiale con metodi statistici.<br \/>\n\tUtilizzo esclusivo di materie prime costanti e di alta qualit\u00e0.<br \/>\n\tCostruzione interna di stampi, sviluppati internamente, multi materiali, compresa la prototipazione rapida, attrezzature di fresatura CNC.<br \/>\n\tUtensili di lavoro interni per un'alta qualit\u00e0 e una flessibilit\u00e0 costanti.<br \/>\n\tControlli di processo e dettagli di monitoraggio durante l'intera operazione di produzione.<br \/>\n\tControlli del forno che ottimizzano la consistenza della cottura e il tempo di mantenimento e altri; verifica dei risultati monitorata per ogni ciclo completato.\n<\/p>\n<p>\n\tSi prega di trovare gli indicatori per la ceramica in carburo di silicio legata alla reazione\n<\/p>\n<p>\n\t<a href=\"http:\/\/siliconcarbide.net\/wp-content\/uploads\/2015\/01\/Reaction-Bonded-silicon-carbide-ceramic-indicator.pdf\">Indicatore ceramico in carburo di silicio legato alla reazione<\/a>(file PDF)\n<\/p>\n<p>\n\tSi prega di trovare gli indicatori per il Carburo di Silicio Sinterizzato in Ceramica\n<\/p>\n<p>\n\t<a href=\"http:\/\/siliconcarbide.net\/wp-content\/uploads\/2015\/01\/Sintered-Silicon-Carbide-Ceramic-indicator.pdf\">Indicatore ceramico in carburo di silicio sinterizzato<\/a>(file PDF)\n<\/p>\n<p>\n\t<a href=\"http:\/\/siliconcarbide.net\/wp-content\/uploads\/2015\/01\/reaction-bonded-silicon-carbide.jpg\"><img decoding=\"async\" alt=\"carburo di silicio legato per reazione\" class=\"alignnone size-full wp-image-271 lazyload\" height=\"824\" data-src=\"http:\/\/siliconcarbide.net\/wp-content\/uploads\/2015\/01\/reaction-bonded-silicon-carbide.jpg\" width=\"628\" src=\"data:image\/gif;base64,R0lGODlhAQABAAAAACH5BAEKAAEALAAAAAABAAEAAAICTAEAOw==\" style=\"--smush-placeholder-width: 628px; --smush-placeholder-aspect-ratio: 628\/824;\" \/><\/a>\n<\/p>\n<p>\n\t<a href=\"http:\/\/siliconcarbide.net\/wp-content\/uploads\/2015\/01\/silicon-carbide-ceramic-function.jpg\"><img decoding=\"async\" alt=\"carburo di silicio funzione ceramica\" class=\"alignnone size-full wp-image-220 lazyload\" height=\"602\" data-src=\"http:\/\/siliconcarbide.net\/wp-content\/uploads\/2015\/01\/silicon-carbide-ceramic-function.jpg\" width=\"617\" src=\"data:image\/gif;base64,R0lGODlhAQABAAAAACH5BAEKAAEALAAAAAABAAEAAAICTAEAOw==\" style=\"--smush-placeholder-width: 617px; --smush-placeholder-aspect-ratio: 617\/602;\" \/><\/a><\/p>","protected":false},"excerpt":{"rendered":"<p>The constant quality control during manufacturing is the guarantee for the good quality and for the satisfaction of our customer. Meeting the specifications and drawings of our customers are the basis of our quality control. We use many ways and equipment to inspect for products. Also we control every step for producing.We will store&nbsp; data [&hellip;]<\/p>\n","protected":false},"author":1,"featured_media":0,"parent":0,"menu_order":0,"comment_status":"closed","ping_status":"open","template":"","meta":{"ngg_post_thumbnail":0,"footnotes":""},"class_list":["post-97","page","type-page","status-publish","hentry"],"aioseo_notices":[],"_links":{"self":[{"href":"https:\/\/siliconcarbide.net\/it\/wp-json\/wp\/v2\/pages\/97","targetHints":{"allow":["GET"]}}],"collection":[{"href":"https:\/\/siliconcarbide.net\/it\/wp-json\/wp\/v2\/pages"}],"about":[{"href":"https:\/\/siliconcarbide.net\/it\/wp-json\/wp\/v2\/types\/page"}],"author":[{"embeddable":true,"href":"https:\/\/siliconcarbide.net\/it\/wp-json\/wp\/v2\/users\/1"}],"replies":[{"embeddable":true,"href":"https:\/\/siliconcarbide.net\/it\/wp-json\/wp\/v2\/comments?post=97"}],"version-history":[{"count":0,"href":"https:\/\/siliconcarbide.net\/it\/wp-json\/wp\/v2\/pages\/97\/revisions"}],"wp:attachment":[{"href":"https:\/\/siliconcarbide.net\/it\/wp-json\/wp\/v2\/media?parent=97"}],"curies":[{"name":"wp","href":"https:\/\/api.w.org\/{rel}","templated":true}]}}