{"id":9,"date":"2013-08-25T11:29:05","date_gmt":"2013-08-25T03:29:05","guid":{"rendered":"http:\/\/siliconcarbide.net\/?page_id=9"},"modified":"2022-01-23T13:32:48","modified_gmt":"2022-01-23T05:32:48","slug":"circa","status":"publish","type":"page","link":"https:\/\/siliconcarbide.net\/it\/about\/","title":{"rendered":"Circa"},"content":{"rendered":"<p>Siamo a Shanghai in Cina, specializzati nella progettazione e nella fornitura di ceramica di carburo di silicio, come la ceramica di carburo di silicio sinterizzata, la ceramica di carburo di silicio legata alla reazione. Vi invitiamo a discutere il vostro progetto con noi in anticipo per evitare problemi difficili in seguito. Specificheremo i vantaggi di ogni materiale e discuteremo le varie tecniche di lavorazione che \u00e8 adatto. Il carburo di silicio \u00e8 un materiale estremamente duro (durezza Mohs 9), chimicamente inerte e che non fonde. Il carburo di silicio ha un'elevata conducibilit\u00e0 termica, un basso coefficiente di espansione termica, \u00e8 resistente agli shock termici e all'abrasione ed \u00e8 resistente alle alte temperature. Le diverse propriet\u00e0 del carburo di silicio lo rendono un materiale efficace in molte applicazioni diverse. Il vostro qualsiasi commento \u00e8 il supporto pi\u00f9 per noi. Il miglioramento non finir\u00e0 mai. Benvenuto alla vostra inchiesta compreso il requisito! Il controllo di qualit\u00e0 costante durante la produzione \u00e8 la garanzia per la buona qualit\u00e0 e per la soddisfazione del nostro cliente. Il rispetto delle specifiche e dei disegni dei nostri clienti sono la base del nostro controllo di qualit\u00e0. Usiamo molti modi e attrezzature per ispezionare i prodotti. Inoltre, controlliamo ogni fase della produzione e memorizziamo i dati sulla qualit\u00e0 ai fini della tracciabilit\u00e0. Benvenuti a ricevere la vostra richiesta di informazioni, compresi i requisiti e i commenti!<\/p>\n<p><a href=\"http:\/\/siliconcarbide.net\/wp-content\/uploads\/2013\/08\/sisic-ceramic.jpg\"><img decoding=\"async\" class=\"size-full wp-image-280 aligncenter lazyload\" data-src=\"http:\/\/siliconcarbide.net\/wp-content\/uploads\/2013\/08\/sisic-ceramic.jpg\" alt=\"ceramica sisica\" width=\"853\" height=\"640\" data-srcset=\"https:\/\/siliconcarbide.net\/wp-content\/uploads\/2013\/08\/sisic-ceramic.jpg 853w, https:\/\/siliconcarbide.net\/wp-content\/uploads\/2013\/08\/sisic-ceramic-300x225.jpg 300w, https:\/\/siliconcarbide.net\/wp-content\/uploads\/2013\/08\/sisic-ceramic-768x576.jpg 768w\" data-sizes=\"(max-width: 853px) 100vw, 853px\" src=\"data:image\/gif;base64,R0lGODlhAQABAAAAACH5BAEKAAEALAAAAAABAAEAAAICTAEAOw==\" style=\"--smush-placeholder-width: 853px; --smush-placeholder-aspect-ratio: 853\/640;\" \/><\/a><\/p>","protected":false},"excerpt":{"rendered":"<p>We are in shanghai in china,specializing in designing and supplying Silicon Carbide Ceramic,such as sintered silicon carbide ceramic,reaction bonded silicon carbide ceramic.We encourage you to discuss your project with us early to avoid difficult problems later.We will specify benefits of each material and discuss various processing techniques which is suitable.Silicon carbide is a man-made material [&hellip;]<\/p>\n","protected":false},"author":1,"featured_media":0,"parent":0,"menu_order":0,"comment_status":"closed","ping_status":"closed","template":"","meta":{"ngg_post_thumbnail":0,"footnotes":""},"class_list":["post-9","page","type-page","status-publish","hentry"],"aioseo_notices":[],"_links":{"self":[{"href":"https:\/\/siliconcarbide.net\/it\/wp-json\/wp\/v2\/pages\/9","targetHints":{"allow":["GET"]}}],"collection":[{"href":"https:\/\/siliconcarbide.net\/it\/wp-json\/wp\/v2\/pages"}],"about":[{"href":"https:\/\/siliconcarbide.net\/it\/wp-json\/wp\/v2\/types\/page"}],"author":[{"embeddable":true,"href":"https:\/\/siliconcarbide.net\/it\/wp-json\/wp\/v2\/users\/1"}],"replies":[{"embeddable":true,"href":"https:\/\/siliconcarbide.net\/it\/wp-json\/wp\/v2\/comments?post=9"}],"version-history":[{"count":4,"href":"https:\/\/siliconcarbide.net\/it\/wp-json\/wp\/v2\/pages\/9\/revisions"}],"predecessor-version":[{"id":484,"href":"https:\/\/siliconcarbide.net\/it\/wp-json\/wp\/v2\/pages\/9\/revisions\/484"}],"wp:attachment":[{"href":"https:\/\/siliconcarbide.net\/it\/wp-json\/wp\/v2\/media?parent=9"}],"curies":[{"name":"wp","href":"https:\/\/api.w.org\/{rel}","templated":true}]}}