{"id":97,"date":"2015-01-11T18:02:03","date_gmt":"2015-01-11T10:02:03","guid":{"rendered":"http:\/\/siliconcarbide.net\/?page_id=97"},"modified":"2017-10-12T08:15:26","modified_gmt":"2017-10-12T00:15:26","slug":"minosegellenorzes","status":"publish","type":"page","link":"https:\/\/siliconcarbide.net\/hu\/quality-control\/","title":{"rendered":"Min\u0151s\u00e9gellen\u0151rz\u00e9s"},"content":{"rendered":"<p>\n\tA gy\u00e1rt\u00e1s sor\u00e1n v\u00e9gzett folyamatos min\u0151s\u00e9gellen\u0151rz\u00e9s a garancia a j\u00f3 min\u0151s\u00e9gre \u00e9s a vev\u0151ink el\u00e9gedetts\u00e9g\u00e9re. Min\u0151s\u00e9gellen\u0151rz\u00e9s\u00fcnk alapj\u00e1t az \u00fcgyfelek specifik\u00e1ci\u00f3inak \u00e9s rajzainak val\u00f3 megfelel\u00e9s k\u00e9pezi. Sz\u00e1mos m\u00f3dszert \u00e9s berendez\u00e9st haszn\u00e1lunk a term\u00e9kek ellen\u0151rz\u00e9s\u00e9re. Emellett a gy\u00e1rt\u00e1s minden l\u00e9p\u00e9s\u00e9t ellen\u0151rizz\u00fck. a nyomon k\u00f6vethet\u0151s\u00e9g \u00e9rdek\u00e9ben adatokat t\u00e1rolunk.\n<\/p>\n<p>\n\t<!--more-->\n<\/p>\n<p>\n\ta megfelel\u0151 anyag kiv\u00e1laszt\u00e1sa a tervez\u00e9s korai szakasz\u00e1t\u00f3l kezdve<br \/>\n\ta legk\u00f6lts\u00e9ghat\u00e9konyabb gy\u00e1rt\u00e1si \u00fatvonal kiv\u00e1laszt\u00e1sa<br \/>\n\ta vev\u0151szolg\u00e1lat \u00e9s a term\u00e9kek magas min\u0151s\u00e9gi sz\u00ednvonal\u00e1nak biztos\u00edt\u00e1s\u00e1ban<br \/>\n\tfolyamataink teljes nyomon k\u00f6vethet\u0151s\u00e9g\u00e9nek garant\u00e1l\u00e1s\u00e1ban<br \/>\n\t\u00e9s a min\u0151s\u00e9gbiztos\u00edt\u00e1si rendszer\u00fcnk folyamatos hat\u00e9konys\u00e1gn\u00f6vel\u00e9se a szab\u00e1ly\n<\/p>\n<p>\n\tsaj\u00e1t szil\u00edcium-karbid ker\u00e1mi\u00e1kat tervez\u00fcnk, fejleszt\u00fcnk \u00e9s gy\u00e1rtunk, hogy kiv\u00e1l\u00f3 teljes\u00edtm\u00e9nyt ny\u00fajtsunk a k\u00fcl\u00f6nf\u00e9le sz\u00e9ls\u0151s\u00e9ges koptat\u00f3 kop\u00e1si, korr\u00f3zi\u00f3s, magas h\u0151m\u00e9rs\u00e9kleti \u00e9s h\u0151hat\u00e1s-k\u00f6vetelm\u00e9nyeknek val\u00f3 megfelel\u00e9s \u00e9rdek\u00e9ben. Szil\u00edcium-karbid ker\u00e1mi\u00e1ink a k\u00f6vetkez\u0151 el\u0151ny\u00f6ket k\u00edn\u00e1lj\u00e1k:<br \/>\n\tAnyagk\u00e9sz\u00edt\u00e9s statisztikailag tervezett m\u00f3dszerekkel.<br \/>\n\tKiz\u00e1r\u00f3lag k\u00f6vetkezetes, kiv\u00e1l\u00f3 min\u0151s\u00e9g\u0171 nyersanyagok haszn\u00e1lata.<br \/>\n\tH\u00e1zon bel\u00fcli szersz\u00e1mk\u00e9sz\u00edt\u00e9s, saj\u00e1t fejleszt\u00e9s\u0171, t\u00f6bbf\u00e9le anyagb\u00f3l k\u00e9sz\u00fclt, bele\u00e9rtve a gyors protot\u00edpusgy\u00e1rt\u00e1st, CNC-v\u00e1g\u00f3 berendez\u00e9s.<br \/>\n\tH\u00e1zon bel\u00fcli munkaeszk\u00f6z\u00f6k a k\u00f6vetkezetesen magas min\u0151s\u00e9g \u00e9s rugalmass\u00e1g \u00e9rdek\u00e9ben.<br \/>\n\tFolyamatellen\u0151rz\u00e9s \u00e9s nyomon k\u00f6vet\u00e9s r\u00e9szletei a teljes gy\u00e1rt\u00e1si folyamat sor\u00e1n.<br \/>\n\tKemenc\u00e9k vez\u00e9rl\u00e9se, amelyek optimaliz\u00e1lj\u00e1k a t\u00fczel\u00e9si konzisztenci\u00e1t, a tart\u00e1si id\u0151t \u00e9s egyebeket; az eredm\u00e9nyek ellen\u0151rz\u00e9se minden egyes befejezett ciklusban.\n<\/p>\n<p>\n\tK\u00e9rj\u00fck, tal\u00e1lja meg a reakci\u00f3val k\u00f6t\u00f6tt szil\u00edcium-karbid ker\u00e1mia mutat\u00f3it\n<\/p>\n<p>\n\t<a href=\"http:\/\/siliconcarbide.net\/wp-content\/uploads\/2015\/01\/Reaction-Bonded-silicon-carbide-ceramic-indicator.pdf\">Reakci\u00f3hoz k\u00f6t\u00f6tt szil\u00edcium-karbid ker\u00e1mia indik\u00e1tor<\/a>(PDF f\u00e1jl)\n<\/p>\n<p>\n\tK\u00e9rj\u00fck, tal\u00e1lja meg a szinterezett szil\u00edcium-karbid ker\u00e1mia mutat\u00f3it\n<\/p>\n<p>\n\t<a href=\"http:\/\/siliconcarbide.net\/wp-content\/uploads\/2015\/01\/Sintered-Silicon-Carbide-Ceramic-indicator.pdf\">Szinterezett szil\u00edcium-karbid ker\u00e1mia indik\u00e1tor<\/a>(PDF f\u00e1jl)\n<\/p>\n<p>\n\t<a href=\"http:\/\/siliconcarbide.net\/wp-content\/uploads\/2015\/01\/reaction-bonded-silicon-carbide.jpg\"><img decoding=\"async\" alt=\"reakci\u00f3k\u00f6t\u00e9s\u0171 szil\u00edcium-karbid\" class=\"alignnone size-full wp-image-271 lazyload\" height=\"824\" data-src=\"http:\/\/siliconcarbide.net\/wp-content\/uploads\/2015\/01\/reaction-bonded-silicon-carbide.jpg\" width=\"628\" src=\"data:image\/gif;base64,R0lGODlhAQABAAAAACH5BAEKAAEALAAAAAABAAEAAAICTAEAOw==\" style=\"--smush-placeholder-width: 628px; --smush-placeholder-aspect-ratio: 628\/824;\" \/><\/a>\n<\/p>\n<p>\n\t<a href=\"http:\/\/siliconcarbide.net\/wp-content\/uploads\/2015\/01\/silicon-carbide-ceramic-function.jpg\"><img decoding=\"async\" alt=\"szil\u00edcium-karbid ker\u00e1mia funkci\u00f3\" class=\"alignnone size-full wp-image-220 lazyload\" height=\"602\" data-src=\"http:\/\/siliconcarbide.net\/wp-content\/uploads\/2015\/01\/silicon-carbide-ceramic-function.jpg\" width=\"617\" src=\"data:image\/gif;base64,R0lGODlhAQABAAAAACH5BAEKAAEALAAAAAABAAEAAAICTAEAOw==\" style=\"--smush-placeholder-width: 617px; --smush-placeholder-aspect-ratio: 617\/602;\" \/><\/a><\/p>","protected":false},"excerpt":{"rendered":"<p>The constant quality control during manufacturing is the guarantee for the good quality and for the satisfaction of our customer. Meeting the specifications and drawings of our customers are the basis of our quality control. We use many ways and equipment to inspect for products. Also we control every step for producing.We will store&nbsp; data [&hellip;]<\/p>\n","protected":false},"author":1,"featured_media":0,"parent":0,"menu_order":0,"comment_status":"closed","ping_status":"open","template":"","meta":{"ngg_post_thumbnail":0,"footnotes":""},"class_list":["post-97","page","type-page","status-publish","hentry"],"aioseo_notices":[],"_links":{"self":[{"href":"https:\/\/siliconcarbide.net\/hu\/wp-json\/wp\/v2\/pages\/97","targetHints":{"allow":["GET"]}}],"collection":[{"href":"https:\/\/siliconcarbide.net\/hu\/wp-json\/wp\/v2\/pages"}],"about":[{"href":"https:\/\/siliconcarbide.net\/hu\/wp-json\/wp\/v2\/types\/page"}],"author":[{"embeddable":true,"href":"https:\/\/siliconcarbide.net\/hu\/wp-json\/wp\/v2\/users\/1"}],"replies":[{"embeddable":true,"href":"https:\/\/siliconcarbide.net\/hu\/wp-json\/wp\/v2\/comments?post=97"}],"version-history":[{"count":0,"href":"https:\/\/siliconcarbide.net\/hu\/wp-json\/wp\/v2\/pages\/97\/revisions"}],"wp:attachment":[{"href":"https:\/\/siliconcarbide.net\/hu\/wp-json\/wp\/v2\/media?parent=97"}],"curies":[{"name":"wp","href":"https:\/\/api.w.org\/{rel}","templated":true}]}}